{"id":31800,"date":"2026-04-17T00:36:36","date_gmt":"2026-04-17T00:36:36","guid":{"rendered":"https:\/\/singuli.wpress.me\/index.php\/proizvod\/spirax-s2-a-85w140-mjenjacko-ulje-209-l\/"},"modified":"2026-04-20T12:33:06","modified_gmt":"2026-04-20T12:33:06","slug":"spirax-s2-a-85w140-mjenjacko-ulje-209-l","status":"publish","type":"product","link":"https:\/\/singuli.wpress.me\/index.php\/proizvod\/spirax-s2-a-85w140-mjenjacko-ulje-209-l\/","title":{"rendered":"SPIRAX S2 A 85W140, mjenja\u010dko ulje, 209\u00a0l"},"content":{"rendered":"<p>Shell Spirax S2 A 85W-140 je visokokvalitetno ulje posebno prilago\u0111eno za podmazivanje brojnih tipova osovina koje rade u te\u0161kim i zahtjevnim uvjetima. Zahvaljuju\u0107i svojoj formulaciji, ovo ulje pru\u017ea pouzdanu za\u0161titu i osigurava optimalne performanse, \u010dime se produljuje vijek trajanja vitalnih komponenti. Idealno je za primjenu u vozilima i strojevima izlo\u017eenima te\u0161kim optere\u0107enjima.<\/p>\n","protected":false},"excerpt":{"rendered":"<p>Formulirano da podnese visoka optere\u0107enja i osigura pouzdano podmazivanje osovina<br \/>\nPogodno za podmazivanje razli\u010ditih tipova osovina u industrijskom i transportnom sektoru<br \/>\nOsigurava dugotrajnu za\u0161titu komponenti, \u010dime se smanjuju tro\u0161kovi odr\u017eavanja i produ\u017euje radni vijek strojeva<\/p>\n","protected":false},"featured_media":31802,"template":"","meta":{"_seopress_robots_primary_cat":"","_seopress_titles_title":"","_seopress_titles_desc":"","_seopress_robots_index":"","iawp_total_views":0},"product_brand":[371],"product_cat":[243,276],"product_tag":[],"class_list":{"0":"post-31800","1":"product","2":"type-product","3":"status-publish","4":"has-post-thumbnail","6":"product_brand-spirax","7":"product_cat-automobili-i-motori","8":"product_cat-industrijska-i-specijalna-ulja-243","10":"first","11":"outofstock","12":"shipping-taxable","13":"purchasable","14":"product-type-simple"},"_links":{"self":[{"href":"https:\/\/singuli.wpress.me\/index.php\/wp-json\/wp\/v2\/product\/31800","targetHints":{"allow":["GET"]}}],"collection":[{"href":"https:\/\/singuli.wpress.me\/index.php\/wp-json\/wp\/v2\/product"}],"about":[{"href":"https:\/\/singuli.wpress.me\/index.php\/wp-json\/wp\/v2\/types\/product"}],"version-history":[{"count":0,"href":"https:\/\/singuli.wpress.me\/index.php\/wp-json\/wp\/v2\/product\/31800\/revisions"}],"wp:featuredmedia":[{"embeddable":true,"href":"https:\/\/singuli.wpress.me\/index.php\/wp-json\/wp\/v2\/media\/31802"}],"wp:attachment":[{"href":"https:\/\/singuli.wpress.me\/index.php\/wp-json\/wp\/v2\/media?parent=31800"}],"wp:term":[{"taxonomy":"product_brand","embeddable":true,"href":"https:\/\/singuli.wpress.me\/index.php\/wp-json\/wp\/v2\/product_brand?post=31800"},{"taxonomy":"product_cat","embeddable":true,"href":"https:\/\/singuli.wpress.me\/index.php\/wp-json\/wp\/v2\/product_cat?post=31800"},{"taxonomy":"product_tag","embeddable":true,"href":"https:\/\/singuli.wpress.me\/index.php\/wp-json\/wp\/v2\/product_tag?post=31800"}],"curies":[{"name":"wp","href":"https:\/\/api.w.org\/{rel}","templated":true}]}}