{"id":31801,"date":"2026-04-17T00:36:36","date_gmt":"2026-04-17T00:36:36","guid":{"rendered":"https:\/\/singuli.wpress.me\/index.php\/proizvod\/herbal-essences-repair-argan-oil-sampon-za-kosu-350-ml\/"},"modified":"2026-04-20T12:33:06","modified_gmt":"2026-04-20T12:33:06","slug":"herbal-essences-repair-argan-oil-sampon-za-kosu-350-ml","status":"publish","type":"product","link":"https:\/\/singuli.wpress.me\/index.php\/proizvod\/herbal-essences-repair-argan-oil-sampon-za-kosu-350-ml\/","title":{"rendered":"HERBAL ESSENCES Repair Argan Oil, \u0161ampon za kosu, 350\u00a0ml"},"content":{"rendered":"<p>Prepustite se njeguju\u0107em zagrljaju prirode.<br \/>\n\u0160ampon Herbal Essences Argan Oil Repair pomo\u0107i \u0107e nahraniti va\u0161u o\u0161te\u0107enu kosu, ostavljaju\u0107i je mekom i sjajnom, a vi \u0107ete se osje\u0107ati revitalizirano i poletno zahvaljuju\u0107i bogatom, egzoti\u010dnom mirisu. <br \/>\nNa\u0161a kombinacija nutrijenata prirodnog porijekla sadr\u017ei dragocjeno arganovo ulje. Ova veganska formula bez silikona pretvara se rasko\u0161nu pjenu za njegu lomljive kose.<br \/>\nKako bismo donijeli snagu biljaka u va\u0161u kupaonicu, osmislili smo posebnu kombinaciju prirodnih sastojaka.<br \/>\nVratite prirodnu ljepotu svoje kose i probudite osjetila, koriste\u0107i kompletnu rutinu njege iz na\u0161e kolekcije Argan Oil Repair. Tako\u0111er se preporu\u010duje potro\u0161a\u010dima koji tra\u017ee proizvode za kovr\u010davu kosu. <\/p>\n","protected":false},"excerpt":{"rendered":"<p>U\u017eivajte u bogatoj, prirodnoj pjeni koja \u010disti i obnavlja<br \/>\nDubinski hrani o\u0161te\u0107ene vlasi kose<br \/>\nReciklabilna ambala\u017ea<\/p>\n","protected":false},"featured_media":31803,"template":"","meta":{"_seopress_robots_primary_cat":"","_seopress_titles_title":"","_seopress_titles_desc":"","_seopress_robots_index":"","iawp_total_views":0},"product_brand":[483],"product_cat":[268,300],"product_tag":[],"class_list":{"0":"post-31801","1":"product","2":"type-product","3":"status-publish","4":"has-post-thumbnail","6":"product_brand-herbal-essences","7":"product_cat-kozmetika-2","8":"product_cat-njega-kose-268","10":"first","11":"instock","12":"shipping-taxable","13":"purchasable","14":"product-type-simple"},"_links":{"self":[{"href":"https:\/\/singuli.wpress.me\/index.php\/wp-json\/wp\/v2\/product\/31801","targetHints":{"allow":["GET"]}}],"collection":[{"href":"https:\/\/singuli.wpress.me\/index.php\/wp-json\/wp\/v2\/product"}],"about":[{"href":"https:\/\/singuli.wpress.me\/index.php\/wp-json\/wp\/v2\/types\/product"}],"version-history":[{"count":0,"href":"https:\/\/singuli.wpress.me\/index.php\/wp-json\/wp\/v2\/product\/31801\/revisions"}],"wp:featuredmedia":[{"embeddable":true,"href":"https:\/\/singuli.wpress.me\/index.php\/wp-json\/wp\/v2\/media\/31803"}],"wp:attachment":[{"href":"https:\/\/singuli.wpress.me\/index.php\/wp-json\/wp\/v2\/media?parent=31801"}],"wp:term":[{"taxonomy":"product_brand","embeddable":true,"href":"https:\/\/singuli.wpress.me\/index.php\/wp-json\/wp\/v2\/product_brand?post=31801"},{"taxonomy":"product_cat","embeddable":true,"href":"https:\/\/singuli.wpress.me\/index.php\/wp-json\/wp\/v2\/product_cat?post=31801"},{"taxonomy":"product_tag","embeddable":true,"href":"https:\/\/singuli.wpress.me\/index.php\/wp-json\/wp\/v2\/product_tag?post=31801"}],"curies":[{"name":"wp","href":"https:\/\/api.w.org\/{rel}","templated":true}]}}