{"id":31804,"date":"2026-04-17T00:36:37","date_gmt":"2026-04-17T00:36:37","guid":{"rendered":"https:\/\/singuli.wpress.me\/index.php\/proizvod\/herbal-essences-hydrate-coconut-sampon-za-kosu-350-ml\/"},"modified":"2026-04-20T12:33:06","modified_gmt":"2026-04-20T12:33:06","slug":"herbal-essences-hydrate-coconut-sampon-za-kosu-350-ml","status":"publish","type":"product","link":"https:\/\/singuli.wpress.me\/index.php\/proizvod\/herbal-essences-hydrate-coconut-sampon-za-kosu-350-ml\/","title":{"rendered":"HERBAL ESSENCES Hydrate Coconut, \u0161ampon za kosu, 350\u00a0ml"},"content":{"rendered":"<p>U\u017eivajte u tropskom raju uz na\u0161e proizvode koji donose prirodu u va\u0161 dom. <br \/>\n\u0160ampon Herbal Essences Coconut Scent Hydrate poma\u017ee njegovati vrlo suhu kosu, a vama ostavlja osje\u0107aj uravnote\u017eenosti pri \u010demu se blagi miris kokosa prenosi do svih osjetila. <br \/>\nNa\u0161a kombinacija nutrijenata prirodnog porijekla sadr\u017ei ekstrakt kokosa, a veganska formula bez silikona pretvara se u rasko\u0161nu pjenu koja gasi \u017ee\u0111 suhe kose. Kako bismo donijeli snagu biljaka u va\u0161u kupaonicu, osmislili smo posebnu kombinaciju prirodnih sastojaka.<br \/>\n Nahranite prirodnu ljepotu svoje kose i opustite se koriste\u0107i kompletnu rutinu njege iz na\u0161e kolekcije Coconut Scent Hydrate. Tako\u0111er se preporu\u010duje potro\u0161a\u010dima koji tra\u017ee proizvode za kovr\u010davu kosu. <\/p>\n","protected":false},"excerpt":{"rendered":"<p>Za hidratacijsku njegu kose<br \/>\nOboga\u0107ena ekstraktom kokosa<br \/>\nReciklabilna ambala\u017ea<\/p>\n","protected":false},"featured_media":31806,"template":"","meta":{"_seopress_robots_primary_cat":"","_seopress_titles_title":"","_seopress_titles_desc":"","_seopress_robots_index":"","iawp_total_views":0},"product_brand":[483],"product_cat":[268,300],"product_tag":[],"class_list":{"0":"post-31804","1":"product","2":"type-product","3":"status-publish","4":"has-post-thumbnail","6":"product_brand-herbal-essences","7":"product_cat-kozmetika-2","8":"product_cat-njega-kose-268","10":"first","11":"instock","12":"shipping-taxable","13":"purchasable","14":"product-type-simple"},"_links":{"self":[{"href":"https:\/\/singuli.wpress.me\/index.php\/wp-json\/wp\/v2\/product\/31804","targetHints":{"allow":["GET"]}}],"collection":[{"href":"https:\/\/singuli.wpress.me\/index.php\/wp-json\/wp\/v2\/product"}],"about":[{"href":"https:\/\/singuli.wpress.me\/index.php\/wp-json\/wp\/v2\/types\/product"}],"version-history":[{"count":0,"href":"https:\/\/singuli.wpress.me\/index.php\/wp-json\/wp\/v2\/product\/31804\/revisions"}],"wp:featuredmedia":[{"embeddable":true,"href":"https:\/\/singuli.wpress.me\/index.php\/wp-json\/wp\/v2\/media\/31806"}],"wp:attachment":[{"href":"https:\/\/singuli.wpress.me\/index.php\/wp-json\/wp\/v2\/media?parent=31804"}],"wp:term":[{"taxonomy":"product_brand","embeddable":true,"href":"https:\/\/singuli.wpress.me\/index.php\/wp-json\/wp\/v2\/product_brand?post=31804"},{"taxonomy":"product_cat","embeddable":true,"href":"https:\/\/singuli.wpress.me\/index.php\/wp-json\/wp\/v2\/product_cat?post=31804"},{"taxonomy":"product_tag","embeddable":true,"href":"https:\/\/singuli.wpress.me\/index.php\/wp-json\/wp\/v2\/product_tag?post=31804"}],"curies":[{"name":"wp","href":"https:\/\/api.w.org\/{rel}","templated":true}]}}