{"id":31813,"date":"2026-04-17T00:36:40","date_gmt":"2026-04-17T00:36:40","guid":{"rendered":"https:\/\/singuli.wpress.me\/index.php\/proizvod\/herbal-essences-soft-rose-maska-za-kosu-300-ml\/"},"modified":"2026-04-21T00:26:36","modified_gmt":"2026-04-21T00:26:36","slug":"herbal-essences-soft-rose-maska-za-kosu-300-ml","status":"publish","type":"product","link":"https:\/\/singuli.wpress.me\/index.php\/proizvod\/herbal-essences-soft-rose-maska-za-kosu-300-ml\/","title":{"rendered":"HERBAL ESSENCES Soft Rose, maska za kosu, 300\u00a0ml"},"content":{"rendered":"<p>Pred vama je vi\u0161e ru\u017ei\u010dastih dana. <br \/>\nMaska za kosu Herbal Essences Rose Scent Petal Soft poma\u017ee transformirati suhu kosu u izuzetno svilenkastu, a s vama \u0107e ostati poletan cvjetni miris. <br \/>\nNa\u0161a kombinacija nutrijenata prirodnog porijekla sadr\u017ei pravu esenciju ru\u017ea, ru\u010dno ubranih u Grasseu u Francuskoj. Rezultat je veganska formula koja nije testirana na \u017eivotinjama, a koja \u010dini kosu dubinski hidratiziranom od prve upotrebe. <br \/>\nNa\u0161a intenzivna hranjiva maska njeguje \u017eednu kosu, pa je kosa mekana poput latica i miri\u0161e predivno slatko. <br \/>\nKako bismo donijeli snagu biljaka u va\u0161u kupaonicu, osmislili smo posebnu kombinaciju prirodnih sastojaka. <br \/>\nVratite prirodnu ljepotu svoje kose i probudite osjetila, koriste\u0107i kompletnu rutinu njege na\u0161e kolekcije Rose Scent Petal Soft. <\/p>\n","protected":false},"excerpt":{"rendered":"<p>U\u017eivajte u predivnoj meko\u0107i<br \/>\nOboga\u0107ena pravom esencijom ru\u017ea<br \/>\nReciklabilna ambala\u017ea<\/p>\n","protected":false},"featured_media":31814,"template":"","meta":{"_seopress_robots_primary_cat":"","_seopress_titles_title":"","_seopress_titles_desc":"","_seopress_robots_index":"","iawp_total_views":0},"product_brand":[483],"product_cat":[268,300],"product_tag":[],"class_list":{"0":"post-31813","1":"product","2":"type-product","3":"status-publish","4":"has-post-thumbnail","6":"product_brand-herbal-essences","7":"product_cat-kozmetika-2","8":"product_cat-njega-kose-268","10":"first","11":"instock","12":"shipping-taxable","13":"purchasable","14":"product-type-simple"},"_links":{"self":[{"href":"https:\/\/singuli.wpress.me\/index.php\/wp-json\/wp\/v2\/product\/31813","targetHints":{"allow":["GET"]}}],"collection":[{"href":"https:\/\/singuli.wpress.me\/index.php\/wp-json\/wp\/v2\/product"}],"about":[{"href":"https:\/\/singuli.wpress.me\/index.php\/wp-json\/wp\/v2\/types\/product"}],"version-history":[{"count":0,"href":"https:\/\/singuli.wpress.me\/index.php\/wp-json\/wp\/v2\/product\/31813\/revisions"}],"wp:featuredmedia":[{"embeddable":true,"href":"https:\/\/singuli.wpress.me\/index.php\/wp-json\/wp\/v2\/media\/31814"}],"wp:attachment":[{"href":"https:\/\/singuli.wpress.me\/index.php\/wp-json\/wp\/v2\/media?parent=31813"}],"wp:term":[{"taxonomy":"product_brand","embeddable":true,"href":"https:\/\/singuli.wpress.me\/index.php\/wp-json\/wp\/v2\/product_brand?post=31813"},{"taxonomy":"product_cat","embeddable":true,"href":"https:\/\/singuli.wpress.me\/index.php\/wp-json\/wp\/v2\/product_cat?post=31813"},{"taxonomy":"product_tag","embeddable":true,"href":"https:\/\/singuli.wpress.me\/index.php\/wp-json\/wp\/v2\/product_tag?post=31813"}],"curies":[{"name":"wp","href":"https:\/\/api.w.org\/{rel}","templated":true}]}}