{"id":31816,"date":"2026-04-17T00:36:41","date_gmt":"2026-04-17T00:36:41","guid":{"rendered":"https:\/\/singuli.wpress.me\/index.php\/proizvod\/herbal-essences-hydrate-coconut-maska-za-kosu-300-ml\/"},"modified":"2026-04-20T12:33:06","modified_gmt":"2026-04-20T12:33:06","slug":"herbal-essences-hydrate-coconut-maska-za-kosu-300-ml","status":"publish","type":"product","link":"https:\/\/singuli.wpress.me\/index.php\/proizvod\/herbal-essences-hydrate-coconut-maska-za-kosu-300-ml\/","title":{"rendered":"HERBAL ESSENCES Hydrate Coconut, maska za kosu, 300\u00a0ml"},"content":{"rendered":"<p>U\u017eivajte u tropskom raju uz na\u0161e proizvode koji donose prirodu u va\u0161 dom. <br \/>\nMaska za kosu Herbal Essences Coconut Scent Hydrate poma\u017ee njegovati vrlo suhu kosu, a vama ostavlja osje\u0107aj uravnote\u017eenosti pri \u010demu se blagi miris kokosa prenosi do svih osjetila. Na\u0161a kombinacija nutrijenata prirodnog porijekla sadr\u017ei ekstrakt kokosa, pa ova stru\u010dna veganska formula u\u010dinkovito gasi \u017ee\u0111 suhe kose. <br \/>\nLuksuzna, kremasta maska za kosu u trenu dugotrajno hidratizira, pru\u017eaju\u0107i vam osje\u0107aj intenzivno njegovane kose od prve upotrebe. Kako bismo donijeli snagu biljaka u va\u0161u kupaonicu, osmislili smo posebnu kombinaciju prirodnih sastojaka. <br \/>\n Nahranite prirodnu ljepotu svoje kose i opustite se koriste\u0107i kompletnu rutinu njege na\u0161e kolekcije Coconut Scent Hydrate. Tako\u0111er se preporu\u010duje potro\u0161a\u010dima koji tra\u017ee proizvode za kovr\u010davu kosu. <\/p>\n","protected":false},"excerpt":{"rendered":"<p>Dugotrajni u\u010dinak hidratacije od prve upotrebe<br \/>\nOboga\u0107ena ekstraktom kokosa<br \/>\nReciklabilna ambala\u017ea<\/p>\n","protected":false},"featured_media":31818,"template":"","meta":{"_seopress_robots_primary_cat":"","_seopress_titles_title":"","_seopress_titles_desc":"","_seopress_robots_index":"","iawp_total_views":0},"product_brand":[483],"product_cat":[268,300],"product_tag":[],"class_list":{"0":"post-31816","1":"product","2":"type-product","3":"status-publish","4":"has-post-thumbnail","6":"product_brand-herbal-essences","7":"product_cat-kozmetika-2","8":"product_cat-njega-kose-268","10":"first","11":"outofstock","12":"shipping-taxable","13":"purchasable","14":"product-type-simple"},"_links":{"self":[{"href":"https:\/\/singuli.wpress.me\/index.php\/wp-json\/wp\/v2\/product\/31816","targetHints":{"allow":["GET"]}}],"collection":[{"href":"https:\/\/singuli.wpress.me\/index.php\/wp-json\/wp\/v2\/product"}],"about":[{"href":"https:\/\/singuli.wpress.me\/index.php\/wp-json\/wp\/v2\/types\/product"}],"version-history":[{"count":0,"href":"https:\/\/singuli.wpress.me\/index.php\/wp-json\/wp\/v2\/product\/31816\/revisions"}],"wp:featuredmedia":[{"embeddable":true,"href":"https:\/\/singuli.wpress.me\/index.php\/wp-json\/wp\/v2\/media\/31818"}],"wp:attachment":[{"href":"https:\/\/singuli.wpress.me\/index.php\/wp-json\/wp\/v2\/media?parent=31816"}],"wp:term":[{"taxonomy":"product_brand","embeddable":true,"href":"https:\/\/singuli.wpress.me\/index.php\/wp-json\/wp\/v2\/product_brand?post=31816"},{"taxonomy":"product_cat","embeddable":true,"href":"https:\/\/singuli.wpress.me\/index.php\/wp-json\/wp\/v2\/product_cat?post=31816"},{"taxonomy":"product_tag","embeddable":true,"href":"https:\/\/singuli.wpress.me\/index.php\/wp-json\/wp\/v2\/product_tag?post=31816"}],"curies":[{"name":"wp","href":"https:\/\/api.w.org\/{rel}","templated":true}]}}