{"id":31837,"date":"2026-04-17T00:36:49","date_gmt":"2026-04-17T00:36:49","guid":{"rendered":"https:\/\/singuli.wpress.me\/index.php\/proizvod\/jar-platinum-plus-lemon-kapsule-za-strojno-pranje-posuda-114-kom\/"},"modified":"2026-04-20T12:33:06","modified_gmt":"2026-04-20T12:33:06","slug":"jar-platinum-plus-lemon-kapsule-za-strojno-pranje-posuda-114-kom","status":"publish","type":"product","link":"https:\/\/singuli.wpress.me\/index.php\/proizvod\/jar-platinum-plus-lemon-kapsule-za-strojno-pranje-posuda-114-kom\/","title":{"rendered":"JAR Platinum Plus Lemon, kapsule za strojno pranje posu\u0111a, 114\u00a0kom"},"content":{"rendered":"<p>Kapsule za automatsku perilicu posu\u0111a. Imaju u\u010dinak \u010di\u0161\u0107enja ve\u0107 od prvog pranja. Zahvaljuju\u0107i svom sastavu, uklanjaju i najtvrdokorniju prljav\u0161tinu i ostavljaju posu\u0111e blistavo \u010distim. Jar kombinira teku\u0107i i pra\u0161kasti deterd\u017eent za pranje posu\u0111a u jednoj u\u010dinkovitoj kapsuli. Omota\u010d se brzo otapa i dobro funkcionira \u010dak i uz kratke cikluse, tako da se posu\u0111e odmah po\u010dinje prati.<\/p>\n","protected":false},"excerpt":{"rendered":"<p>Ostavljaju posu\u0111e \u010distim<br \/>\nPakiranje sadr\u017ei 114 kom<br \/>\nIspitano za kori\u0161tenje u svim automatskim perilicama posu\u0111a<\/p>\n","protected":false},"featured_media":31839,"template":"","meta":{"_seopress_robots_primary_cat":"","_seopress_titles_title":"","_seopress_titles_desc":"","_seopress_robots_index":"","iawp_total_views":0},"product_brand":[454],"product_cat":[314,238],"product_tag":[],"class_list":{"0":"post-31837","1":"product","2":"type-product","3":"status-publish","4":"has-post-thumbnail","6":"product_brand-jar","7":"product_cat-pranje-posuda-238","8":"product_cat-sve-za-dom","10":"first","11":"outofstock","12":"shipping-taxable","13":"purchasable","14":"product-type-simple"},"_links":{"self":[{"href":"https:\/\/singuli.wpress.me\/index.php\/wp-json\/wp\/v2\/product\/31837","targetHints":{"allow":["GET"]}}],"collection":[{"href":"https:\/\/singuli.wpress.me\/index.php\/wp-json\/wp\/v2\/product"}],"about":[{"href":"https:\/\/singuli.wpress.me\/index.php\/wp-json\/wp\/v2\/types\/product"}],"version-history":[{"count":0,"href":"https:\/\/singuli.wpress.me\/index.php\/wp-json\/wp\/v2\/product\/31837\/revisions"}],"wp:featuredmedia":[{"embeddable":true,"href":"https:\/\/singuli.wpress.me\/index.php\/wp-json\/wp\/v2\/media\/31839"}],"wp:attachment":[{"href":"https:\/\/singuli.wpress.me\/index.php\/wp-json\/wp\/v2\/media?parent=31837"}],"wp:term":[{"taxonomy":"product_brand","embeddable":true,"href":"https:\/\/singuli.wpress.me\/index.php\/wp-json\/wp\/v2\/product_brand?post=31837"},{"taxonomy":"product_cat","embeddable":true,"href":"https:\/\/singuli.wpress.me\/index.php\/wp-json\/wp\/v2\/product_cat?post=31837"},{"taxonomy":"product_tag","embeddable":true,"href":"https:\/\/singuli.wpress.me\/index.php\/wp-json\/wp\/v2\/product_tag?post=31837"}],"curies":[{"name":"wp","href":"https:\/\/api.w.org\/{rel}","templated":true}]}}