{"id":31850,"date":"2026-04-17T00:36:56","date_gmt":"2026-04-17T00:36:56","guid":{"rendered":"https:\/\/singuli.wpress.me\/index.php\/proizvod\/omala-s4-we-320-industrijsko-reduktorsko-ulje-209-l\/"},"modified":"2026-04-20T12:33:06","modified_gmt":"2026-04-20T12:33:06","slug":"omala-s4-we-320-industrijsko-reduktorsko-ulje-209-l","status":"publish","type":"product","link":"https:\/\/singuli.wpress.me\/index.php\/proizvod\/omala-s4-we-320-industrijsko-reduktorsko-ulje-209-l\/","title":{"rendered":"OMALA S4 WE 320, industrijsko reduktorsko ulje, 209\u00a0l"},"content":{"rendered":"<p>Shell Omala S4 WE su napredna sinteti\u010dka ulja, dizajnirana za podmazivanje te\u0161ko optere\u0107enih industrijskih pu\u017enih reduktora. Proizvedena su od pa\u017eljivo odabranih polialkilen-glikol baznih ulja i posebnih aditiva, osiguravaju\u0107i izvanredne performanse pod te\u0161kim operativnim uvjetima. Ova ulja pru\u017eaju pobolj\u0161anu energetsku u\u010dinkovitost stroja, dug servisni interval i visoku otpornost prema mikropitingu, \u010dime se zna\u010dajno produljuje vijek trajanja opreme.<\/p>\n","protected":false},"excerpt":{"rendered":"<p>Formulirano na bazi polialkilen-glikola za vrhunske performanse<br \/>\nSmanjuje potro\u0161nju energije i optimizira rad stroja<br \/>\nOmogu\u0107uje produ\u017eeno razdoblje izme\u0111u izmjena ulja, smanjuju\u0107i tro\u0161kove odr\u017eavanja<\/p>\n","protected":false},"featured_media":31852,"template":"","meta":{"_seopress_robots_primary_cat":"","_seopress_titles_title":"","_seopress_titles_desc":"","_seopress_robots_index":"","iawp_total_views":0},"product_brand":[431],"product_cat":[243,276],"product_tag":[],"class_list":{"0":"post-31850","1":"product","2":"type-product","3":"status-publish","4":"has-post-thumbnail","6":"product_brand-omala","7":"product_cat-automobili-i-motori","8":"product_cat-industrijska-i-specijalna-ulja-243","10":"first","11":"outofstock","12":"shipping-taxable","13":"purchasable","14":"product-type-simple"},"_links":{"self":[{"href":"https:\/\/singuli.wpress.me\/index.php\/wp-json\/wp\/v2\/product\/31850","targetHints":{"allow":["GET"]}}],"collection":[{"href":"https:\/\/singuli.wpress.me\/index.php\/wp-json\/wp\/v2\/product"}],"about":[{"href":"https:\/\/singuli.wpress.me\/index.php\/wp-json\/wp\/v2\/types\/product"}],"version-history":[{"count":0,"href":"https:\/\/singuli.wpress.me\/index.php\/wp-json\/wp\/v2\/product\/31850\/revisions"}],"wp:featuredmedia":[{"embeddable":true,"href":"https:\/\/singuli.wpress.me\/index.php\/wp-json\/wp\/v2\/media\/31852"}],"wp:attachment":[{"href":"https:\/\/singuli.wpress.me\/index.php\/wp-json\/wp\/v2\/media?parent=31850"}],"wp:term":[{"taxonomy":"product_brand","embeddable":true,"href":"https:\/\/singuli.wpress.me\/index.php\/wp-json\/wp\/v2\/product_brand?post=31850"},{"taxonomy":"product_cat","embeddable":true,"href":"https:\/\/singuli.wpress.me\/index.php\/wp-json\/wp\/v2\/product_cat?post=31850"},{"taxonomy":"product_tag","embeddable":true,"href":"https:\/\/singuli.wpress.me\/index.php\/wp-json\/wp\/v2\/product_tag?post=31850"}],"curies":[{"name":"wp","href":"https:\/\/api.w.org\/{rel}","templated":true}]}}