{"id":31854,"date":"2026-04-17T00:36:58","date_gmt":"2026-04-17T00:36:58","guid":{"rendered":"https:\/\/singuli.wpress.me\/index.php\/proizvod\/gadus-s3-v460d-2-visenamjenska-mast-180-kg-2\/"},"modified":"2026-04-17T00:36:58","modified_gmt":"2026-04-17T00:36:58","slug":"gadus-s3-v460d-2-visenamjenska-mast-180-kg-2","status":"publish","type":"product","link":"https:\/\/singuli.wpress.me\/index.php\/proizvod\/gadus-s3-v460d-2-visenamjenska-mast-180-kg-2\/","title":{"rendered":"GADUS S3 V460D 2, vi\u0161enamjenska mast, 180\u00a0kg"},"content":{"rendered":"<p>Vrhunska vi\u0161enamjenska visokotemperaturna mast namijenjena sporo kretaju\u0107im te\u0161ko optere\u0107enim le\u017eajevima koji su pod utjecajem udarnih optere\u0107enja. Bazirane su na mineralnim uljima visokog indeksa viskoznosti i litijskog kompleksa kao zgu\u0161njiva\u010da na bazi sapuna. Osim vrhunskih aditiva koji osiguravaju izvrsnu otornost na visoke temperature, anti korozijska i antioksidativna svojstva, tako\u0111er sadr\u017ee \u010dvrste tvari za bolju otpornost na udarna optere\u0107enja. <br \/>\n<span style=\"font-weight: bold\">Specifikacije:<\/span> Komatsu Mining (Germany), Terex, BE, Dieffenbacher, Konecranes, CMI, Flat Products Equipment, Pfeiffer, Voith Paper Enviromental, Rothe Erde. Za potpunu listu specifikacija kontaktirajte tehni\u010dkog predstavnika.<\/p>\n","protected":false},"excerpt":{"rendered":"<p>Vrhunska vi\u0161enamjenska visokotemperaturna mast<br \/>\nNamijenjena sporo kretaju\u0107im te\u0161ko optere\u0107enim le\u017eajevima koji su pod utjecajem udarnih optere\u0107enja<br \/>\nBazirane su na mineralnim uljima visokog indeksa viskoznosti i litijskog kompleksa kao zgu\u0161njiva\u010da na bazi sapuna<\/p>\n","protected":false},"featured_media":31856,"template":"","meta":{"_seopress_robots_primary_cat":"","_seopress_titles_title":"","_seopress_titles_desc":"","_seopress_robots_index":"","iawp_total_views":0},"product_brand":[413],"product_cat":[268,278],"product_tag":[],"class_list":{"0":"post-31854","1":"product","2":"type-product","3":"status-publish","4":"has-post-thumbnail","6":"product_brand-gadus","7":"product_cat-kozmetika-2","8":"product_cat-njega-tijela-268","10":"first","11":"outofstock","12":"shipping-taxable","13":"purchasable","14":"product-type-simple"},"_links":{"self":[{"href":"https:\/\/singuli.wpress.me\/index.php\/wp-json\/wp\/v2\/product\/31854","targetHints":{"allow":["GET"]}}],"collection":[{"href":"https:\/\/singuli.wpress.me\/index.php\/wp-json\/wp\/v2\/product"}],"about":[{"href":"https:\/\/singuli.wpress.me\/index.php\/wp-json\/wp\/v2\/types\/product"}],"version-history":[{"count":0,"href":"https:\/\/singuli.wpress.me\/index.php\/wp-json\/wp\/v2\/product\/31854\/revisions"}],"wp:featuredmedia":[{"embeddable":true,"href":"https:\/\/singuli.wpress.me\/index.php\/wp-json\/wp\/v2\/media\/31856"}],"wp:attachment":[{"href":"https:\/\/singuli.wpress.me\/index.php\/wp-json\/wp\/v2\/media?parent=31854"}],"wp:term":[{"taxonomy":"product_brand","embeddable":true,"href":"https:\/\/singuli.wpress.me\/index.php\/wp-json\/wp\/v2\/product_brand?post=31854"},{"taxonomy":"product_cat","embeddable":true,"href":"https:\/\/singuli.wpress.me\/index.php\/wp-json\/wp\/v2\/product_cat?post=31854"},{"taxonomy":"product_tag","embeddable":true,"href":"https:\/\/singuli.wpress.me\/index.php\/wp-json\/wp\/v2\/product_tag?post=31854"}],"curies":[{"name":"wp","href":"https:\/\/api.w.org\/{rel}","templated":true}]}}