{"id":31870,"date":"2026-04-17T00:37:09","date_gmt":"2026-04-17T00:37:09","guid":{"rendered":"https:\/\/singuli.wpress.me\/index.php\/proizvod\/gillette-fusion5-razor-for-men-brijac-s-zamjenskim-britvicama\/"},"modified":"2026-04-21T00:26:36","modified_gmt":"2026-04-21T00:26:36","slug":"gillette-fusion5-razor-for-men-brijac-s-zamjenskim-britvicama","status":"publish","type":"product","link":"https:\/\/singuli.wpress.me\/index.php\/proizvod\/gillette-fusion5-razor-for-men-brijac-s-zamjenskim-britvicama\/","title":{"rendered":"GILLETTE Fusion5 Razor For Men, brija\u010d s zamjenskim britvicama"},"content":{"rendered":"<p>U\u017eivajte u temeljitijem, dugotrajnijem brijanju s brija\u010dem za mu\u0161karce Gillette Fusion5. Ima ergonomsku dr\u0161ku pru\u017ea vam kontrolu. Tu je i pet o\u0161trica koje smanjuju trenje za temeljitije brijanje te precizni trimer za te\u0161ko dostupna podru\u010dja., a ve\u0107a lubrikantna trakica vla\u017ei ko\u017eu nakon prolaska o\u0161trica, za glatko klizanje tijekom brijanja.* Brinete se da ne\u0107e odgovarati va\u0161oj dr\u0161ki Gillette? Sve zamjenske britvice Fusion5 kompatibilne su sa svim dr\u0161kama brija\u010da Gillette Fusion5. Svaka zamjenska britvica traje do mjesec dana, \u0161to vam omogu\u0107uje da prilagodite brijanje i potpuno iskoristite svaku o\u0161tricu.<\/p>\n","protected":false},"excerpt":{"rendered":"<p>Temeljitije, dugotrajnije brijanje<br \/>\n2 zamjenske britvice u pakiranju<br \/>\nSvaka zamjenska britvica Gillette Fusion5 mo\u017ee vam pru\u017eiti do 20 ugodnih brijanja<\/p>\n","protected":false},"featured_media":31872,"template":"","meta":{"_seopress_robots_primary_cat":"","_seopress_titles_title":"","_seopress_titles_desc":"","_seopress_robots_index":"","iawp_total_views":0},"product_brand":[323],"product_cat":[280,192,279],"product_tag":[],"class_list":{"0":"post-31870","1":"product","2":"type-product","3":"status-publish","4":"has-post-thumbnail","6":"product_brand-gillette","7":"product_cat-aparati-za-muskarce-279","8":"product_cat-aparati-za-osobnu-njegu","9":"product_cat-brijanje-i-sisanje-192","11":"first","12":"instock","13":"shipping-taxable","14":"purchasable","15":"product-type-simple"},"_links":{"self":[{"href":"https:\/\/singuli.wpress.me\/index.php\/wp-json\/wp\/v2\/product\/31870","targetHints":{"allow":["GET"]}}],"collection":[{"href":"https:\/\/singuli.wpress.me\/index.php\/wp-json\/wp\/v2\/product"}],"about":[{"href":"https:\/\/singuli.wpress.me\/index.php\/wp-json\/wp\/v2\/types\/product"}],"version-history":[{"count":0,"href":"https:\/\/singuli.wpress.me\/index.php\/wp-json\/wp\/v2\/product\/31870\/revisions"}],"wp:featuredmedia":[{"embeddable":true,"href":"https:\/\/singuli.wpress.me\/index.php\/wp-json\/wp\/v2\/media\/31872"}],"wp:attachment":[{"href":"https:\/\/singuli.wpress.me\/index.php\/wp-json\/wp\/v2\/media?parent=31870"}],"wp:term":[{"taxonomy":"product_brand","embeddable":true,"href":"https:\/\/singuli.wpress.me\/index.php\/wp-json\/wp\/v2\/product_brand?post=31870"},{"taxonomy":"product_cat","embeddable":true,"href":"https:\/\/singuli.wpress.me\/index.php\/wp-json\/wp\/v2\/product_cat?post=31870"},{"taxonomy":"product_tag","embeddable":true,"href":"https:\/\/singuli.wpress.me\/index.php\/wp-json\/wp\/v2\/product_tag?post=31870"}],"curies":[{"name":"wp","href":"https:\/\/api.w.org\/{rel}","templated":true}]}}