{"id":31880,"date":"2026-04-17T00:37:14","date_gmt":"2026-04-17T00:37:14","guid":{"rendered":"https:\/\/singuli.wpress.me\/index.php\/proizvod\/hot-wheels-tematski-autic\/"},"modified":"2026-04-20T12:33:06","modified_gmt":"2026-04-20T12:33:06","slug":"hot-wheels-tematski-autic","status":"publish","type":"product","link":"https:\/\/singuli.wpress.me\/index.php\/proizvod\/hot-wheels-tematski-autic\/","title":{"rendered":"HOT WHEELS Tematski, auti\u0107"},"content":{"rendered":"<p><span style=\"font-weight: bold\">Hot Wheels tematski auti\u0107i<\/span> su visokokvalitetne mini replike popularnih vozila, dizajnirani za sve ljubitelje brzine i automobilske industrije. Svaki auti\u0107 veli\u010dine 1:64 dolazi s detaljno osmi\u0161ljenim dizajnom i prepoznatljivim elementima, inspiriranim razli\u010ditim temama poput filmskih fran\u0161iza, trka\u0107ih automobila, futuristi\u010dkih vozila i mnogih drugih. Ovi auti\u0107i imaju precizne detalje, ekskluzivne kota\u010de i atraktivne boje, \u0161to ih \u010dini savr\u0161enim za kolekcionare i zabavu. Idealni su za igru, izlaganje ili nadopunjavanje kolekcije, a raznovrsne tematske verzije \u010dine ih jo\u0161 po\u017eeljnijima me\u0111u obo\u017eavateljima. Svaki auti\u0107 prodaje se zasebno, a stilovi, boje i ukrasi mogu se razlikovati.<\/p>\n","protected":false},"excerpt":{"rendered":"<p>Savr\u0161eni za kolekcionare i zabavu<br \/>\nVisokokvalitetne mini replike<br \/>\nDob: 3+ god<\/p>\n","protected":false},"featured_media":31882,"template":"","meta":{"_seopress_robots_primary_cat":"","_seopress_titles_title":"","_seopress_titles_desc":"","_seopress_robots_index":"","iawp_total_views":0},"product_brand":[429],"product_cat":[243,273],"product_tag":[],"class_list":{"0":"post-31880","1":"product","2":"type-product","3":"status-publish","4":"has-post-thumbnail","6":"product_brand-hot-wheels","7":"product_cat-automobili-i-motori","8":"product_cat-njega-vozila-243","10":"first","11":"outofstock","12":"shipping-taxable","13":"purchasable","14":"product-type-simple"},"_links":{"self":[{"href":"https:\/\/singuli.wpress.me\/index.php\/wp-json\/wp\/v2\/product\/31880","targetHints":{"allow":["GET"]}}],"collection":[{"href":"https:\/\/singuli.wpress.me\/index.php\/wp-json\/wp\/v2\/product"}],"about":[{"href":"https:\/\/singuli.wpress.me\/index.php\/wp-json\/wp\/v2\/types\/product"}],"version-history":[{"count":0,"href":"https:\/\/singuli.wpress.me\/index.php\/wp-json\/wp\/v2\/product\/31880\/revisions"}],"wp:featuredmedia":[{"embeddable":true,"href":"https:\/\/singuli.wpress.me\/index.php\/wp-json\/wp\/v2\/media\/31882"}],"wp:attachment":[{"href":"https:\/\/singuli.wpress.me\/index.php\/wp-json\/wp\/v2\/media?parent=31880"}],"wp:term":[{"taxonomy":"product_brand","embeddable":true,"href":"https:\/\/singuli.wpress.me\/index.php\/wp-json\/wp\/v2\/product_brand?post=31880"},{"taxonomy":"product_cat","embeddable":true,"href":"https:\/\/singuli.wpress.me\/index.php\/wp-json\/wp\/v2\/product_cat?post=31880"},{"taxonomy":"product_tag","embeddable":true,"href":"https:\/\/singuli.wpress.me\/index.php\/wp-json\/wp\/v2\/product_tag?post=31880"}],"curies":[{"name":"wp","href":"https:\/\/api.w.org\/{rel}","templated":true}]}}