{"id":31888,"date":"2026-04-17T00:37:18","date_gmt":"2026-04-17T00:37:18","guid":{"rendered":"https:\/\/singuli.wpress.me\/index.php\/proizvod\/jar-platinum-all-in-one-lemon-kapsule-za-strojno-pranje-posuda-81-kom\/"},"modified":"2026-04-20T12:33:06","modified_gmt":"2026-04-20T12:33:06","slug":"jar-platinum-all-in-one-lemon-kapsule-za-strojno-pranje-posuda-81-kom","status":"publish","type":"product","link":"https:\/\/singuli.wpress.me\/index.php\/proizvod\/jar-platinum-all-in-one-lemon-kapsule-za-strojno-pranje-posuda-81-kom\/","title":{"rendered":"JAR Platinum All In One Lemon, kapsule za strojno pranje posu\u0111a, 81\u00a0kom"},"content":{"rendered":"<p>Kapsule za perilicu posu\u0111a <span style=\"font-weight: bold\">Jar Platinum All In One<\/span> \u010diste u trenu i u\u010dinkovito uklanjaju \u010dak i sasu\u0161enu masno\u0107u, za blistavo \u010disto posu\u0111e. Zahvaljuju\u0107i snazi \u010di\u0161\u0107enja kapsula Jar Platinum mo\u017eete imati vi\u0161e samopouzdanja u kuhinji jer znate da \u0107e oprati \u010dak i zama\u0161\u0107eni filter, ostaviti blistavo \u010disto posu\u0111e i osvje\u017eenu perilicu. Jar kombinira teku\u0107inu i pra\u0161ak u jednu mo\u0107nu kapsulu. Izuzetno topiva vre\u0107ica kapsule rastapa se brzo pa odmah po\u010dinje \u010distiti. Ove je kapsule tako jednostavno koristiti! Ne treba im skidati omot, samo ih stavite u pretinac za deterd\u017eent.<\/p>\n","protected":false},"excerpt":{"rendered":"<p>Kapsule Jar Platinum odmah se hvataju uko\u0161tac s tvrdokornim izazovima u pranju posu\u0111a<br \/>\nPoma\u017eu sprije\u010diti stvaranje naslaga masno\u0107e u perilici posu\u0111a i \u010diste zama\u0161\u0107eni filter<br \/>\nSadr\u017ee sol i sredstvo za pomo\u0107 pri ispiranju sa za\u0161titom za stakleno i srebrno posu\u0111e<\/p>\n","protected":false},"featured_media":31890,"template":"","meta":{"_seopress_robots_primary_cat":"","_seopress_titles_title":"","_seopress_titles_desc":"","_seopress_robots_index":"","iawp_total_views":0},"product_brand":[454],"product_cat":[314,238],"product_tag":[],"class_list":{"0":"post-31888","1":"product","2":"type-product","3":"status-publish","4":"has-post-thumbnail","6":"product_brand-jar","7":"product_cat-pranje-posuda-238","8":"product_cat-sve-za-dom","10":"first","11":"outofstock","12":"shipping-taxable","13":"purchasable","14":"product-type-simple"},"_links":{"self":[{"href":"https:\/\/singuli.wpress.me\/index.php\/wp-json\/wp\/v2\/product\/31888","targetHints":{"allow":["GET"]}}],"collection":[{"href":"https:\/\/singuli.wpress.me\/index.php\/wp-json\/wp\/v2\/product"}],"about":[{"href":"https:\/\/singuli.wpress.me\/index.php\/wp-json\/wp\/v2\/types\/product"}],"version-history":[{"count":0,"href":"https:\/\/singuli.wpress.me\/index.php\/wp-json\/wp\/v2\/product\/31888\/revisions"}],"wp:featuredmedia":[{"embeddable":true,"href":"https:\/\/singuli.wpress.me\/index.php\/wp-json\/wp\/v2\/media\/31890"}],"wp:attachment":[{"href":"https:\/\/singuli.wpress.me\/index.php\/wp-json\/wp\/v2\/media?parent=31888"}],"wp:term":[{"taxonomy":"product_brand","embeddable":true,"href":"https:\/\/singuli.wpress.me\/index.php\/wp-json\/wp\/v2\/product_brand?post=31888"},{"taxonomy":"product_cat","embeddable":true,"href":"https:\/\/singuli.wpress.me\/index.php\/wp-json\/wp\/v2\/product_cat?post=31888"},{"taxonomy":"product_tag","embeddable":true,"href":"https:\/\/singuli.wpress.me\/index.php\/wp-json\/wp\/v2\/product_tag?post=31888"}],"curies":[{"name":"wp","href":"https:\/\/api.w.org\/{rel}","templated":true}]}}