{"id":31891,"date":"2026-04-17T00:37:19","date_gmt":"2026-04-17T00:37:19","guid":{"rendered":"https:\/\/singuli.wpress.me\/index.php\/proizvod\/tomy-jaja-u-gnijezdu\/"},"modified":"2026-04-20T12:33:06","modified_gmt":"2026-04-20T12:33:06","slug":"tomy-jaja-u-gnijezdu","status":"publish","type":"product","link":"https:\/\/singuli.wpress.me\/index.php\/proizvod\/tomy-jaja-u-gnijezdu\/","title":{"rendered":"TOMY, jaja u gnijezdu"},"content":{"rendered":"<p><span style=\"font-weight: bold\">Vesela jaja u vedrim bojama<\/span>!<br \/>\nMalena obitelj od 5 jaja u kojima je skriveno jo\u0161 jedno maleno jaje kao iznena\u0111enje u centru!<br \/>\nDjeca \u0107e u\u017eivati u igri istra\u017euju\u0107i zvukove i igru izlijeganja, te slaganje oblika i kombiniranja boja.<br \/>\nDob: 6-36 mjeseci.<\/p>\n","protected":false},"excerpt":{"rendered":"<p>Vesela jaja u vedrim bojama koja privla\u010de pa\u017enju<br \/>\nRazvija vje\u0161tine slaganja oblika i kombiniranja boja<br \/>\nDob: 6-36 m<\/p>\n","protected":false},"featured_media":31893,"template":"","meta":{"_seopress_robots_primary_cat":"","_seopress_titles_title":"","_seopress_titles_desc":"","_seopress_robots_index":"","iawp_total_views":0},"product_brand":[487],"product_cat":[221,291],"product_tag":[],"class_list":{"0":"post-31891","1":"product","2":"type-product","3":"status-publish","4":"has-post-thumbnail","6":"product_brand-tomy","7":"product_cat-igracke","8":"product_cat-igracke-za-djecu-221","10":"first","11":"outofstock","12":"shipping-taxable","13":"purchasable","14":"product-type-simple"},"_links":{"self":[{"href":"https:\/\/singuli.wpress.me\/index.php\/wp-json\/wp\/v2\/product\/31891","targetHints":{"allow":["GET"]}}],"collection":[{"href":"https:\/\/singuli.wpress.me\/index.php\/wp-json\/wp\/v2\/product"}],"about":[{"href":"https:\/\/singuli.wpress.me\/index.php\/wp-json\/wp\/v2\/types\/product"}],"version-history":[{"count":0,"href":"https:\/\/singuli.wpress.me\/index.php\/wp-json\/wp\/v2\/product\/31891\/revisions"}],"wp:featuredmedia":[{"embeddable":true,"href":"https:\/\/singuli.wpress.me\/index.php\/wp-json\/wp\/v2\/media\/31893"}],"wp:attachment":[{"href":"https:\/\/singuli.wpress.me\/index.php\/wp-json\/wp\/v2\/media?parent=31891"}],"wp:term":[{"taxonomy":"product_brand","embeddable":true,"href":"https:\/\/singuli.wpress.me\/index.php\/wp-json\/wp\/v2\/product_brand?post=31891"},{"taxonomy":"product_cat","embeddable":true,"href":"https:\/\/singuli.wpress.me\/index.php\/wp-json\/wp\/v2\/product_cat?post=31891"},{"taxonomy":"product_tag","embeddable":true,"href":"https:\/\/singuli.wpress.me\/index.php\/wp-json\/wp\/v2\/product_tag?post=31891"}],"curies":[{"name":"wp","href":"https:\/\/api.w.org\/{rel}","templated":true}]}}