{"id":31904,"date":"2026-04-17T00:37:25","date_gmt":"2026-04-17T00:37:25","guid":{"rendered":"https:\/\/singuli.wpress.me\/index.php\/proizvod\/gdh-edukativna-igra-10u1\/"},"modified":"2026-04-21T00:26:36","modified_gmt":"2026-04-21T00:26:36","slug":"gdh-edukativna-igra-10u1","status":"publish","type":"product","link":"https:\/\/singuli.wpress.me\/index.php\/proizvod\/gdh-edukativna-igra-10u1\/","title":{"rendered":"GDH, edukativna igra, 10u1"},"content":{"rendered":"<p>Zamislite svijet u kojem se u\u010denje pretvara u \u010daroliju, a igra postaje putovanje kroz \u0161areni vrtlog zabave i znanja. To je svijet Gabby i njezine \u010darobne ku\u0107ice lutaka &#8211; mjesto gdje se susre\u0107u ma\u0161ta i stvarnost. Na\u0161a bogata zbirka edukativnih igara za najmla\u0111e uvodi ih u ovaj \u010darobni svijet, pru\u017eaju\u0107i ne samo zabavne trenutke, ve\u0107 i poticanje razvoja logi\u010dkog razmi\u0161ljanja, pa\u017enje i pam\u0107enja. Kroz ovu kolekciju, djeca \u0107e istra\u017eiti, u\u010diti i rasti uz Gabby i njezine prijatelje, stvaraju\u0107i nezaboravne trenutke ispunjene smijehom, igrom i nepresu\u0161nom ma\u0161tom. Dobrodo\u0161li u svijet u kojem se u\u010denje pretvara u \u010daroliju!<\/p>\n<p>Sadr\u017eaj pakiranja: 10 obrazovnih i zabavnih igara za zabavu<\/p>\n<p> Dob 2+<\/p>\n","protected":false},"excerpt":{"rendered":"<p>U\u010denje se pretvara u \u010daroliju<br \/>\nBogata zbirka edukativnih igara za najmla\u0111e<br \/>\nDob: 2+ god<\/p>\n","protected":false},"featured_media":31906,"template":"","meta":{"_seopress_robots_primary_cat":"","_seopress_titles_title":"","_seopress_titles_desc":"","_seopress_robots_index":"","iawp_total_views":0},"product_brand":[489],"product_cat":[290,221],"product_tag":[],"class_list":{"0":"post-31904","1":"product","2":"type-product","3":"status-publish","4":"has-post-thumbnail","6":"product_brand-gdh","7":"product_cat-drustvene-igre-221","8":"product_cat-igracke","10":"first","11":"instock","12":"shipping-taxable","13":"purchasable","14":"product-type-simple"},"_links":{"self":[{"href":"https:\/\/singuli.wpress.me\/index.php\/wp-json\/wp\/v2\/product\/31904","targetHints":{"allow":["GET"]}}],"collection":[{"href":"https:\/\/singuli.wpress.me\/index.php\/wp-json\/wp\/v2\/product"}],"about":[{"href":"https:\/\/singuli.wpress.me\/index.php\/wp-json\/wp\/v2\/types\/product"}],"version-history":[{"count":0,"href":"https:\/\/singuli.wpress.me\/index.php\/wp-json\/wp\/v2\/product\/31904\/revisions"}],"wp:featuredmedia":[{"embeddable":true,"href":"https:\/\/singuli.wpress.me\/index.php\/wp-json\/wp\/v2\/media\/31906"}],"wp:attachment":[{"href":"https:\/\/singuli.wpress.me\/index.php\/wp-json\/wp\/v2\/media?parent=31904"}],"wp:term":[{"taxonomy":"product_brand","embeddable":true,"href":"https:\/\/singuli.wpress.me\/index.php\/wp-json\/wp\/v2\/product_brand?post=31904"},{"taxonomy":"product_cat","embeddable":true,"href":"https:\/\/singuli.wpress.me\/index.php\/wp-json\/wp\/v2\/product_cat?post=31904"},{"taxonomy":"product_tag","embeddable":true,"href":"https:\/\/singuli.wpress.me\/index.php\/wp-json\/wp\/v2\/product_tag?post=31904"}],"curies":[{"name":"wp","href":"https:\/\/api.w.org\/{rel}","templated":true}]}}