{"id":31917,"date":"2026-04-17T00:37:32","date_gmt":"2026-04-17T00:37:32","guid":{"rendered":"https:\/\/singuli.wpress.me\/index.php\/proizvod\/gdh-edukativna-igra-gabina-memory-igra\/"},"modified":"2026-04-20T12:33:06","modified_gmt":"2026-04-20T12:33:06","slug":"gdh-edukativna-igra-gabina-memory-igra","status":"publish","type":"product","link":"https:\/\/singuli.wpress.me\/index.php\/proizvod\/gdh-edukativna-igra-gabina-memory-igra\/","title":{"rendered":"GDH, edukativna igra, Gabina memory igra"},"content":{"rendered":"<p>Zaigraj <span style=\"font-weight: bold\">memory s Gabby<\/span> i njezinim ma\u010dkastim prijateljima! Igra se sastoji od 24 kartica za igranje, od kojih svaka skriva jedan od 12 parova prijatelja iz Gabbyine \u010darobne ku\u0107ice. Dok se dijete zabavlja tra\u017ee\u0107i prave parove, ne samo da \u0107e razvijati svoje pam\u0107enje i koncentraciju, ve\u0107 \u0107e tako\u0111er u\u017eivati u prepoznavanju svojih omiljenih likova iz serije. S Gabby i njezinim ma\u010dkastim prijateljima, svaka igra postaje prilika za zabavu i u\u010denje! <\/p>\n<p>Sadr\u017eaj pakiranja: 24 memo kartice, upute<\/p>\n<p>Dob: 1+ god<\/p>\n","protected":false},"excerpt":{"rendered":"<p>Igra se sastoji od 24 kartica za igranje<br \/>\nPrilika za zabavu i u\u010denje<br \/>\nDob: 1+ god<\/p>\n","protected":false},"featured_media":31919,"template":"","meta":{"_seopress_robots_primary_cat":"","_seopress_titles_title":"","_seopress_titles_desc":"","_seopress_robots_index":"","iawp_total_views":0},"product_brand":[489],"product_cat":[290,221],"product_tag":[],"class_list":{"0":"post-31917","1":"product","2":"type-product","3":"status-publish","4":"has-post-thumbnail","6":"product_brand-gdh","7":"product_cat-drustvene-igre-221","8":"product_cat-igracke","10":"first","11":"instock","12":"shipping-taxable","13":"purchasable","14":"product-type-simple"},"_links":{"self":[{"href":"https:\/\/singuli.wpress.me\/index.php\/wp-json\/wp\/v2\/product\/31917","targetHints":{"allow":["GET"]}}],"collection":[{"href":"https:\/\/singuli.wpress.me\/index.php\/wp-json\/wp\/v2\/product"}],"about":[{"href":"https:\/\/singuli.wpress.me\/index.php\/wp-json\/wp\/v2\/types\/product"}],"version-history":[{"count":0,"href":"https:\/\/singuli.wpress.me\/index.php\/wp-json\/wp\/v2\/product\/31917\/revisions"}],"wp:featuredmedia":[{"embeddable":true,"href":"https:\/\/singuli.wpress.me\/index.php\/wp-json\/wp\/v2\/media\/31919"}],"wp:attachment":[{"href":"https:\/\/singuli.wpress.me\/index.php\/wp-json\/wp\/v2\/media?parent=31917"}],"wp:term":[{"taxonomy":"product_brand","embeddable":true,"href":"https:\/\/singuli.wpress.me\/index.php\/wp-json\/wp\/v2\/product_brand?post=31917"},{"taxonomy":"product_cat","embeddable":true,"href":"https:\/\/singuli.wpress.me\/index.php\/wp-json\/wp\/v2\/product_cat?post=31917"},{"taxonomy":"product_tag","embeddable":true,"href":"https:\/\/singuli.wpress.me\/index.php\/wp-json\/wp\/v2\/product_tag?post=31917"}],"curies":[{"name":"wp","href":"https:\/\/api.w.org\/{rel}","templated":true}]}}