{"id":31931,"date":"2026-04-17T00:37:38","date_gmt":"2026-04-17T00:37:38","guid":{"rendered":"https:\/\/singuli.wpress.me\/index.php\/proizvod\/monster-high-set-izrada-nakita-s-neseserom\/"},"modified":"2026-04-20T12:33:07","modified_gmt":"2026-04-20T12:33:07","slug":"monster-high-set-izrada-nakita-s-neseserom","status":"publish","type":"product","link":"https:\/\/singuli.wpress.me\/index.php\/proizvod\/monster-high-set-izrada-nakita-s-neseserom\/","title":{"rendered":"MONSTER HIGH, set, izrada nakita s neseserom"},"content":{"rendered":"<p>Sjajna kozmeti\u010dka torbica koju uvijek mo\u017eete nositi sa sobom, sadr\u017ei bogatu selekciju kreativnih materijala za izradu prekrasnog <span style=\"font-weight: bold\">Monster High nakita<\/span>! Kreirajte fantasti\u010dne narukvice i ogrlice s perlama i privjescima iz seta. Otkrijte unutarnju dizajnericu u sebi i stvorite neodoljiv nakit koji \u0107e privu\u0107i poglede gdje dok da krenete. Ova torbica je neizostavan dodatak za sve modne entuzijaste \u017eeljne unikatnih i upe\u010datljivih detalja. <\/p>\n<p>Sadr\u017eaj pakiranja: neseser, mno\u0161tvo perlica u razli\u010ditim bojama, perlice sa slovima, 4 Monster High privjeska, traka za izradu narukvica<\/p>\n<p>Dob: 5+ god<\/p>\n","protected":false},"excerpt":{"rendered":"<p>Sjajna kozmeti\u010dka torbica<br \/>\nIzrada nakita<br \/>\nDob: 5+ god<\/p>\n","protected":false},"featured_media":31933,"template":"","meta":{"_seopress_robots_primary_cat":"","_seopress_titles_title":"","_seopress_titles_desc":"","_seopress_robots_index":"","iawp_total_views":0},"product_brand":[430],"product_cat":[221,291],"product_tag":[],"class_list":{"0":"post-31931","1":"product","2":"type-product","3":"status-publish","4":"has-post-thumbnail","6":"product_brand-monster-high","7":"product_cat-igracke","8":"product_cat-igracke-za-djecu-221","10":"first","11":"instock","12":"shipping-taxable","13":"purchasable","14":"product-type-simple"},"_links":{"self":[{"href":"https:\/\/singuli.wpress.me\/index.php\/wp-json\/wp\/v2\/product\/31931","targetHints":{"allow":["GET"]}}],"collection":[{"href":"https:\/\/singuli.wpress.me\/index.php\/wp-json\/wp\/v2\/product"}],"about":[{"href":"https:\/\/singuli.wpress.me\/index.php\/wp-json\/wp\/v2\/types\/product"}],"version-history":[{"count":0,"href":"https:\/\/singuli.wpress.me\/index.php\/wp-json\/wp\/v2\/product\/31931\/revisions"}],"wp:featuredmedia":[{"embeddable":true,"href":"https:\/\/singuli.wpress.me\/index.php\/wp-json\/wp\/v2\/media\/31933"}],"wp:attachment":[{"href":"https:\/\/singuli.wpress.me\/index.php\/wp-json\/wp\/v2\/media?parent=31931"}],"wp:term":[{"taxonomy":"product_brand","embeddable":true,"href":"https:\/\/singuli.wpress.me\/index.php\/wp-json\/wp\/v2\/product_brand?post=31931"},{"taxonomy":"product_cat","embeddable":true,"href":"https:\/\/singuli.wpress.me\/index.php\/wp-json\/wp\/v2\/product_cat?post=31931"},{"taxonomy":"product_tag","embeddable":true,"href":"https:\/\/singuli.wpress.me\/index.php\/wp-json\/wp\/v2\/product_tag?post=31931"}],"curies":[{"name":"wp","href":"https:\/\/api.w.org\/{rel}","templated":true}]}}