{"id":31944,"date":"2026-04-17T00:37:46","date_gmt":"2026-04-17T00:37:46","guid":{"rendered":"https:\/\/singuli.wpress.me\/index.php\/proizvod\/glam-buddies-igracka-torbica\/"},"modified":"2026-04-20T12:33:07","modified_gmt":"2026-04-20T12:33:07","slug":"glam-buddies-igracka-torbica","status":"publish","type":"product","link":"https:\/\/singuli.wpress.me\/index.php\/proizvod\/glam-buddies-igracka-torbica\/","title":{"rendered":"GLAM BUDDIES, igra\u010dka, torbica"},"content":{"rendered":"<p>Otkrijte <span style=\"font-weight: bold\">svijet Glam Buddiesa<\/span>, gdje moda postaje igra, a ljubimci postaju najsla\u0111i dio va\u0161eg stila! <br \/>\nSa 6 razli\u010ditih modela torbica i psi\u0107a, ova kolekcija postaje neizostavan dodatak va\u0161oj zbirki. Svaka torbica skriva mno\u0161tvo iznena\u0111enja: od \u0161arenih remen\u010di\u0107a, nov\u010danica, kreditnih kartica i slimeova koje simuliraju hranu za pse, pa sve do sjajnih dodataka poput mini torbice za va\u0161eg psi\u0107a, \u010de\u0161lja i ukosnica &#8211; va\u0161a avantura s Glam Buddiesima nikada ne\u0107e biti dosadna!<br \/>\nSvaka Glam Buddies torbica dolazi s razli\u010ditim pli\u0161anim psi\u0107em! Osim \u0161to su nevjerojatno \u0161armantni, ovi psi\u0107i su spremni biti uz vas u svim va\u0161im avanturama, od \u0161etnji gradom do najlu\u0111ih zabava.<br \/>\nZato neka va\u0161 svijet postane glamurozniji uz Glam Buddies! <br \/>\nDob: 4+<\/p>\n","protected":false},"excerpt":{"rendered":"<p>Moda postaje igra<br \/>\n6 razli\u010ditih modela torbica i psi\u0107a<br \/>\nDob: 4+ god<\/p>\n","protected":false},"featured_media":31945,"template":"","meta":{"_seopress_robots_primary_cat":"","_seopress_titles_title":"","_seopress_titles_desc":"","_seopress_robots_index":"","iawp_total_views":0},"product_brand":[490],"product_cat":[221,291],"product_tag":[],"class_list":{"0":"post-31944","1":"product","2":"type-product","3":"status-publish","4":"has-post-thumbnail","6":"product_brand-glam-buddies","7":"product_cat-igracke","8":"product_cat-igracke-za-djecu-221","10":"first","11":"outofstock","12":"shipping-taxable","13":"purchasable","14":"product-type-simple"},"_links":{"self":[{"href":"https:\/\/singuli.wpress.me\/index.php\/wp-json\/wp\/v2\/product\/31944","targetHints":{"allow":["GET"]}}],"collection":[{"href":"https:\/\/singuli.wpress.me\/index.php\/wp-json\/wp\/v2\/product"}],"about":[{"href":"https:\/\/singuli.wpress.me\/index.php\/wp-json\/wp\/v2\/types\/product"}],"version-history":[{"count":0,"href":"https:\/\/singuli.wpress.me\/index.php\/wp-json\/wp\/v2\/product\/31944\/revisions"}],"wp:featuredmedia":[{"embeddable":true,"href":"https:\/\/singuli.wpress.me\/index.php\/wp-json\/wp\/v2\/media\/31945"}],"wp:attachment":[{"href":"https:\/\/singuli.wpress.me\/index.php\/wp-json\/wp\/v2\/media?parent=31944"}],"wp:term":[{"taxonomy":"product_brand","embeddable":true,"href":"https:\/\/singuli.wpress.me\/index.php\/wp-json\/wp\/v2\/product_brand?post=31944"},{"taxonomy":"product_cat","embeddable":true,"href":"https:\/\/singuli.wpress.me\/index.php\/wp-json\/wp\/v2\/product_cat?post=31944"},{"taxonomy":"product_tag","embeddable":true,"href":"https:\/\/singuli.wpress.me\/index.php\/wp-json\/wp\/v2\/product_tag?post=31944"}],"curies":[{"name":"wp","href":"https:\/\/api.w.org\/{rel}","templated":true}]}}