{"id":31962,"date":"2026-04-17T00:38:03","date_gmt":"2026-04-17T00:38:03","guid":{"rendered":"https:\/\/singuli.wpress.me\/index.php\/proizvod\/jacobs-vanilija-cappuccino-8x12g\/"},"modified":"2026-04-21T00:26:36","modified_gmt":"2026-04-21T00:26:36","slug":"jacobs-vanilija-cappuccino-8x12g","status":"publish","type":"product","link":"https:\/\/singuli.wpress.me\/index.php\/proizvod\/jacobs-vanilija-cappuccino-8x12g\/","title":{"rendered":"JACOBS Vanilija, cappuccino, 8x12g"},"content":{"rendered":"<p>U\u017eivajte bilo gdje &#8211; <span style=\"font-weight: bold\">Jacobs Cappuccino s okusom vanilije<\/span> idealan su pratilac u pokretu, na poslu ili na odmoru. U\u017eivajte u \u010darobnoj aromi uz svaku \u0161alicu Jacobs cappuccina i probudite svoje snove!<\/p>\n","protected":false},"excerpt":{"rendered":"<p>Instant mje\u0161avina za napitak od kave s okusom Vanilije<br \/>\nNapitak je ugodne arome i nezaboravnog okusa<br \/>\nPriu\u0161tite si \u0161alicu omiljenog Jacobs toplog napitka \/ili Cappuccina<\/p>\n","protected":false},"featured_media":31963,"template":"","meta":{"_seopress_robots_primary_cat":"","_seopress_titles_title":"","_seopress_titles_desc":"","_seopress_robots_index":"","iawp_total_views":0},"product_brand":[419],"product_cat":[261,270],"product_tag":[],"class_list":{"0":"post-31962","1":"product","2":"type-product","3":"status-publish","4":"has-post-thumbnail","6":"product_brand-jacobs","7":"product_cat-hrana-i-pice","8":"product_cat-slasticarstvo-261","10":"first","11":"instock","12":"shipping-taxable","13":"purchasable","14":"product-type-simple"},"_links":{"self":[{"href":"https:\/\/singuli.wpress.me\/index.php\/wp-json\/wp\/v2\/product\/31962","targetHints":{"allow":["GET"]}}],"collection":[{"href":"https:\/\/singuli.wpress.me\/index.php\/wp-json\/wp\/v2\/product"}],"about":[{"href":"https:\/\/singuli.wpress.me\/index.php\/wp-json\/wp\/v2\/types\/product"}],"version-history":[{"count":0,"href":"https:\/\/singuli.wpress.me\/index.php\/wp-json\/wp\/v2\/product\/31962\/revisions"}],"wp:featuredmedia":[{"embeddable":true,"href":"https:\/\/singuli.wpress.me\/index.php\/wp-json\/wp\/v2\/media\/31963"}],"wp:attachment":[{"href":"https:\/\/singuli.wpress.me\/index.php\/wp-json\/wp\/v2\/media?parent=31962"}],"wp:term":[{"taxonomy":"product_brand","embeddable":true,"href":"https:\/\/singuli.wpress.me\/index.php\/wp-json\/wp\/v2\/product_brand?post=31962"},{"taxonomy":"product_cat","embeddable":true,"href":"https:\/\/singuli.wpress.me\/index.php\/wp-json\/wp\/v2\/product_cat?post=31962"},{"taxonomy":"product_tag","embeddable":true,"href":"https:\/\/singuli.wpress.me\/index.php\/wp-json\/wp\/v2\/product_tag?post=31962"}],"curies":[{"name":"wp","href":"https:\/\/api.w.org\/{rel}","templated":true}]}}