{"id":31976,"date":"2026-04-17T00:38:08","date_gmt":"2026-04-17T00:38:08","guid":{"rendered":"https:\/\/singuli.wpress.me\/index.php\/proizvod\/robo-alive-figura-roboticki-t-rex-s2\/"},"modified":"2026-04-20T12:33:07","modified_gmt":"2026-04-20T12:33:07","slug":"robo-alive-figura-roboticki-t-rex-s2","status":"publish","type":"product","link":"https:\/\/singuli.wpress.me\/index.php\/proizvod\/robo-alive-figura-roboticki-t-rex-s2\/","title":{"rendered":"ROBO ALIVE, figura, roboti\u010dki T-Rex S2"},"content":{"rendered":"<p>Coool, najstvarnije roboti\u010dke \u017eivotinje ikad! Nova tehnologija omogu\u0107uje ovim bi\u0107ima da se kre\u0107u poput \u017eivih! Robo Alive roboti\u010dkiT-Rex. Ri\u010de Poput pravog T-Rexa, ima svjetle\u0107e reflektiraju\u0107e o\u010di. A sad i super iznena\u0111enje! Uz T-rexa sti\u017ee i Dino slajm! Otvori Dino jaje iznena\u0111enja i otkrij Dino slajm, prepun nekih cool sitnica, skrivenih u slajmu! Dino slajm svijetli u mraku! Izgleda tako stvarno, to mora da je Robo Alive! <\/p>\n<p>Dob: 3+ god<\/p>\n","protected":false},"excerpt":{"rendered":"<p>Nova tehnologija omogu\u0107uje ovim bi\u0107ima da se kre\u0107u poput \u017eivih<br \/>\nIma svjetle\u0107e reflektiraju\u0107e o\u010di<br \/>\nDob: 3+<\/p>\n","protected":false},"featured_media":31978,"template":"","meta":{"_seopress_robots_primary_cat":"","_seopress_titles_title":"","_seopress_titles_desc":"","_seopress_robots_index":"","iawp_total_views":0},"product_brand":[374],"product_cat":[221,263],"product_tag":[],"class_list":{"0":"post-31976","1":"product","2":"type-product","3":"status-publish","4":"has-post-thumbnail","6":"product_brand-robo-alive","7":"product_cat-igracke","8":"product_cat-tematske-igracke-221","10":"first","11":"instock","12":"shipping-taxable","13":"purchasable","14":"product-type-simple"},"_links":{"self":[{"href":"https:\/\/singuli.wpress.me\/index.php\/wp-json\/wp\/v2\/product\/31976","targetHints":{"allow":["GET"]}}],"collection":[{"href":"https:\/\/singuli.wpress.me\/index.php\/wp-json\/wp\/v2\/product"}],"about":[{"href":"https:\/\/singuli.wpress.me\/index.php\/wp-json\/wp\/v2\/types\/product"}],"version-history":[{"count":0,"href":"https:\/\/singuli.wpress.me\/index.php\/wp-json\/wp\/v2\/product\/31976\/revisions"}],"wp:featuredmedia":[{"embeddable":true,"href":"https:\/\/singuli.wpress.me\/index.php\/wp-json\/wp\/v2\/media\/31978"}],"wp:attachment":[{"href":"https:\/\/singuli.wpress.me\/index.php\/wp-json\/wp\/v2\/media?parent=31976"}],"wp:term":[{"taxonomy":"product_brand","embeddable":true,"href":"https:\/\/singuli.wpress.me\/index.php\/wp-json\/wp\/v2\/product_brand?post=31976"},{"taxonomy":"product_cat","embeddable":true,"href":"https:\/\/singuli.wpress.me\/index.php\/wp-json\/wp\/v2\/product_cat?post=31976"},{"taxonomy":"product_tag","embeddable":true,"href":"https:\/\/singuli.wpress.me\/index.php\/wp-json\/wp\/v2\/product_tag?post=31976"}],"curies":[{"name":"wp","href":"https:\/\/api.w.org\/{rel}","templated":true}]}}