{"id":31983,"date":"2026-04-17T00:38:10","date_gmt":"2026-04-17T00:38:10","guid":{"rendered":"https:\/\/singuli.wpress.me\/index.php\/proizvod\/tuban-diy-set-slime-magicni-xl-alien\/"},"modified":"2026-04-20T12:33:07","modified_gmt":"2026-04-20T12:33:07","slug":"tuban-diy-set-slime-magicni-xl-alien","status":"publish","type":"product","link":"https:\/\/singuli.wpress.me\/index.php\/proizvod\/tuban-diy-set-slime-magicni-xl-alien\/","title":{"rendered":"TUBAN, DIY set, slime magi\u010dni XL &#8211; alien"},"content":{"rendered":"<p>Magi\u010dni slime koji mijenja boju &#8211; evo ga! Uz ovaj set slo\u017ei jedinstveni slime koji mo\u017ee\u0161 ukrasiti neon mineralnim kuglicama za jo\u0161 bolju zabavu. Gledaj kako se svemirski zeleno ljepilo pretvara u ljubi\u010dastu smjesu pred tvojim o\u010dima. <\/p>\n<p>Set sadr\u017ei sve potrebno za pripremu: 500 ml PVA ljepila, 250 ml aktivatora, 10 g \u017eutih mineralnih kuglica, lopaticu, posudicu i spremi\u0161te.<\/p>\n","protected":false},"excerpt":{"rendered":"<p>Magi\u010dni slime koji mijenja boju<br \/>\nJednostavno za kori\u0161tenje<br \/>\nDob: 3+ god<\/p>\n","protected":false},"featured_media":31984,"template":"","meta":{"_seopress_robots_primary_cat":"","_seopress_titles_title":"","_seopress_titles_desc":"","_seopress_robots_index":"","iawp_total_views":0},"product_brand":[492],"product_cat":[221,291],"product_tag":[],"class_list":{"0":"post-31983","1":"product","2":"type-product","3":"status-publish","4":"has-post-thumbnail","6":"product_brand-tuban","7":"product_cat-igracke","8":"product_cat-igracke-za-djecu-221","10":"first","11":"instock","12":"shipping-taxable","13":"purchasable","14":"product-type-simple"},"_links":{"self":[{"href":"https:\/\/singuli.wpress.me\/index.php\/wp-json\/wp\/v2\/product\/31983","targetHints":{"allow":["GET"]}}],"collection":[{"href":"https:\/\/singuli.wpress.me\/index.php\/wp-json\/wp\/v2\/product"}],"about":[{"href":"https:\/\/singuli.wpress.me\/index.php\/wp-json\/wp\/v2\/types\/product"}],"version-history":[{"count":0,"href":"https:\/\/singuli.wpress.me\/index.php\/wp-json\/wp\/v2\/product\/31983\/revisions"}],"wp:featuredmedia":[{"embeddable":true,"href":"https:\/\/singuli.wpress.me\/index.php\/wp-json\/wp\/v2\/media\/31984"}],"wp:attachment":[{"href":"https:\/\/singuli.wpress.me\/index.php\/wp-json\/wp\/v2\/media?parent=31983"}],"wp:term":[{"taxonomy":"product_brand","embeddable":true,"href":"https:\/\/singuli.wpress.me\/index.php\/wp-json\/wp\/v2\/product_brand?post=31983"},{"taxonomy":"product_cat","embeddable":true,"href":"https:\/\/singuli.wpress.me\/index.php\/wp-json\/wp\/v2\/product_cat?post=31983"},{"taxonomy":"product_tag","embeddable":true,"href":"https:\/\/singuli.wpress.me\/index.php\/wp-json\/wp\/v2\/product_tag?post=31983"}],"curies":[{"name":"wp","href":"https:\/\/api.w.org\/{rel}","templated":true}]}}