{"id":31997,"date":"2026-04-17T00:38:20","date_gmt":"2026-04-17T00:38:20","guid":{"rendered":"https:\/\/singuli.wpress.me\/index.php\/proizvod\/pampers-premium-care-poklon-paket-pelene-duo-pakiranje-velicina-2-4-8kg-68kom-harmonie-aqua-vlazne-maramice-48kom\/"},"modified":"2026-04-20T12:33:07","modified_gmt":"2026-04-20T12:33:07","slug":"pampers-premium-care-poklon-paket-pelene-duo-pakiranje-velicina-2-4-8kg-68kom-harmonie-aqua-vlazne-maramice-48kom","status":"publish","type":"product","link":"https:\/\/singuli.wpress.me\/index.php\/proizvod\/pampers-premium-care-poklon-paket-pelene-duo-pakiranje-velicina-2-4-8kg-68kom-harmonie-aqua-vlazne-maramice-48kom\/","title":{"rendered":"PAMPERS Premium Care, poklon paket, pelene duo pakiranje veli\u010dina 2 (4-8kg) 68kom + Harmonie Aqua vla\u017ene maramice 48kom"},"content":{"rendered":"<p>Pampersova najbolja udobnost i za\u0161tita za osjetljivu bebinu ko\u017eu. Dulji kontakt s mokra\u0107om i rijetkom stolicom mo\u017ee utjecati na osjetljivu bebinu ko\u017eu \u0161to bebi mo\u017ee biti neugodno i uznemiriti je. <br \/>\n<span style=\"font-weight: bold\">Pelene Pampers Premium Care<\/span> posebno su razvijene kako bi pru\u017eile Pampersovu najmek\u0161u i najnje\u017eniju za\u0161titu zahvaljuju\u0107i:<br \/>\n&#8211; Ekskluzivnom sloju DERMA COMFORT s upijaju\u0107im porama koje u trenu odvla\u010de vlagu i rijetku stolicu od ko\u017ee i zadr\u017eavaju ih u peleni. Tako osjetljiva bebina ko\u017ea ostaje suha i za\u0161ti\u0107ena.<br \/>\n&#8211; Probrani materijali meki poput perja za najnje\u017eniji kontakt s bebinom ko\u017eom.<br \/>\n&#8211; Jedinstveni sustav trostruke za\u0161tite koji brzo upija teku\u0107inu i spre\u010dava propu\u0161tanje oko pojasa i nogu. <br \/>\nPelene Pampers Premium Care preporu\u010duje Skin Health Alliance i 100% su sigurne za ko\u017eu va\u0161e bebe: dermatolo\u0161ki su testirane i ne sadr\u017ee nijedan od 26 mirisnih sastojaka koje je EU izdvojila kao potencijalne uzro\u010dnike alergijske reakcije.<\/p>\n","protected":false},"excerpt":{"rendered":"<p>Ekskluzivni sloj DERMA COMFORT pru\u017ea najmek\u0161u Pampersovu udobnost, a istovremeno odvla\u010di vla\u017enost i rijetku stolicu od ko\u017ee<br \/>\nPelene od probranih materijala mekih poput perja za najnje\u017eniji kontakt s bebinom ko\u017eom<br \/>\nMeka fleksibilna krilca nje\u017eno se prilago\u0111avaju bebinom trbu\u0161\u010di\u0107u i zato su pelene udobne kao da su izra\u0111ene po mjeri<\/p>\n","protected":false},"featured_media":31999,"template":"","meta":{"_seopress_robots_primary_cat":"","_seopress_titles_title":"","_seopress_titles_desc":"","_seopress_robots_index":"","iawp_total_views":0},"product_brand":[444],"product_cat":[268,211,278,310],"product_tag":[],"class_list":{"0":"post-31997","1":"product","2":"type-product","3":"status-publish","4":"has-post-thumbnail","6":"product_brand-pampers","7":"product_cat-kozmetika-2","8":"product_cat-njega-majke-i-djeteta","9":"product_cat-njega-tijela-268","10":"product_cat-pelene-211","12":"first","13":"outofstock","14":"shipping-taxable","15":"purchasable","16":"product-type-simple"},"_links":{"self":[{"href":"https:\/\/singuli.wpress.me\/index.php\/wp-json\/wp\/v2\/product\/31997","targetHints":{"allow":["GET"]}}],"collection":[{"href":"https:\/\/singuli.wpress.me\/index.php\/wp-json\/wp\/v2\/product"}],"about":[{"href":"https:\/\/singuli.wpress.me\/index.php\/wp-json\/wp\/v2\/types\/product"}],"version-history":[{"count":0,"href":"https:\/\/singuli.wpress.me\/index.php\/wp-json\/wp\/v2\/product\/31997\/revisions"}],"wp:featuredmedia":[{"embeddable":true,"href":"https:\/\/singuli.wpress.me\/index.php\/wp-json\/wp\/v2\/media\/31999"}],"wp:attachment":[{"href":"https:\/\/singuli.wpress.me\/index.php\/wp-json\/wp\/v2\/media?parent=31997"}],"wp:term":[{"taxonomy":"product_brand","embeddable":true,"href":"https:\/\/singuli.wpress.me\/index.php\/wp-json\/wp\/v2\/product_brand?post=31997"},{"taxonomy":"product_cat","embeddable":true,"href":"https:\/\/singuli.wpress.me\/index.php\/wp-json\/wp\/v2\/product_cat?post=31997"},{"taxonomy":"product_tag","embeddable":true,"href":"https:\/\/singuli.wpress.me\/index.php\/wp-json\/wp\/v2\/product_tag?post=31997"}],"curies":[{"name":"wp","href":"https:\/\/api.w.org\/{rel}","templated":true}]}}