{"id":32001,"date":"2026-04-17T00:38:24","date_gmt":"2026-04-17T00:38:24","guid":{"rendered":"https:\/\/singuli.wpress.me\/index.php\/proizvod\/make-it-real-kreativni-set-torbica-oko-struka\/"},"modified":"2026-04-20T12:33:07","modified_gmt":"2026-04-20T12:33:07","slug":"make-it-real-kreativni-set-torbica-oko-struka","status":"publish","type":"product","link":"https:\/\/singuli.wpress.me\/index.php\/proizvod\/make-it-real-kreativni-set-torbica-oko-struka\/","title":{"rendered":"MAKE IT REAL, kreativni set, torbica oko struka"},"content":{"rendered":"<p>Vrlo moderna torbica oko struka &#8211; apsolutni hit s upe\u010datljivim frotir zakrpama koje tvore rije\u010d LOVE! Ukrasite ju biserima i o\u017eivite svoj svijet kreativnosti! <br \/>\nTorbica je potpuno podstavljena, roze je boje s duga\u010dkom vrpcom u prekrasnim duginim bojama te s privjeskom u obliku srca na patentnom zatvara\u010du. <br \/>\nTako chic, prakti\u010dna i izuzetno zabavna za ukra\u0161avanje! Ovo je savr\u0161en poklon za stilski osvije\u0161tene djevojke, bez obzira na prigodu. \u0160areni dodatak svakoj odjevnoj kombinaciji za potpuni izgled. Idealna je za pohranu kozmeti\u010dkih proizvoda, modnih dodataka, pisa\u0107eg pribora te svega ostalog \u0161to \u017eelite ponijeti sa sobom!<br \/>\nSadr\u017eaj: 1 torbicu, 6 razli\u010ditih zakrpi, 1 listi\u0107 naljepnica s biserima, 1 list s uputama<br \/>\nDob: 8+<\/p>\n","protected":false},"excerpt":{"rendered":"<p>Moderna torbica oko struka<br \/>\n\u0160areni dodatak svakoj odjevnoj kombinaciji za potpuni izgled<br \/>\nDob: 8+ god<\/p>\n","protected":false},"featured_media":32003,"template":"","meta":{"_seopress_robots_primary_cat":"","_seopress_titles_title":"","_seopress_titles_desc":"","_seopress_robots_index":"","iawp_total_views":0},"product_brand":[441],"product_cat":[274,238],"product_tag":[],"class_list":{"0":"post-32001","1":"product","2":"type-product","3":"status-publish","4":"has-post-thumbnail","6":"product_brand-make-it-real","7":"product_cat-kucanski-pribor-238","8":"product_cat-sve-za-dom","10":"first","11":"instock","12":"shipping-taxable","13":"purchasable","14":"product-type-simple"},"_links":{"self":[{"href":"https:\/\/singuli.wpress.me\/index.php\/wp-json\/wp\/v2\/product\/32001","targetHints":{"allow":["GET"]}}],"collection":[{"href":"https:\/\/singuli.wpress.me\/index.php\/wp-json\/wp\/v2\/product"}],"about":[{"href":"https:\/\/singuli.wpress.me\/index.php\/wp-json\/wp\/v2\/types\/product"}],"version-history":[{"count":0,"href":"https:\/\/singuli.wpress.me\/index.php\/wp-json\/wp\/v2\/product\/32001\/revisions"}],"wp:featuredmedia":[{"embeddable":true,"href":"https:\/\/singuli.wpress.me\/index.php\/wp-json\/wp\/v2\/media\/32003"}],"wp:attachment":[{"href":"https:\/\/singuli.wpress.me\/index.php\/wp-json\/wp\/v2\/media?parent=32001"}],"wp:term":[{"taxonomy":"product_brand","embeddable":true,"href":"https:\/\/singuli.wpress.me\/index.php\/wp-json\/wp\/v2\/product_brand?post=32001"},{"taxonomy":"product_cat","embeddable":true,"href":"https:\/\/singuli.wpress.me\/index.php\/wp-json\/wp\/v2\/product_cat?post=32001"},{"taxonomy":"product_tag","embeddable":true,"href":"https:\/\/singuli.wpress.me\/index.php\/wp-json\/wp\/v2\/product_tag?post=32001"}],"curies":[{"name":"wp","href":"https:\/\/api.w.org\/{rel}","templated":true}]}}