{"id":32004,"date":"2026-04-17T00:38:28","date_gmt":"2026-04-17T00:38:28","guid":{"rendered":"https:\/\/singuli.wpress.me\/index.php\/proizvod\/bison-poly-max-express-ljepilo-i-silikon-sivi-425-g\/"},"modified":"2026-04-20T12:33:07","modified_gmt":"2026-04-20T12:33:07","slug":"bison-poly-max-express-ljepilo-i-silikon-sivi-425-g","status":"publish","type":"product","link":"https:\/\/singuli.wpress.me\/index.php\/proizvod\/bison-poly-max-express-ljepilo-i-silikon-sivi-425-g\/","title":{"rendered":"BISON Poly Max Express, ljepilo i silikon, sivi , 425\u00a0g"},"content":{"rendered":"<p>Univerzalno monta\u017eno ljepilo i brtvilo bazirano na jedinstvenoj SMP tehnologiji, s brzim postizanjem zavr\u0161ne snage. Za lijepljenje, u\u010dvr\u0161\u0107ivanje i brtvljenje gotovo svih (konstrukcijskih) materijala na gotovo sve povr\u0161ine (glatke, porozne i neporozne povr\u0161ine). Za unutarnju i vanjsku upotrebu. Iznimno sna\u017eno. Iznimno sna\u017eno.<\/p>\n","protected":false},"excerpt":{"rendered":"<p>Iznimno brzo postizanje zavr\u0161ne snage spoja<br \/>\nZa unutarnju i vanjsku upotrebu<br \/>\nOtporno na vodu, UV zra\u010denje i sve vremenske prilike<\/p>\n","protected":false},"featured_media":32005,"template":"","meta":{"_seopress_robots_primary_cat":"","_seopress_titles_title":"","_seopress_titles_desc":"","_seopress_robots_index":"","iawp_total_views":0},"product_brand":[494],"product_cat":[264,238],"product_tag":[],"class_list":{"0":"post-32004","1":"product","2":"type-product","3":"status-publish","4":"has-post-thumbnail","6":"product_brand-bison","7":"product_cat-ljepila-i-brtvila-238","8":"product_cat-sve-za-dom","10":"first","11":"instock","12":"shipping-taxable","13":"purchasable","14":"product-type-simple"},"_links":{"self":[{"href":"https:\/\/singuli.wpress.me\/index.php\/wp-json\/wp\/v2\/product\/32004","targetHints":{"allow":["GET"]}}],"collection":[{"href":"https:\/\/singuli.wpress.me\/index.php\/wp-json\/wp\/v2\/product"}],"about":[{"href":"https:\/\/singuli.wpress.me\/index.php\/wp-json\/wp\/v2\/types\/product"}],"version-history":[{"count":0,"href":"https:\/\/singuli.wpress.me\/index.php\/wp-json\/wp\/v2\/product\/32004\/revisions"}],"wp:featuredmedia":[{"embeddable":true,"href":"https:\/\/singuli.wpress.me\/index.php\/wp-json\/wp\/v2\/media\/32005"}],"wp:attachment":[{"href":"https:\/\/singuli.wpress.me\/index.php\/wp-json\/wp\/v2\/media?parent=32004"}],"wp:term":[{"taxonomy":"product_brand","embeddable":true,"href":"https:\/\/singuli.wpress.me\/index.php\/wp-json\/wp\/v2\/product_brand?post=32004"},{"taxonomy":"product_cat","embeddable":true,"href":"https:\/\/singuli.wpress.me\/index.php\/wp-json\/wp\/v2\/product_cat?post=32004"},{"taxonomy":"product_tag","embeddable":true,"href":"https:\/\/singuli.wpress.me\/index.php\/wp-json\/wp\/v2\/product_tag?post=32004"}],"curies":[{"name":"wp","href":"https:\/\/api.w.org\/{rel}","templated":true}]}}