{"id":32009,"date":"2026-04-17T00:38:33","date_gmt":"2026-04-17T00:38:33","guid":{"rendered":"https:\/\/singuli.wpress.me\/index.php\/proizvod\/heinz-mayoketchup-425-g\/"},"modified":"2026-04-20T12:33:07","modified_gmt":"2026-04-20T12:33:07","slug":"heinz-mayoketchup-425-g","status":"publish","type":"product","link":"https:\/\/singuli.wpress.me\/index.php\/proizvod\/heinz-mayoketchup-425-g\/","title":{"rendered":"HEINZ, mayoketchup, 425\u00a0g"},"content":{"rendered":"<p><span style=\"font-weight: bold\">Heinz Mayoketchup<\/span> predstavlja savr\u0161enu kombinaciju dva omiljena umaka &#8211; ke\u010dapa i majoneze. Ova jedinstvena mje\u0161avina idealna je za dodavanje bogatog i kremastog okusa va\u0161im jelima. Bez obzira koristite li ga kao umak za krumpiri\u0107e, dodatak burgerima, sendvi\u010dima, ili kao preljev za salate, Heinz Mayoketchup obogatit \u0107e svako jelo.<\/p>\n<p>&#8211; Kombinacija ke\u010dapa i majoneze: Donosi savr\u0161en balans slatkog i kremastog okusa.<br \/>\n&#8211; Visoka kvaliteta: Proizvod brenda Heinz, poznatog po vrhunskim umacima.<br \/>\n&#8211; Jednostavna upotreba: Prakti\u010dna boca od 425g s poklopcem za lako doziranje.<br \/>\n&#8211; Univerzalna primjena: Idealan za \u0161irok spektar jela, od brze hrane do gurmanskih obroka.<br \/>\n&#8211; Bez umjetnih boja i konzervansa<\/p>\n","protected":false},"excerpt":{"rendered":"<p>Savr\u0161ena kombinacija dva omiljena umaka &#8211; ke\u010dapa i majoneze<br \/>\nOboga\u0107uje svako jelo<br \/>\nBalans slatkog i kremastog okusa<\/p>\n","protected":false},"featured_media":32011,"template":"","meta":{"_seopress_robots_primary_cat":"","_seopress_titles_title":"","_seopress_titles_desc":"","_seopress_robots_index":"","iawp_total_views":0},"product_brand":[395],"product_cat":[266,265,160],"product_tag":[],"class_list":{"0":"post-32009","1":"product","2":"type-product","3":"status-publish","4":"has-post-thumbnail","6":"product_brand-heinz","7":"product_cat-aparati-za-kuhanje-265","8":"product_cat-kuhinjski-aparati-160","9":"product_cat-mali-kucanski-aparati","11":"first","12":"instock","13":"shipping-taxable","14":"purchasable","15":"product-type-simple"},"_links":{"self":[{"href":"https:\/\/singuli.wpress.me\/index.php\/wp-json\/wp\/v2\/product\/32009","targetHints":{"allow":["GET"]}}],"collection":[{"href":"https:\/\/singuli.wpress.me\/index.php\/wp-json\/wp\/v2\/product"}],"about":[{"href":"https:\/\/singuli.wpress.me\/index.php\/wp-json\/wp\/v2\/types\/product"}],"version-history":[{"count":0,"href":"https:\/\/singuli.wpress.me\/index.php\/wp-json\/wp\/v2\/product\/32009\/revisions"}],"wp:featuredmedia":[{"embeddable":true,"href":"https:\/\/singuli.wpress.me\/index.php\/wp-json\/wp\/v2\/media\/32011"}],"wp:attachment":[{"href":"https:\/\/singuli.wpress.me\/index.php\/wp-json\/wp\/v2\/media?parent=32009"}],"wp:term":[{"taxonomy":"product_brand","embeddable":true,"href":"https:\/\/singuli.wpress.me\/index.php\/wp-json\/wp\/v2\/product_brand?post=32009"},{"taxonomy":"product_cat","embeddable":true,"href":"https:\/\/singuli.wpress.me\/index.php\/wp-json\/wp\/v2\/product_cat?post=32009"},{"taxonomy":"product_tag","embeddable":true,"href":"https:\/\/singuli.wpress.me\/index.php\/wp-json\/wp\/v2\/product_tag?post=32009"}],"curies":[{"name":"wp","href":"https:\/\/api.w.org\/{rel}","templated":true}]}}