{"id":32012,"date":"2026-04-17T00:38:34","date_gmt":"2026-04-17T00:38:34","guid":{"rendered":"https:\/\/singuli.wpress.me\/index.php\/proizvod\/pampers-harmonie-protect-care-vlazne-maramice-44-kom\/"},"modified":"2026-04-20T12:33:07","modified_gmt":"2026-04-20T12:33:07","slug":"pampers-harmonie-protect-care-vlazne-maramice-44-kom","status":"publish","type":"product","link":"https:\/\/singuli.wpress.me\/index.php\/proizvod\/pampers-harmonie-protect-care-vlazne-maramice-44-kom\/","title":{"rendered":"PAMPERS Harmonie Protect &amp; Care, vla\u017ene maramice, 44\u00a0kom"},"content":{"rendered":"<p>Nje\u017ena njega i za\u0161tita bebine ko\u017ee, s malo nevena.<span style=\"font-weight: bold\"> Vla\u017ene maramice Pampers Harmonie Protect&amp;Care<\/span> nje\u017enije su od pamuka i vode. Zahvaljuju\u0107i jedinstvenoj formuli, nje\u017eni sastojci za \u010di\u0161\u0107enje i za\u0161titu ko\u017ee poma\u017eu vratiti prirodan pH bebine ko\u017ee, \u0161tite\u0107i je od iritacije. Maramice sadr\u017ee 0% alkohola i izra\u0111ene su od vlakana 100% biljnog porijekla, od \u010dega 10% \u010dini vrhunski pamuk. Formulu su dermatolo\u0161ki ispitali i odobrili dermatolozi udru\u017eenja Skin Health Alliance.<\/p>\n","protected":false},"excerpt":{"rendered":"<p>Nje\u017enije od pamuka i vode<br \/>\nJedinstvena formula koja poma\u017ee obnoviti prirodni pH ko\u017ee i \u0161titi od iritacije<br \/>\nSadr\u017ee malo nevena<\/p>\n","protected":false},"featured_media":32013,"template":"","meta":{"_seopress_robots_primary_cat":"","_seopress_titles_title":"","_seopress_titles_desc":"","_seopress_robots_index":"","iawp_total_views":0},"product_brand":[444],"product_cat":[268,278],"product_tag":[],"class_list":{"0":"post-32012","1":"product","2":"type-product","3":"status-publish","4":"has-post-thumbnail","6":"product_brand-pampers","7":"product_cat-kozmetika-2","8":"product_cat-njega-tijela-268","10":"first","11":"outofstock","12":"shipping-taxable","13":"purchasable","14":"product-type-simple"},"_links":{"self":[{"href":"https:\/\/singuli.wpress.me\/index.php\/wp-json\/wp\/v2\/product\/32012","targetHints":{"allow":["GET"]}}],"collection":[{"href":"https:\/\/singuli.wpress.me\/index.php\/wp-json\/wp\/v2\/product"}],"about":[{"href":"https:\/\/singuli.wpress.me\/index.php\/wp-json\/wp\/v2\/types\/product"}],"version-history":[{"count":0,"href":"https:\/\/singuli.wpress.me\/index.php\/wp-json\/wp\/v2\/product\/32012\/revisions"}],"wp:featuredmedia":[{"embeddable":true,"href":"https:\/\/singuli.wpress.me\/index.php\/wp-json\/wp\/v2\/media\/32013"}],"wp:attachment":[{"href":"https:\/\/singuli.wpress.me\/index.php\/wp-json\/wp\/v2\/media?parent=32012"}],"wp:term":[{"taxonomy":"product_brand","embeddable":true,"href":"https:\/\/singuli.wpress.me\/index.php\/wp-json\/wp\/v2\/product_brand?post=32012"},{"taxonomy":"product_cat","embeddable":true,"href":"https:\/\/singuli.wpress.me\/index.php\/wp-json\/wp\/v2\/product_cat?post=32012"},{"taxonomy":"product_tag","embeddable":true,"href":"https:\/\/singuli.wpress.me\/index.php\/wp-json\/wp\/v2\/product_tag?post=32012"}],"curies":[{"name":"wp","href":"https:\/\/api.w.org\/{rel}","templated":true}]}}