{"id":32015,"date":"2026-04-17T00:38:36","date_gmt":"2026-04-17T00:38:36","guid":{"rendered":"https:\/\/singuli.wpress.me\/index.php\/proizvod\/godzilla-i-kong-deluxe-figura\/"},"modified":"2026-04-21T00:26:36","modified_gmt":"2026-04-21T00:26:36","slug":"godzilla-i-kong-deluxe-figura","status":"publish","type":"product","link":"https:\/\/singuli.wpress.me\/index.php\/proizvod\/godzilla-i-kong-deluxe-figura\/","title":{"rendered":"GODZILLA I KONG Deluxe, figura"},"content":{"rendered":"<p>Oslobodite <span style=\"font-weight: bold\">deluxe figuru Godzilla x Kong<\/span>: Novo carstvo i krenite u uzbudljive avanture MonsterVerse-a.<br \/>\nOva deluxe kolekcija uklju\u010duje pa\u017eljivo dizajnirane akcijske figure visine 15 cm.<br \/>\nPro\u0161irite svoju monstruoznu kolekciju raznovrsnim likovima, od klasi\u010dnih saveznika do zastra\u0161uju\u0107ih protivnika i novih izaziva\u010da.<br \/>\nKombinirajte figure i dodatke za beskona\u010dne mogu\u0107nosti prikaza, poti\u010du\u0107i va\u0161u kreativnost i oboga\u0107uju\u0107i kolekciju.<br \/>\nIdealne za ljubitelje filmskih \u010dudovi\u0161ta i kultnih likova Godzile i Konga, ove figure donose beskrajno uzbu\u0111enje i epske bitke.<br \/>\nBilo da ste iskusni kolekcionar ili novi u MonsterVerse-u, linija Godzilla x Kong nudi klju\u010dne akcijske figure koje o\u017eivljavaju va\u0161e omiljene \u010dudovi\u0161ne sukobe.<br \/>\nPreporu\u010dena dob: 4+<\/p>\n","protected":false},"excerpt":{"rendered":"<p>Visine 15 cm<br \/>\nIdealno za ljubitelje filmskih \u010dudovi\u0161ta i kolekcionare<br \/>\nDob: 4+ god<\/p>\n","protected":false},"featured_media":32017,"template":"","meta":{"_seopress_robots_primary_cat":"","_seopress_titles_title":"","_seopress_titles_desc":"","_seopress_robots_index":"","iawp_total_views":0},"product_brand":[495],"product_cat":[221,263],"product_tag":[],"class_list":{"0":"post-32015","1":"product","2":"type-product","3":"status-publish","4":"has-post-thumbnail","6":"product_brand-godzilla-i-kong","7":"product_cat-igracke","8":"product_cat-tematske-igracke-221","10":"first","11":"instock","12":"shipping-taxable","13":"purchasable","14":"product-type-simple"},"_links":{"self":[{"href":"https:\/\/singuli.wpress.me\/index.php\/wp-json\/wp\/v2\/product\/32015","targetHints":{"allow":["GET"]}}],"collection":[{"href":"https:\/\/singuli.wpress.me\/index.php\/wp-json\/wp\/v2\/product"}],"about":[{"href":"https:\/\/singuli.wpress.me\/index.php\/wp-json\/wp\/v2\/types\/product"}],"version-history":[{"count":0,"href":"https:\/\/singuli.wpress.me\/index.php\/wp-json\/wp\/v2\/product\/32015\/revisions"}],"wp:featuredmedia":[{"embeddable":true,"href":"https:\/\/singuli.wpress.me\/index.php\/wp-json\/wp\/v2\/media\/32017"}],"wp:attachment":[{"href":"https:\/\/singuli.wpress.me\/index.php\/wp-json\/wp\/v2\/media?parent=32015"}],"wp:term":[{"taxonomy":"product_brand","embeddable":true,"href":"https:\/\/singuli.wpress.me\/index.php\/wp-json\/wp\/v2\/product_brand?post=32015"},{"taxonomy":"product_cat","embeddable":true,"href":"https:\/\/singuli.wpress.me\/index.php\/wp-json\/wp\/v2\/product_cat?post=32015"},{"taxonomy":"product_tag","embeddable":true,"href":"https:\/\/singuli.wpress.me\/index.php\/wp-json\/wp\/v2\/product_tag?post=32015"}],"curies":[{"name":"wp","href":"https:\/\/api.w.org\/{rel}","templated":true}]}}