{"id":32028,"date":"2026-04-17T00:38:48","date_gmt":"2026-04-17T00:38:48","guid":{"rendered":"https:\/\/singuli.wpress.me\/index.php\/proizvod\/corena-s3-rx-46-ulje-za-zracne-kompresore-20-l\/"},"modified":"2026-04-20T12:33:07","modified_gmt":"2026-04-20T12:33:07","slug":"corena-s3-rx-46-ulje-za-zracne-kompresore-20-l","status":"publish","type":"product","link":"https:\/\/singuli.wpress.me\/index.php\/proizvod\/corena-s3-rx-46-ulje-za-zracne-kompresore-20-l\/","title":{"rendered":"CORENA S3 RX 46, ulje za zra\u010dne kompresore, 20\u00a0l"},"content":{"rendered":"<p><span style=\"font-weight: bold\">Shell Corena S3 RX 46<\/span> vrhunsko ulje sinteti\u010dke osnove namijenjeno za zra\u010dne kompresore.<br \/>\nTemeljeno na Shellovoj tehnologiji Gas to liquid (GTL) u kombinaciji s naprednim sustavom aditiva pru\u017ea izvanrednu za\u0161titu i performanse.<br \/>\nDizajnirano za kompresore koji rade u intervalima izmjene ulja od 6000 sati pri temperaturama od 100\u00b0C te \u010dak do 8000 sati pod odre\u0111enim uvjetima.<br \/>\nIzvanredna sposobnost odvajanja od vode \u0161to osigurava u\u010dinkovit rad kompresora u takvom okru\u017eenju.<\/p>\n<p><span style=\"font-weight: bold\"><br \/>\nSpecifikacije i odobrenja:<\/span> ISO 6743-3:2003 L-DAJ<\/p>\n","protected":false},"excerpt":{"rendered":"<p>\u0160iroka primjena<br \/>\nProduljeni interval izmjene ulja<br \/>\nOdr\u017eavanje u\u010dinkovitosti sustava<\/p>\n","protected":false},"featured_media":32029,"template":"","meta":{"_seopress_robots_primary_cat":"","_seopress_titles_title":"","_seopress_titles_desc":"","_seopress_robots_index":"","iawp_total_views":0},"product_brand":[461],"product_cat":[243,276],"product_tag":[],"class_list":{"0":"post-32028","1":"product","2":"type-product","3":"status-publish","4":"has-post-thumbnail","6":"product_brand-corena","7":"product_cat-automobili-i-motori","8":"product_cat-industrijska-i-specijalna-ulja-243","10":"first","11":"instock","12":"shipping-taxable","13":"purchasable","14":"product-type-simple"},"_links":{"self":[{"href":"https:\/\/singuli.wpress.me\/index.php\/wp-json\/wp\/v2\/product\/32028","targetHints":{"allow":["GET"]}}],"collection":[{"href":"https:\/\/singuli.wpress.me\/index.php\/wp-json\/wp\/v2\/product"}],"about":[{"href":"https:\/\/singuli.wpress.me\/index.php\/wp-json\/wp\/v2\/types\/product"}],"version-history":[{"count":0,"href":"https:\/\/singuli.wpress.me\/index.php\/wp-json\/wp\/v2\/product\/32028\/revisions"}],"wp:featuredmedia":[{"embeddable":true,"href":"https:\/\/singuli.wpress.me\/index.php\/wp-json\/wp\/v2\/media\/32029"}],"wp:attachment":[{"href":"https:\/\/singuli.wpress.me\/index.php\/wp-json\/wp\/v2\/media?parent=32028"}],"wp:term":[{"taxonomy":"product_brand","embeddable":true,"href":"https:\/\/singuli.wpress.me\/index.php\/wp-json\/wp\/v2\/product_brand?post=32028"},{"taxonomy":"product_cat","embeddable":true,"href":"https:\/\/singuli.wpress.me\/index.php\/wp-json\/wp\/v2\/product_cat?post=32028"},{"taxonomy":"product_tag","embeddable":true,"href":"https:\/\/singuli.wpress.me\/index.php\/wp-json\/wp\/v2\/product_tag?post=32028"}],"curies":[{"name":"wp","href":"https:\/\/api.w.org\/{rel}","templated":true}]}}