{"id":32030,"date":"2026-04-17T00:38:49","date_gmt":"2026-04-17T00:38:49","guid":{"rendered":"https:\/\/singuli.wpress.me\/index.php\/proizvod\/gadinia-s3-40-motorno-ulje-1000-l\/"},"modified":"2026-04-20T12:33:07","modified_gmt":"2026-04-20T12:33:07","slug":"gadinia-s3-40-motorno-ulje-1000-l","status":"publish","type":"product","link":"https:\/\/singuli.wpress.me\/index.php\/proizvod\/gadinia-s3-40-motorno-ulje-1000-l\/","title":{"rendered":"GADINIA S3 40, motorno ulje, 1000\u00a0l"},"content":{"rendered":"<p>Shell Gadinia S3 40 je visokokvalitetno vi\u0161enamjensko ulje, posebno dizajnirano za podmazivanje glavnih i pomo\u0107nih brodskih dizelskih motora srednje brzine. Pogodno je za motore koji koriste destilatna dizelska goriva sa sadr\u017eajem sumpora do 1.0 % m\/m, kao i za biodizel. Osim toga, novo formulirana Shell Gadinia S3 40 mo\u017ee se koristiti i za druge primjene na brodu, uklju\u010duju\u0107i podmazivanje mjenja\u010da, kva\u010dila i statvenih cijevi.<\/p>\n","protected":false},"excerpt":{"rendered":"<p>Idealno za podmazivanje glavnih i pomo\u0107nih brodskih motora, ali i za mjenja\u010de, kva\u010dila i statvene cijevi<br \/>\nU\u010dinkovito radi s destilatnim dizelskim gorivima i biodizelom<br \/>\nPosebno formulirano za motore koji koriste goriva s do 1.0 % sumpora<\/p>\n","protected":false},"featured_media":32031,"template":"","meta":{"_seopress_robots_primary_cat":"","_seopress_titles_title":"","_seopress_titles_desc":"","_seopress_robots_index":"","iawp_total_views":0},"product_brand":[498],"product_cat":[243,276],"product_tag":[],"class_list":{"0":"post-32030","1":"product","2":"type-product","3":"status-publish","4":"has-post-thumbnail","6":"product_brand-gadinia","7":"product_cat-automobili-i-motori","8":"product_cat-industrijska-i-specijalna-ulja-243","10":"first","11":"instock","12":"shipping-taxable","13":"purchasable","14":"product-type-simple"},"_links":{"self":[{"href":"https:\/\/singuli.wpress.me\/index.php\/wp-json\/wp\/v2\/product\/32030","targetHints":{"allow":["GET"]}}],"collection":[{"href":"https:\/\/singuli.wpress.me\/index.php\/wp-json\/wp\/v2\/product"}],"about":[{"href":"https:\/\/singuli.wpress.me\/index.php\/wp-json\/wp\/v2\/types\/product"}],"version-history":[{"count":0,"href":"https:\/\/singuli.wpress.me\/index.php\/wp-json\/wp\/v2\/product\/32030\/revisions"}],"wp:featuredmedia":[{"embeddable":true,"href":"https:\/\/singuli.wpress.me\/index.php\/wp-json\/wp\/v2\/media\/32031"}],"wp:attachment":[{"href":"https:\/\/singuli.wpress.me\/index.php\/wp-json\/wp\/v2\/media?parent=32030"}],"wp:term":[{"taxonomy":"product_brand","embeddable":true,"href":"https:\/\/singuli.wpress.me\/index.php\/wp-json\/wp\/v2\/product_brand?post=32030"},{"taxonomy":"product_cat","embeddable":true,"href":"https:\/\/singuli.wpress.me\/index.php\/wp-json\/wp\/v2\/product_cat?post=32030"},{"taxonomy":"product_tag","embeddable":true,"href":"https:\/\/singuli.wpress.me\/index.php\/wp-json\/wp\/v2\/product_tag?post=32030"}],"curies":[{"name":"wp","href":"https:\/\/api.w.org\/{rel}","templated":true}]}}