{"id":32034,"date":"2026-04-17T00:38:53","date_gmt":"2026-04-17T00:38:53","guid":{"rendered":"https:\/\/singuli.wpress.me\/index.php\/proizvod\/old-spice-the-whitewolf-dezodorans-u-spreju-150-ml\/"},"modified":"2026-04-21T00:26:36","modified_gmt":"2026-04-21T00:26:36","slug":"old-spice-the-whitewolf-dezodorans-u-spreju-150-ml","status":"publish","type":"product","link":"https:\/\/singuli.wpress.me\/index.php\/proizvod\/old-spice-the-whitewolf-dezodorans-u-spreju-150-ml\/","title":{"rendered":"OLD SPICE The Whitewolf, dezodorans u spreju, 150\u00a0ml"},"content":{"rendered":"<p>Davno, u vrijeme The Witchera, nije postojao Old Spice pa je svakoga pratio neugodan miris tijela.  Tko bi rekao da divlji miris The Whitewolf poma\u017ee u borbi protiv manje ugodnih i dru\u0161tveno neprihvatljivih tjelesnih mirisa? Predstavljamo Old Spice Whitewolf Dezodorans Za Tijelo U Spreju, ograni\u010deno izdanje rajskog i paklenog mirisa inspiriranog svijetom The Witchera. Gel za tu\u0161iranje Old Spice osvje\u017eavaju\u0107i je miris za mu\u0161karce ili no\u0107ne zvjerke koje se ne pla\u0161e svoje mu\u017eevnosti (ni gelova za tu\u0161iranje). * Isti je miris dostupan i u varijanti Old Spice Tigerclaw. THE WITCHER je za\u0161titni znak tvrtke CD PROJEKT, S.A. i upotrebljava se uz dozvolu. Radnja se odvija u svijetu koji je stvorio Andrzej Sapkowski u svojoj seriji knjiga. \u00a9 Netflix. Upotrebljava se uz dozvolu Netflixa.<\/p>\n","protected":false},"excerpt":{"rendered":"<p>Old Spice The Whitewolf s notama grejpfruta, crvene naran\u010de i \u010distog mo\u0161usa: rajski i pakleni miris inspiriran svijetom The Witchera<br \/>\nPozdravi se s neugodnim mirisima na 48 sati<br \/>\nDjeluje kao za\u0161tita od bijelih tragova i \u017eutih mrlja<\/p>\n","protected":false},"featured_media":32035,"template":"","meta":{"_seopress_robots_primary_cat":"","_seopress_titles_title":"","_seopress_titles_desc":"","_seopress_robots_index":"","iawp_total_views":0},"product_brand":[448],"product_cat":[285,268],"product_tag":[],"class_list":{"0":"post-32034","1":"product","2":"type-product","3":"status-publish","4":"has-post-thumbnail","6":"product_brand-old-spice","7":"product_cat-dezodoransi-268","8":"product_cat-kozmetika-2","10":"first","11":"outofstock","12":"shipping-taxable","13":"purchasable","14":"product-type-simple"},"_links":{"self":[{"href":"https:\/\/singuli.wpress.me\/index.php\/wp-json\/wp\/v2\/product\/32034","targetHints":{"allow":["GET"]}}],"collection":[{"href":"https:\/\/singuli.wpress.me\/index.php\/wp-json\/wp\/v2\/product"}],"about":[{"href":"https:\/\/singuli.wpress.me\/index.php\/wp-json\/wp\/v2\/types\/product"}],"version-history":[{"count":0,"href":"https:\/\/singuli.wpress.me\/index.php\/wp-json\/wp\/v2\/product\/32034\/revisions"}],"wp:featuredmedia":[{"embeddable":true,"href":"https:\/\/singuli.wpress.me\/index.php\/wp-json\/wp\/v2\/media\/32035"}],"wp:attachment":[{"href":"https:\/\/singuli.wpress.me\/index.php\/wp-json\/wp\/v2\/media?parent=32034"}],"wp:term":[{"taxonomy":"product_brand","embeddable":true,"href":"https:\/\/singuli.wpress.me\/index.php\/wp-json\/wp\/v2\/product_brand?post=32034"},{"taxonomy":"product_cat","embeddable":true,"href":"https:\/\/singuli.wpress.me\/index.php\/wp-json\/wp\/v2\/product_cat?post=32034"},{"taxonomy":"product_tag","embeddable":true,"href":"https:\/\/singuli.wpress.me\/index.php\/wp-json\/wp\/v2\/product_tag?post=32034"}],"curies":[{"name":"wp","href":"https:\/\/api.w.org\/{rel}","templated":true}]}}