{"id":32044,"date":"2026-04-17T00:38:56","date_gmt":"2026-04-17T00:38:56","guid":{"rendered":"https:\/\/singuli.wpress.me\/index.php\/proizvod\/bison-silikonsko-brtvilo-za-sanitarije-antracit-280-g\/"},"modified":"2026-04-20T12:33:07","modified_gmt":"2026-04-20T12:33:07","slug":"bison-silikonsko-brtvilo-za-sanitarije-antracit-280-g","status":"publish","type":"product","link":"https:\/\/singuli.wpress.me\/index.php\/proizvod\/bison-silikonsko-brtvilo-za-sanitarije-antracit-280-g\/","title":{"rendered":"BISON, silikonsko brtvilo, za sanitarije, antracit , 280\u00a0g"},"content":{"rendered":"<p>Trajno elasti\u010dno, vodootporno silikonsko brtvilo na bazi octene kiseline, posebno za brtvljenje sanitarija. Otporno na plijesan i vrlo brzo; tu\u0161 se mo\u017ee upotrebljavati ve\u0107 nakon 2 sata*.<\/p>\n","protected":false},"excerpt":{"rendered":"<p>Otporno na UV zra\u010denje i sve vremenske prilike<br \/>\nLako se nanosi<br \/>\nNe mo\u017ee se prebojiti<\/p>\n","protected":false},"featured_media":32045,"template":"","meta":{"_seopress_robots_primary_cat":"","_seopress_titles_title":"","_seopress_titles_desc":"","_seopress_robots_index":"","iawp_total_views":0},"product_brand":[494],"product_cat":[264,238],"product_tag":[],"class_list":{"0":"post-32044","1":"product","2":"type-product","3":"status-publish","4":"has-post-thumbnail","6":"product_brand-bison","7":"product_cat-ljepila-i-brtvila-238","8":"product_cat-sve-za-dom","10":"first","11":"outofstock","12":"shipping-taxable","13":"purchasable","14":"product-type-simple"},"_links":{"self":[{"href":"https:\/\/singuli.wpress.me\/index.php\/wp-json\/wp\/v2\/product\/32044","targetHints":{"allow":["GET"]}}],"collection":[{"href":"https:\/\/singuli.wpress.me\/index.php\/wp-json\/wp\/v2\/product"}],"about":[{"href":"https:\/\/singuli.wpress.me\/index.php\/wp-json\/wp\/v2\/types\/product"}],"version-history":[{"count":0,"href":"https:\/\/singuli.wpress.me\/index.php\/wp-json\/wp\/v2\/product\/32044\/revisions"}],"wp:featuredmedia":[{"embeddable":true,"href":"https:\/\/singuli.wpress.me\/index.php\/wp-json\/wp\/v2\/media\/32045"}],"wp:attachment":[{"href":"https:\/\/singuli.wpress.me\/index.php\/wp-json\/wp\/v2\/media?parent=32044"}],"wp:term":[{"taxonomy":"product_brand","embeddable":true,"href":"https:\/\/singuli.wpress.me\/index.php\/wp-json\/wp\/v2\/product_brand?post=32044"},{"taxonomy":"product_cat","embeddable":true,"href":"https:\/\/singuli.wpress.me\/index.php\/wp-json\/wp\/v2\/product_cat?post=32044"},{"taxonomy":"product_tag","embeddable":true,"href":"https:\/\/singuli.wpress.me\/index.php\/wp-json\/wp\/v2\/product_tag?post=32044"}],"curies":[{"name":"wp","href":"https:\/\/api.w.org\/{rel}","templated":true}]}}