{"id":32067,"date":"2026-04-17T00:39:09","date_gmt":"2026-04-17T00:39:09","guid":{"rendered":"https:\/\/singuli.wpress.me\/index.php\/proizvod\/spirax-s5-dct-x-mjenjacko-ulje-20-l\/"},"modified":"2026-04-21T00:26:36","modified_gmt":"2026-04-21T00:26:36","slug":"spirax-s5-dct-x-mjenjacko-ulje-20-l","status":"publish","type":"product","link":"https:\/\/singuli.wpress.me\/index.php\/proizvod\/spirax-s5-dct-x-mjenjacko-ulje-20-l\/","title":{"rendered":"SPIRAX S5 DCT X, mjenja\u010dko ulje, 20\u00a0l"},"content":{"rendered":"<p>Shell Spirax S5 DCT X je DCT ulje vrhunskih performansi, razvijeno sinteti\u010dkom tehnologijom. Posebno je formulirano za podmazivanje mokrih DCT mjenja\u010da (Dual Clutch Transmission), i pogodno je za primjenu u vozilima vi\u0161e proizvo\u0111a\u010da originalne opreme (OEM). Zahvaljuju\u0107i svojoj jedinstvenoj formulaciji, ovo ulje osigurava izvanrednu za\u0161titu i optimalan rad mjenja\u010da, pru\u017eaju\u0107i glatko i u\u010dinkovito mijenjanje brzina.<\/p>\n","protected":false},"excerpt":{"rendered":"<p>Ulje sinteti\u010dke tehnologije za optimalan rad mjenja\u010da<br \/>\nPosebno formulirano za specifi\u010dne zahtjeve DCT mjenja\u010da<br \/>\nPogodno za primjenu u vozilima razli\u010ditih OEM-ova, osiguravaju\u0107i svestranost<\/p>\n","protected":false},"featured_media":32069,"template":"","meta":{"_seopress_robots_primary_cat":"","_seopress_titles_title":"","_seopress_titles_desc":"","_seopress_robots_index":"","iawp_total_views":0},"product_brand":[371],"product_cat":[243,276],"product_tag":[],"class_list":{"0":"post-32067","1":"product","2":"type-product","3":"status-publish","4":"has-post-thumbnail","6":"product_brand-spirax","7":"product_cat-automobili-i-motori","8":"product_cat-industrijska-i-specijalna-ulja-243","10":"first","11":"outofstock","12":"shipping-taxable","13":"purchasable","14":"product-type-simple"},"_links":{"self":[{"href":"https:\/\/singuli.wpress.me\/index.php\/wp-json\/wp\/v2\/product\/32067","targetHints":{"allow":["GET"]}}],"collection":[{"href":"https:\/\/singuli.wpress.me\/index.php\/wp-json\/wp\/v2\/product"}],"about":[{"href":"https:\/\/singuli.wpress.me\/index.php\/wp-json\/wp\/v2\/types\/product"}],"version-history":[{"count":0,"href":"https:\/\/singuli.wpress.me\/index.php\/wp-json\/wp\/v2\/product\/32067\/revisions"}],"wp:featuredmedia":[{"embeddable":true,"href":"https:\/\/singuli.wpress.me\/index.php\/wp-json\/wp\/v2\/media\/32069"}],"wp:attachment":[{"href":"https:\/\/singuli.wpress.me\/index.php\/wp-json\/wp\/v2\/media?parent=32067"}],"wp:term":[{"taxonomy":"product_brand","embeddable":true,"href":"https:\/\/singuli.wpress.me\/index.php\/wp-json\/wp\/v2\/product_brand?post=32067"},{"taxonomy":"product_cat","embeddable":true,"href":"https:\/\/singuli.wpress.me\/index.php\/wp-json\/wp\/v2\/product_cat?post=32067"},{"taxonomy":"product_tag","embeddable":true,"href":"https:\/\/singuli.wpress.me\/index.php\/wp-json\/wp\/v2\/product_tag?post=32067"}],"curies":[{"name":"wp","href":"https:\/\/api.w.org\/{rel}","templated":true}]}}