{"id":32094,"date":"2026-04-17T00:39:22","date_gmt":"2026-04-17T00:39:22","guid":{"rendered":"https:\/\/singuli.wpress.me\/index.php\/proizvod\/moser-1400-burgundy-sisac\/"},"modified":"2026-04-20T12:33:07","modified_gmt":"2026-04-20T12:33:07","slug":"moser-1400-burgundy-sisac","status":"publish","type":"product","link":"https:\/\/singuli.wpress.me\/index.php\/proizvod\/moser-1400-burgundy-sisac\/","title":{"rendered":"MOSER 1400 Burgundy, \u0161i\u0161a\u010d"},"content":{"rendered":"<p>Zvjezdana o\u0161trica:<br \/>\nPrecizno izra\u0111ena o\u0161trica od visokokvalitetnog \u010delika, potpuno metalna, proizvedena u Njema\u010dkoj.<br \/>\nPrilagodljivost:<br \/>\nPode\u0161avanje duljine rezanja pomo\u0107u MultiClick\u00ae sustava s 5 zaklju\u010danih pozicija od 0,7 do 3 mm.<br \/>\nSnaga:<br \/>\nNovi, tih i sna\u017ean osciliraju\u0107i motor s 50% ve\u0107om u\u010dinkovito\u0161\u0107u.<br \/>\nDodatna nastavci:<br \/>\nPrilo\u017een je nastavak za 4,5 mm, \u010detkica za \u010di\u0161\u0107enje i ulje za odr\u017eavanje.<\/p>\n","protected":false},"excerpt":{"rendered":"<p>Precizno izra\u0111ena o\u0161trica od visokokvalitetnog \u010delika<br \/>\nPode\u0161avanje duljine rezanja<br \/>\nNovi, tih i sna\u017ean osciliraju\u0107i motor<\/p>\n","protected":false},"featured_media":32095,"template":"","meta":{"_seopress_robots_primary_cat":"","_seopress_titles_title":"","_seopress_titles_desc":"","_seopress_robots_index":"","iawp_total_views":0},"product_brand":[149],"product_cat":[192,279],"product_tag":[],"class_list":{"0":"post-32094","1":"product","2":"type-product","3":"status-publish","4":"has-post-thumbnail","6":"product_brand-moser","7":"product_cat-aparati-za-osobnu-njegu","8":"product_cat-brijanje-i-sisanje-192","10":"first","11":"outofstock","12":"shipping-taxable","13":"purchasable","14":"product-type-simple"},"_links":{"self":[{"href":"https:\/\/singuli.wpress.me\/index.php\/wp-json\/wp\/v2\/product\/32094","targetHints":{"allow":["GET"]}}],"collection":[{"href":"https:\/\/singuli.wpress.me\/index.php\/wp-json\/wp\/v2\/product"}],"about":[{"href":"https:\/\/singuli.wpress.me\/index.php\/wp-json\/wp\/v2\/types\/product"}],"version-history":[{"count":0,"href":"https:\/\/singuli.wpress.me\/index.php\/wp-json\/wp\/v2\/product\/32094\/revisions"}],"wp:featuredmedia":[{"embeddable":true,"href":"https:\/\/singuli.wpress.me\/index.php\/wp-json\/wp\/v2\/media\/32095"}],"wp:attachment":[{"href":"https:\/\/singuli.wpress.me\/index.php\/wp-json\/wp\/v2\/media?parent=32094"}],"wp:term":[{"taxonomy":"product_brand","embeddable":true,"href":"https:\/\/singuli.wpress.me\/index.php\/wp-json\/wp\/v2\/product_brand?post=32094"},{"taxonomy":"product_cat","embeddable":true,"href":"https:\/\/singuli.wpress.me\/index.php\/wp-json\/wp\/v2\/product_cat?post=32094"},{"taxonomy":"product_tag","embeddable":true,"href":"https:\/\/singuli.wpress.me\/index.php\/wp-json\/wp\/v2\/product_tag?post=32094"}],"curies":[{"name":"wp","href":"https:\/\/api.w.org\/{rel}","templated":true}]}}