{"id":32100,"date":"2026-04-17T00:39:25","date_gmt":"2026-04-17T00:39:25","guid":{"rendered":"https:\/\/singuli.wpress.me\/index.php\/proizvod\/wahl-sisac\/"},"modified":"2026-04-20T12:33:07","modified_gmt":"2026-04-20T12:33:07","slug":"wahl-sisac","status":"publish","type":"product","link":"https:\/\/singuli.wpress.me\/index.php\/proizvod\/wahl-sisac\/","title":{"rendered":"WAHL, \u0161i\u0161a\u010d"},"content":{"rendered":"<p>Brza i glatka izvedba:<br \/>\nSnaga motora i niz o\u0161trica omogu\u0107uju brzo i glatko \u0161i\u0161anje.<\/p>\n<p>Kompaktni dizajn:<br \/>\nTanak, zakrivljen, lagan dizajn omogu\u0107uje oblikovanje frizure bez udubljenja iz bilo kojeg kuta.<\/p>\n<p>Podesiva poluga za smanjenje debljine:<br \/>\nOmogu\u0107uje precizno pode\u0161avanje duljine rezanja &#8211; idealno za postizanje postupnog prijelaza i mije\u0161anje duljina.<\/p>\n","protected":false},"excerpt":{"rendered":"<p>Snaga motora i niz o\u0161trica omogu\u0107uju brzo i glatko \u0161i\u0161anje<br \/>\nDizajn omogu\u0107uje oblikovanje frizure bez udubljenja<br \/>\nIdealno za postizanje postupnog prijelaza i mije\u0161anje duljina<\/p>\n","protected":false},"featured_media":32101,"template":"","meta":{"_seopress_robots_primary_cat":"","_seopress_titles_title":"","_seopress_titles_desc":"","_seopress_robots_index":"","iawp_total_views":0},"product_brand":[159],"product_cat":[192,279],"product_tag":[],"class_list":{"0":"post-32100","1":"product","2":"type-product","3":"status-publish","4":"has-post-thumbnail","6":"product_brand-wahl","7":"product_cat-aparati-za-osobnu-njegu","8":"product_cat-brijanje-i-sisanje-192","10":"first","11":"outofstock","12":"shipping-taxable","13":"purchasable","14":"product-type-simple"},"_links":{"self":[{"href":"https:\/\/singuli.wpress.me\/index.php\/wp-json\/wp\/v2\/product\/32100","targetHints":{"allow":["GET"]}}],"collection":[{"href":"https:\/\/singuli.wpress.me\/index.php\/wp-json\/wp\/v2\/product"}],"about":[{"href":"https:\/\/singuli.wpress.me\/index.php\/wp-json\/wp\/v2\/types\/product"}],"version-history":[{"count":0,"href":"https:\/\/singuli.wpress.me\/index.php\/wp-json\/wp\/v2\/product\/32100\/revisions"}],"wp:featuredmedia":[{"embeddable":true,"href":"https:\/\/singuli.wpress.me\/index.php\/wp-json\/wp\/v2\/media\/32101"}],"wp:attachment":[{"href":"https:\/\/singuli.wpress.me\/index.php\/wp-json\/wp\/v2\/media?parent=32100"}],"wp:term":[{"taxonomy":"product_brand","embeddable":true,"href":"https:\/\/singuli.wpress.me\/index.php\/wp-json\/wp\/v2\/product_brand?post=32100"},{"taxonomy":"product_cat","embeddable":true,"href":"https:\/\/singuli.wpress.me\/index.php\/wp-json\/wp\/v2\/product_cat?post=32100"},{"taxonomy":"product_tag","embeddable":true,"href":"https:\/\/singuli.wpress.me\/index.php\/wp-json\/wp\/v2\/product_tag?post=32100"}],"curies":[{"name":"wp","href":"https:\/\/api.w.org\/{rel}","templated":true}]}}