{"id":32108,"date":"2026-04-17T00:39:28","date_gmt":"2026-04-17T00:39:28","guid":{"rendered":"https:\/\/singuli.wpress.me\/index.php\/proizvod\/wahl-baldfader-sisac\/"},"modified":"2026-04-20T12:33:07","modified_gmt":"2026-04-20T12:33:07","slug":"wahl-baldfader-sisac","status":"publish","type":"product","link":"https:\/\/singuli.wpress.me\/index.php\/proizvod\/wahl-baldfader-sisac\/","title":{"rendered":"WAHL Baldfader, \u0161i\u0161a\u010d"},"content":{"rendered":"<p>Samoo\u0161tre\u0107a, precizno izra\u0111ena T-o\u0161trica za dugotrajnu kvalitetu \u0161i\u0161anja, sastoji se od poluge za postupno smanjenje i prilago\u0111avnje za potrebnu du\u017einu \u0161i\u0161anja. Sastoji se od jake i dugotrajne baterije te je idealan za kratke frizure koje sadr\u017ee razne prijelaze i oblikovanje frizure po \u017eelji.<\/p>\n","protected":false},"excerpt":{"rendered":"<p>Dugotrajna kvaliteta \u0161i\u0161anja<br \/>\nJaka i dugotrajna baterija<br \/>\nIdealan za kratke frizure<\/p>\n","protected":false},"featured_media":32109,"template":"","meta":{"_seopress_robots_primary_cat":"","_seopress_titles_title":"","_seopress_titles_desc":"","_seopress_robots_index":"","iawp_total_views":0},"product_brand":[159],"product_cat":[192,279],"product_tag":[],"class_list":{"0":"post-32108","1":"product","2":"type-product","3":"status-publish","4":"has-post-thumbnail","6":"product_brand-wahl","7":"product_cat-aparati-za-osobnu-njegu","8":"product_cat-brijanje-i-sisanje-192","10":"first","11":"outofstock","12":"shipping-taxable","13":"purchasable","14":"product-type-simple"},"_links":{"self":[{"href":"https:\/\/singuli.wpress.me\/index.php\/wp-json\/wp\/v2\/product\/32108","targetHints":{"allow":["GET"]}}],"collection":[{"href":"https:\/\/singuli.wpress.me\/index.php\/wp-json\/wp\/v2\/product"}],"about":[{"href":"https:\/\/singuli.wpress.me\/index.php\/wp-json\/wp\/v2\/types\/product"}],"version-history":[{"count":0,"href":"https:\/\/singuli.wpress.me\/index.php\/wp-json\/wp\/v2\/product\/32108\/revisions"}],"wp:featuredmedia":[{"embeddable":true,"href":"https:\/\/singuli.wpress.me\/index.php\/wp-json\/wp\/v2\/media\/32109"}],"wp:attachment":[{"href":"https:\/\/singuli.wpress.me\/index.php\/wp-json\/wp\/v2\/media?parent=32108"}],"wp:term":[{"taxonomy":"product_brand","embeddable":true,"href":"https:\/\/singuli.wpress.me\/index.php\/wp-json\/wp\/v2\/product_brand?post=32108"},{"taxonomy":"product_cat","embeddable":true,"href":"https:\/\/singuli.wpress.me\/index.php\/wp-json\/wp\/v2\/product_cat?post=32108"},{"taxonomy":"product_tag","embeddable":true,"href":"https:\/\/singuli.wpress.me\/index.php\/wp-json\/wp\/v2\/product_tag?post=32108"}],"curies":[{"name":"wp","href":"https:\/\/api.w.org\/{rel}","templated":true}]}}