{"id":32113,"date":"2026-04-17T00:39:31","date_gmt":"2026-04-17T00:39:31","guid":{"rendered":"https:\/\/singuli.wpress.me\/index.php\/proizvod\/wahl-color-trimer-za-bradu\/"},"modified":"2026-04-20T12:33:07","modified_gmt":"2026-04-20T12:33:07","slug":"wahl-color-trimer-za-bradu","status":"publish","type":"product","link":"https:\/\/singuli.wpress.me\/index.php\/proizvod\/wahl-color-trimer-za-bradu\/","title":{"rendered":"WAHL Color, trimer za bradu"},"content":{"rendered":"<p>Izvrsna izvedba svaki put:<br \/>\nZahvaljuju\u0107i sna\u017enom motoru i precizno izra\u0111enim o\u0161tricama od nehr\u0111aju\u0107eg \u010delika.<\/p>\n<p>Vodilice s bojama za jednostavno kori\u0161tenje:<br \/>\nVodilice s bojama omogu\u0107uju jednostavno odabiranje i pam\u0107enje duljine va\u0161eg nastavka.<\/p>\n<p>\u010ce\u0161ljevi za glatko \u0161i\u0161anje:<br \/>\n\u010ce\u0161ljevi s zaobljenim vrhovima dizajnirani za neometano \u0161i\u0161anje bez zapinjanja.<\/p>\n","protected":false},"excerpt":{"rendered":"<p>Izvrsna izvedba svaki put<br \/>\nVodilice s bojama za jednostavno kori\u0161tenje<br \/>\n\u010ce\u0161ljevi za glatko \u0161i\u0161anje<\/p>\n","protected":false},"featured_media":32115,"template":"","meta":{"_seopress_robots_primary_cat":"","_seopress_titles_title":"","_seopress_titles_desc":"","_seopress_robots_index":"","iawp_total_views":0},"product_brand":[159],"product_cat":[280,192,279],"product_tag":[],"class_list":{"0":"post-32113","1":"product","2":"type-product","3":"status-publish","4":"has-post-thumbnail","6":"product_brand-wahl","7":"product_cat-aparati-za-muskarce-279","8":"product_cat-aparati-za-osobnu-njegu","9":"product_cat-brijanje-i-sisanje-192","11":"first","12":"outofstock","13":"shipping-taxable","14":"purchasable","15":"product-type-simple"},"_links":{"self":[{"href":"https:\/\/singuli.wpress.me\/index.php\/wp-json\/wp\/v2\/product\/32113","targetHints":{"allow":["GET"]}}],"collection":[{"href":"https:\/\/singuli.wpress.me\/index.php\/wp-json\/wp\/v2\/product"}],"about":[{"href":"https:\/\/singuli.wpress.me\/index.php\/wp-json\/wp\/v2\/types\/product"}],"version-history":[{"count":0,"href":"https:\/\/singuli.wpress.me\/index.php\/wp-json\/wp\/v2\/product\/32113\/revisions"}],"wp:featuredmedia":[{"embeddable":true,"href":"https:\/\/singuli.wpress.me\/index.php\/wp-json\/wp\/v2\/media\/32115"}],"wp:attachment":[{"href":"https:\/\/singuli.wpress.me\/index.php\/wp-json\/wp\/v2\/media?parent=32113"}],"wp:term":[{"taxonomy":"product_brand","embeddable":true,"href":"https:\/\/singuli.wpress.me\/index.php\/wp-json\/wp\/v2\/product_brand?post=32113"},{"taxonomy":"product_cat","embeddable":true,"href":"https:\/\/singuli.wpress.me\/index.php\/wp-json\/wp\/v2\/product_cat?post=32113"},{"taxonomy":"product_tag","embeddable":true,"href":"https:\/\/singuli.wpress.me\/index.php\/wp-json\/wp\/v2\/product_tag?post=32113"}],"curies":[{"name":"wp","href":"https:\/\/api.w.org\/{rel}","templated":true}]}}