{"id":32118,"date":"2026-04-17T00:39:33","date_gmt":"2026-04-17T00:39:33","guid":{"rendered":"https:\/\/singuli.wpress.me\/index.php\/proizvod\/jar-professional-tekuci-deterdzent-za-pranje-suda-u-perilici-fairy-jar-5-l\/"},"modified":"2026-04-20T12:33:07","modified_gmt":"2026-04-20T12:33:07","slug":"jar-professional-tekuci-deterdzent-za-pranje-suda-u-perilici-fairy-jar-5-l","status":"publish","type":"product","link":"https:\/\/singuli.wpress.me\/index.php\/proizvod\/jar-professional-tekuci-deterdzent-za-pranje-suda-u-perilici-fairy-jar-5-l\/","title":{"rendered":"JAR PROFESSIONAL, teku\u0107i deterd\u017eent za pranje su\u0111a u perilici, Fairy Jar, 5\u00a0l"},"content":{"rendered":"<p>Jar Professional, deterd\u017eent za profesionalne perilice posu\u0111a, uklanja \u010dak i najtvrdokornije mrlje poput onih od \u0161kroba i bjelan\u010devina iz tjestenine ili jaja. Zahvaljuju\u0107i svojoj snazi i formuli, Jar pru\u017ea blistavu \u010disto\u0107u bez obzira na tvrdo\u0107u vode. Za besprijekorne rezultate upotrebljavati sa sredstvom za pomo\u0107 pri ispiranju Jar Professional.<\/p>\n","protected":false},"excerpt":{"rendered":"<p>U trenu \u010disti \u010dak i sasu\u0161ene ostatke hrane<br \/>\nPoma\u017ee sprije\u010diti talo\u017eenje kamenca<br \/>\nSnaga Jara za blistavu \u010disto\u0107u<\/p>\n","protected":false},"featured_media":32120,"template":"","meta":{"_seopress_robots_primary_cat":"","_seopress_titles_title":"","_seopress_titles_desc":"","_seopress_robots_index":"","iawp_total_views":0},"product_brand":[467],"product_cat":[314,238],"product_tag":[],"class_list":{"0":"post-32118","1":"product","2":"type-product","3":"status-publish","4":"has-post-thumbnail","6":"product_brand-jar-professional","7":"product_cat-pranje-posuda-238","8":"product_cat-sve-za-dom","10":"first","11":"outofstock","12":"shipping-taxable","13":"purchasable","14":"product-type-simple"},"_links":{"self":[{"href":"https:\/\/singuli.wpress.me\/index.php\/wp-json\/wp\/v2\/product\/32118","targetHints":{"allow":["GET"]}}],"collection":[{"href":"https:\/\/singuli.wpress.me\/index.php\/wp-json\/wp\/v2\/product"}],"about":[{"href":"https:\/\/singuli.wpress.me\/index.php\/wp-json\/wp\/v2\/types\/product"}],"version-history":[{"count":0,"href":"https:\/\/singuli.wpress.me\/index.php\/wp-json\/wp\/v2\/product\/32118\/revisions"}],"wp:featuredmedia":[{"embeddable":true,"href":"https:\/\/singuli.wpress.me\/index.php\/wp-json\/wp\/v2\/media\/32120"}],"wp:attachment":[{"href":"https:\/\/singuli.wpress.me\/index.php\/wp-json\/wp\/v2\/media?parent=32118"}],"wp:term":[{"taxonomy":"product_brand","embeddable":true,"href":"https:\/\/singuli.wpress.me\/index.php\/wp-json\/wp\/v2\/product_brand?post=32118"},{"taxonomy":"product_cat","embeddable":true,"href":"https:\/\/singuli.wpress.me\/index.php\/wp-json\/wp\/v2\/product_cat?post=32118"},{"taxonomy":"product_tag","embeddable":true,"href":"https:\/\/singuli.wpress.me\/index.php\/wp-json\/wp\/v2\/product_tag?post=32118"}],"curies":[{"name":"wp","href":"https:\/\/api.w.org\/{rel}","templated":true}]}}