{"id":32122,"date":"2026-04-17T00:39:34","date_gmt":"2026-04-17T00:39:34","guid":{"rendered":"https:\/\/singuli.wpress.me\/index.php\/proizvod\/jar-professional-sredstvo-za-ispiranje-suda-u-perilici-fairy-jar-5-l\/"},"modified":"2026-04-20T12:33:07","modified_gmt":"2026-04-20T12:33:07","slug":"jar-professional-sredstvo-za-ispiranje-suda-u-perilici-fairy-jar-5-l","status":"publish","type":"product","link":"https:\/\/singuli.wpress.me\/index.php\/proizvod\/jar-professional-sredstvo-za-ispiranje-suda-u-perilici-fairy-jar-5-l\/","title":{"rendered":"JAR PROFESSIONAL, sredstvo za ispiranje su\u0111a u perilici, Fairy Jar, 5\u00a0l"},"content":{"rendered":"<p>Sredstvo za pomo\u0107 pri ispiranju Jar Professional za komercijalne perilice posu\u0111a, omogu\u0107uje brzo su\u0161enje te \u0161titi va\u0161e posu\u0111e i strojeve od tragova kapljica i talo\u017eenja kamenca. Za besprijekorne rezultate upotrebljavati s deterd\u017eentom Jar Professional.<\/p>\n","protected":false},"excerpt":{"rendered":"<p>Do dva puta br\u017ee su\u0161enje<br \/>\nPoma\u017ee odr\u017eati sjaj posu\u0111a<br \/>\nPoma\u017ee sprije\u010diti stvaranje tragova kapljica i talo\u017eenje kamenca<\/p>\n","protected":false},"featured_media":32123,"template":"","meta":{"_seopress_robots_primary_cat":"","_seopress_titles_title":"","_seopress_titles_desc":"","_seopress_robots_index":"","iawp_total_views":0},"product_brand":[467],"product_cat":[314,238],"product_tag":[],"class_list":{"0":"post-32122","1":"product","2":"type-product","3":"status-publish","4":"has-post-thumbnail","6":"product_brand-jar-professional","7":"product_cat-pranje-posuda-238","8":"product_cat-sve-za-dom","10":"first","11":"instock","12":"shipping-taxable","13":"purchasable","14":"product-type-simple"},"_links":{"self":[{"href":"https:\/\/singuli.wpress.me\/index.php\/wp-json\/wp\/v2\/product\/32122","targetHints":{"allow":["GET"]}}],"collection":[{"href":"https:\/\/singuli.wpress.me\/index.php\/wp-json\/wp\/v2\/product"}],"about":[{"href":"https:\/\/singuli.wpress.me\/index.php\/wp-json\/wp\/v2\/types\/product"}],"version-history":[{"count":0,"href":"https:\/\/singuli.wpress.me\/index.php\/wp-json\/wp\/v2\/product\/32122\/revisions"}],"wp:featuredmedia":[{"embeddable":true,"href":"https:\/\/singuli.wpress.me\/index.php\/wp-json\/wp\/v2\/media\/32123"}],"wp:attachment":[{"href":"https:\/\/singuli.wpress.me\/index.php\/wp-json\/wp\/v2\/media?parent=32122"}],"wp:term":[{"taxonomy":"product_brand","embeddable":true,"href":"https:\/\/singuli.wpress.me\/index.php\/wp-json\/wp\/v2\/product_brand?post=32122"},{"taxonomy":"product_cat","embeddable":true,"href":"https:\/\/singuli.wpress.me\/index.php\/wp-json\/wp\/v2\/product_cat?post=32122"},{"taxonomy":"product_tag","embeddable":true,"href":"https:\/\/singuli.wpress.me\/index.php\/wp-json\/wp\/v2\/product_tag?post=32122"}],"curies":[{"name":"wp","href":"https:\/\/api.w.org\/{rel}","templated":true}]}}