{"id":32125,"date":"2026-04-17T00:39:38","date_gmt":"2026-04-17T00:39:38","guid":{"rendered":"https:\/\/singuli.wpress.me\/index.php\/proizvod\/honeywell-samostojeci-ventilator-hsf600-crni\/"},"modified":"2026-04-20T12:33:07","modified_gmt":"2026-04-20T12:33:07","slug":"honeywell-samostojeci-ventilator-hsf600-crni","status":"publish","type":"product","link":"https:\/\/singuli.wpress.me\/index.php\/proizvod\/honeywell-samostojeci-ventilator-hsf600-crni\/","title":{"rendered":"HONEYWELL, samostoje\u0107i ventilator, HSF600 &#8211; crni"},"content":{"rendered":"<p>Ventilator s pet razina<br \/>\nVentilator dolazi s pet razina hla\u0111enja, omogu\u0107uju\u0107i vam prilagodbu temperature prema va\u0161im \u017eeljama i potrebama.<br \/>\nOpcija vremena rada<br \/>\nOpcije tajmera omogu\u0107uju vam pode\u0161avanje vremena rada rashladiva\u010da prema va\u0161im preferencijama i rasporedu, pru\u017eaju\u0107i vam dodatnu prakti\u010dnost i kontrolu.<br \/>\nDaljinsko upravljanje<br \/>\nDaljinsko upravljanje omogu\u0107uje vam lako pode\u0161avanje postavki rashladiva\u010da zraka iz udobnosti va\u0161eg kau\u010da ili kreveta, pru\u017eaju\u0107i vam prakti\u010dnost i udobnost tijekom upotrebe.<br \/>\nOstale prednosti<br \/>\nPode\u0161avanje glave pomo\u0107u okretanja i zaklju\u010davanja.<br \/>\nPodesiva glava ventilatora.<\/p>\n","protected":false},"excerpt":{"rendered":"<p>Pet razina hla\u0111enja<br \/>\nTajmer omogu\u0107uje pode\u0161avanje vremena rada<br \/>\nPodesiva glava ventilatora<\/p>\n","protected":false},"featured_media":32126,"template":"","meta":{"_seopress_robots_primary_cat":"","_seopress_titles_title":"","_seopress_titles_desc":"","_seopress_robots_index":"","iawp_total_views":0},"product_brand":[506],"product_cat":[184,160],"product_tag":[],"class_list":{"0":"post-32125","1":"product","2":"type-product","3":"status-publish","4":"has-post-thumbnail","6":"product_brand-honeywell","7":"product_cat-kvaliteta-zraka-i-grijanje","8":"product_cat-mali-kucanski-aparati","10":"first","11":"outofstock","12":"shipping-taxable","13":"purchasable","14":"product-type-simple"},"_links":{"self":[{"href":"https:\/\/singuli.wpress.me\/index.php\/wp-json\/wp\/v2\/product\/32125","targetHints":{"allow":["GET"]}}],"collection":[{"href":"https:\/\/singuli.wpress.me\/index.php\/wp-json\/wp\/v2\/product"}],"about":[{"href":"https:\/\/singuli.wpress.me\/index.php\/wp-json\/wp\/v2\/types\/product"}],"version-history":[{"count":0,"href":"https:\/\/singuli.wpress.me\/index.php\/wp-json\/wp\/v2\/product\/32125\/revisions"}],"wp:featuredmedia":[{"embeddable":true,"href":"https:\/\/singuli.wpress.me\/index.php\/wp-json\/wp\/v2\/media\/32126"}],"wp:attachment":[{"href":"https:\/\/singuli.wpress.me\/index.php\/wp-json\/wp\/v2\/media?parent=32125"}],"wp:term":[{"taxonomy":"product_brand","embeddable":true,"href":"https:\/\/singuli.wpress.me\/index.php\/wp-json\/wp\/v2\/product_brand?post=32125"},{"taxonomy":"product_cat","embeddable":true,"href":"https:\/\/singuli.wpress.me\/index.php\/wp-json\/wp\/v2\/product_cat?post=32125"},{"taxonomy":"product_tag","embeddable":true,"href":"https:\/\/singuli.wpress.me\/index.php\/wp-json\/wp\/v2\/product_tag?post=32125"}],"curies":[{"name":"wp","href":"https:\/\/api.w.org\/{rel}","templated":true}]}}