{"id":32127,"date":"2026-04-17T00:39:39","date_gmt":"2026-04-17T00:39:39","guid":{"rendered":"https:\/\/singuli.wpress.me\/index.php\/proizvod\/honeywell-stolni-ventilator-hyf500\/"},"modified":"2026-04-20T12:33:07","modified_gmt":"2026-04-20T12:33:07","slug":"honeywell-stolni-ventilator-hyf500","status":"publish","type":"product","link":"https:\/\/singuli.wpress.me\/index.php\/proizvod\/honeywell-stolni-ventilator-hyf500\/","title":{"rendered":"HONEYWELL, stolni ventilator, HYF500"},"content":{"rendered":"<p>Pivotiraju\u0107i vrh ventilatora<br \/>\nPivotiraju\u0107i vrh ventilatora omogu\u0107uje cirkulaciju zraka po cijeloj sobi, osiguravaju\u0107i ugodnu temperaturu i svje\u017einu u svakom kutku prostorije.<br \/>\n2 rashla\u0111iva\u010da zraka<br \/>\nRashladiva\u010di zraka elegantno rashla\u0111uju va\u0161 prostor, pru\u017eaju\u0107i osvje\u017eavaju\u0107i u\u010dinak s sofisticiranim dizajnom.<br \/>\nSna\u017eno hla\u0111enje<br \/>\nElegantan stroj za rashla\u0111ivanje koji se koristi za prostrane prostore, s jakom snagom bez ometanja.<br \/>\n2 kontrole na ure\u0111aju<br \/>\nsvaka sa 3 brzine.<br \/>\nDonji ventilator<br \/>\nOstaje usmjeren za osobno hla\u0111enje ili se mo\u017ee oscilirati (80\u00b0) za hla\u0111enje ve\u0107eg podru\u010dja.<\/p>\n","protected":false},"excerpt":{"rendered":"<p>Sna\u017eno hla\u0111enje<br \/>\nPivotiraju\u0107i vrh ventilatora omogu\u0107uje cirkulaciju zraka po cijeloj sobi<br \/>\n2 kontrole na ure\u0111aju svaka sa 3 brzine<\/p>\n","protected":false},"featured_media":32129,"template":"","meta":{"_seopress_robots_primary_cat":"","_seopress_titles_title":"","_seopress_titles_desc":"","_seopress_robots_index":"","iawp_total_views":0},"product_brand":[506],"product_cat":[184,160],"product_tag":[],"class_list":{"0":"post-32127","1":"product","2":"type-product","3":"status-publish","4":"has-post-thumbnail","6":"product_brand-honeywell","7":"product_cat-kvaliteta-zraka-i-grijanje","8":"product_cat-mali-kucanski-aparati","10":"first","11":"outofstock","12":"shipping-taxable","13":"purchasable","14":"product-type-simple"},"_links":{"self":[{"href":"https:\/\/singuli.wpress.me\/index.php\/wp-json\/wp\/v2\/product\/32127","targetHints":{"allow":["GET"]}}],"collection":[{"href":"https:\/\/singuli.wpress.me\/index.php\/wp-json\/wp\/v2\/product"}],"about":[{"href":"https:\/\/singuli.wpress.me\/index.php\/wp-json\/wp\/v2\/types\/product"}],"version-history":[{"count":0,"href":"https:\/\/singuli.wpress.me\/index.php\/wp-json\/wp\/v2\/product\/32127\/revisions"}],"wp:featuredmedia":[{"embeddable":true,"href":"https:\/\/singuli.wpress.me\/index.php\/wp-json\/wp\/v2\/media\/32129"}],"wp:attachment":[{"href":"https:\/\/singuli.wpress.me\/index.php\/wp-json\/wp\/v2\/media?parent=32127"}],"wp:term":[{"taxonomy":"product_brand","embeddable":true,"href":"https:\/\/singuli.wpress.me\/index.php\/wp-json\/wp\/v2\/product_brand?post=32127"},{"taxonomy":"product_cat","embeddable":true,"href":"https:\/\/singuli.wpress.me\/index.php\/wp-json\/wp\/v2\/product_cat?post=32127"},{"taxonomy":"product_tag","embeddable":true,"href":"https:\/\/singuli.wpress.me\/index.php\/wp-json\/wp\/v2\/product_tag?post=32127"}],"curies":[{"name":"wp","href":"https:\/\/api.w.org\/{rel}","templated":true}]}}