{"id":32134,"date":"2026-04-17T00:39:41","date_gmt":"2026-04-17T00:39:41","guid":{"rendered":"https:\/\/singuli.wpress.me\/index.php\/proizvod\/revlon-one-step-susilo-i-pegla-za-kosu\/"},"modified":"2026-04-20T12:33:07","modified_gmt":"2026-04-20T12:33:07","slug":"revlon-one-step-susilo-i-pegla-za-kosu","status":"publish","type":"product","link":"https:\/\/singuli.wpress.me\/index.php\/proizvod\/revlon-one-step-susilo-i-pegla-za-kosu\/","title":{"rendered":"REVLON One Step, su\u0161ilo i pegla za kosu"},"content":{"rendered":"<p>2u1<br \/>\nSu\u0161ilo za kosu i pegla u jednom ure\u0111aju pru\u017ea prakti\u010dno rje\u0161enje za su\u0161enje i oblikovanje kose bez potrebe za vi\u0161e alata, \u0161tede\u0107i vrijeme i prostor.<br \/>\nNema vi\u0161e prekomjerno isu\u0161ene,o\u0161te\u0107ene kose<br \/>\nZadr\u017eava 100% prirodne vlage kose.<br \/>\nOd vla\u017ene do prirodno ravne<br \/>\nPrijelaz od vla\u017ene do stilizirane kose koriste\u0107i jedan alat.<br \/>\n4 postavke za vla\u017enu kosu<br \/>\nSu\u0161i i pegla toplim zrakom bez ekstremne topline.<br \/>\n2 postavke za suhu kosu<br \/>\nDodatni sjaj s opcionalnim zagrijanim zubima i plo\u010dama infuziranim arganovim uljem.<br \/>\nTehnologija AirPause\u2122<br \/>\nPu\u0161e kosu po potrebi. Pritisnite ru\u010dke za aktiviranje protoka zraka, otpustite za zaustavljanje.<br \/>\nKerami\u010dke turmalinske \u010detke i plo\u010de nfuzirane arganovim uljem<br \/>\nDobijte sjajne, ravnije rezultate kada kosa prolazi izme\u0111u zubaca i plo\u010da.<br \/>\nJedinstveni dizajn ventilacije<br \/>\nKoncentriran protok zraka za brzo i ravnomjerno su\u0161enje.<\/p>\n","protected":false},"excerpt":{"rendered":"<p>Su\u0161ilo za kosu i pegla u jednom<br \/>\nZadr\u017eava 100% prirodne vlage kose<br \/>\nSu\u0161i i pegla toplim zrakom<\/p>\n","protected":false},"featured_media":32136,"template":"","meta":{"_seopress_robots_primary_cat":"","_seopress_titles_title":"","_seopress_titles_desc":"","_seopress_robots_index":"","iawp_total_views":0},"product_brand":[155],"product_cat":[192,319],"product_tag":[],"class_list":{"0":"post-32134","1":"product","2":"type-product","3":"status-publish","4":"has-post-thumbnail","6":"product_brand-revlon","7":"product_cat-aparati-za-osobnu-njegu","8":"product_cat-susila-za-kosu-pegla-i-uvijaci-192","10":"first","11":"outofstock","12":"shipping-taxable","13":"purchasable","14":"product-type-simple"},"_links":{"self":[{"href":"https:\/\/singuli.wpress.me\/index.php\/wp-json\/wp\/v2\/product\/32134","targetHints":{"allow":["GET"]}}],"collection":[{"href":"https:\/\/singuli.wpress.me\/index.php\/wp-json\/wp\/v2\/product"}],"about":[{"href":"https:\/\/singuli.wpress.me\/index.php\/wp-json\/wp\/v2\/types\/product"}],"version-history":[{"count":0,"href":"https:\/\/singuli.wpress.me\/index.php\/wp-json\/wp\/v2\/product\/32134\/revisions"}],"wp:featuredmedia":[{"embeddable":true,"href":"https:\/\/singuli.wpress.me\/index.php\/wp-json\/wp\/v2\/media\/32136"}],"wp:attachment":[{"href":"https:\/\/singuli.wpress.me\/index.php\/wp-json\/wp\/v2\/media?parent=32134"}],"wp:term":[{"taxonomy":"product_brand","embeddable":true,"href":"https:\/\/singuli.wpress.me\/index.php\/wp-json\/wp\/v2\/product_brand?post=32134"},{"taxonomy":"product_cat","embeddable":true,"href":"https:\/\/singuli.wpress.me\/index.php\/wp-json\/wp\/v2\/product_cat?post=32134"},{"taxonomy":"product_tag","embeddable":true,"href":"https:\/\/singuli.wpress.me\/index.php\/wp-json\/wp\/v2\/product_tag?post=32134"}],"curies":[{"name":"wp","href":"https:\/\/api.w.org\/{rel}","templated":true}]}}