{"id":32144,"date":"2026-04-17T00:39:45","date_gmt":"2026-04-17T00:39:45","guid":{"rendered":"https:\/\/singuli.wpress.me\/index.php\/proizvod\/revlon-set-pegla-za-kosu-cetka\/"},"modified":"2026-04-20T12:33:07","modified_gmt":"2026-04-20T12:33:07","slug":"revlon-set-pegla-za-kosu-cetka","status":"publish","type":"product","link":"https:\/\/singuli.wpress.me\/index.php\/proizvod\/revlon-set-pegla-za-kosu-cetka\/","title":{"rendered":"REVLON, set, pegla za kosu + \u010detka"},"content":{"rendered":"<p>Digitalni preglednik<br \/>\nPreglednik omogu\u0107uje jednostavno namje\u0161tanje temperature prema va\u0161im potrebama.<br \/>\nErgonomski naslon<br \/>\nErgonomski naslon za palac osigurava udobno dr\u017eanje i kontrolu tijekom upotrebe, smanjuju\u0107i umor i olak\u0161avaju\u0107i precizno oblikovanje kose.<br \/>\nOdli\u010dan dodatak<br \/>\nUklju\u010dena torbica i Revlon \u010detka dodatak su ovom setu, pru\u017eaju\u0107i vam prakti\u010dno rje\u0161enje za pohranu i stiliziranje kose.<br \/>\nOtklju\u010davanje\/zaklju\u010davnje ure\u0111aja<br \/>\nOsigurava sigurnost pri spremanju proizvoda.<br \/>\nZagrijavanje do 200 stupnjeva<br \/>\nZa brzu i jednostavnu uporabu.<br \/>\nKerami\u010dki premaz<br \/>\nOsigurava ravnomjerno zagrijavnje ure\u0111aja tako da prodire u kosu te omogu\u0107uje brzo su\u0161enje iznutra prema van.<br \/>\nOstali dodatci<br \/>\nLagani dizajn.<br \/>\nIndikator svjetla kad je ure\u0111aj spreman za kori\u0161tenje.<\/p>\n","protected":false},"excerpt":{"rendered":"<p>Zagrijavanje do 200 stupnjeva<br \/>\nKerami\u010dki premaz osigurava ravnomjerno zagrijavnje<br \/>\nLagani dizajn<\/p>\n","protected":false},"featured_media":32146,"template":"","meta":{"_seopress_robots_primary_cat":"","_seopress_titles_title":"","_seopress_titles_desc":"","_seopress_robots_index":"","iawp_total_views":0},"product_brand":[155],"product_cat":[192,319],"product_tag":[],"class_list":{"0":"post-32144","1":"product","2":"type-product","3":"status-publish","4":"has-post-thumbnail","6":"product_brand-revlon","7":"product_cat-aparati-za-osobnu-njegu","8":"product_cat-susila-za-kosu-pegla-i-uvijaci-192","10":"first","11":"instock","12":"shipping-taxable","13":"purchasable","14":"product-type-simple"},"_links":{"self":[{"href":"https:\/\/singuli.wpress.me\/index.php\/wp-json\/wp\/v2\/product\/32144","targetHints":{"allow":["GET"]}}],"collection":[{"href":"https:\/\/singuli.wpress.me\/index.php\/wp-json\/wp\/v2\/product"}],"about":[{"href":"https:\/\/singuli.wpress.me\/index.php\/wp-json\/wp\/v2\/types\/product"}],"version-history":[{"count":0,"href":"https:\/\/singuli.wpress.me\/index.php\/wp-json\/wp\/v2\/product\/32144\/revisions"}],"wp:featuredmedia":[{"embeddable":true,"href":"https:\/\/singuli.wpress.me\/index.php\/wp-json\/wp\/v2\/media\/32146"}],"wp:attachment":[{"href":"https:\/\/singuli.wpress.me\/index.php\/wp-json\/wp\/v2\/media?parent=32144"}],"wp:term":[{"taxonomy":"product_brand","embeddable":true,"href":"https:\/\/singuli.wpress.me\/index.php\/wp-json\/wp\/v2\/product_brand?post=32144"},{"taxonomy":"product_cat","embeddable":true,"href":"https:\/\/singuli.wpress.me\/index.php\/wp-json\/wp\/v2\/product_cat?post=32144"},{"taxonomy":"product_tag","embeddable":true,"href":"https:\/\/singuli.wpress.me\/index.php\/wp-json\/wp\/v2\/product_tag?post=32144"}],"curies":[{"name":"wp","href":"https:\/\/api.w.org\/{rel}","templated":true}]}}