{"id":32148,"date":"2026-04-17T00:39:45","date_gmt":"2026-04-17T00:39:45","guid":{"rendered":"https:\/\/singuli.wpress.me\/index.php\/proizvod\/spirax-s6-axme-75w90-mjenjacko-ulje-12x1-l-12-l\/"},"modified":"2026-04-20T12:33:07","modified_gmt":"2026-04-20T12:33:07","slug":"spirax-s6-axme-75w90-mjenjacko-ulje-12x1-l-12-l","status":"publish","type":"product","link":"https:\/\/singuli.wpress.me\/index.php\/proizvod\/spirax-s6-axme-75w90-mjenjacko-ulje-12x1-l-12-l\/","title":{"rendered":"SPIRAX S6 AXME 75W90, mjenja\u010dko ulje, 12&#215;1 l, 12\u00a0l"},"content":{"rendered":"<p>Shell Spirax S6 AXME 75W-90 je jedinstveno i u\u010dinkovito dugotrajno mjenja\u010dko ulje dizajnirano za najbolju za\u0161titu ru\u010dnih mjenja\u010da i diferencijala najnovije proizvodnje. Specijalno proizvedeno od sinteti\u010dkih baznih ulja i jedinstvene tehnologije aditiva pru\u017ea unaprije\u0111eno podmazivanje prijenosnog sustava, smanjuje radne temperature i produljuje radni vijek opreme. Shell Spirax S6 75W-90 je ulje s produljenim intervalom izmjene te je odobreno od strane nekoliko proizvo\u0111a\u010da originalne opreme za specifikacije produljenje izmjene ulja. Dolazi u pakiranju 12x1L.<\/p>\n","protected":false},"excerpt":{"rendered":"<p>Napredna za\u0161tita za mjenja\u010de i diferencijale<br \/>\nProduljen vijek trajanja opreme<br \/>\nDugi intervali izmjene ulja: Odobreno od proizvo\u0111a\u010da opreme za produljene intervale izmjene<\/p>\n","protected":false},"featured_media":32149,"template":"","meta":{"_seopress_robots_primary_cat":"","_seopress_titles_title":"","_seopress_titles_desc":"","_seopress_robots_index":"","iawp_total_views":0},"product_brand":[371],"product_cat":[243,276],"product_tag":[],"class_list":{"0":"post-32148","1":"product","2":"type-product","3":"status-publish","4":"has-post-thumbnail","6":"product_brand-spirax","7":"product_cat-automobili-i-motori","8":"product_cat-industrijska-i-specijalna-ulja-243","10":"first","11":"instock","12":"shipping-taxable","13":"purchasable","14":"product-type-simple"},"_links":{"self":[{"href":"https:\/\/singuli.wpress.me\/index.php\/wp-json\/wp\/v2\/product\/32148","targetHints":{"allow":["GET"]}}],"collection":[{"href":"https:\/\/singuli.wpress.me\/index.php\/wp-json\/wp\/v2\/product"}],"about":[{"href":"https:\/\/singuli.wpress.me\/index.php\/wp-json\/wp\/v2\/types\/product"}],"version-history":[{"count":0,"href":"https:\/\/singuli.wpress.me\/index.php\/wp-json\/wp\/v2\/product\/32148\/revisions"}],"wp:featuredmedia":[{"embeddable":true,"href":"https:\/\/singuli.wpress.me\/index.php\/wp-json\/wp\/v2\/media\/32149"}],"wp:attachment":[{"href":"https:\/\/singuli.wpress.me\/index.php\/wp-json\/wp\/v2\/media?parent=32148"}],"wp:term":[{"taxonomy":"product_brand","embeddable":true,"href":"https:\/\/singuli.wpress.me\/index.php\/wp-json\/wp\/v2\/product_brand?post=32148"},{"taxonomy":"product_cat","embeddable":true,"href":"https:\/\/singuli.wpress.me\/index.php\/wp-json\/wp\/v2\/product_cat?post=32148"},{"taxonomy":"product_tag","embeddable":true,"href":"https:\/\/singuli.wpress.me\/index.php\/wp-json\/wp\/v2\/product_tag?post=32148"}],"curies":[{"name":"wp","href":"https:\/\/api.w.org\/{rel}","templated":true}]}}