{"id":32161,"date":"2026-04-17T00:39:51","date_gmt":"2026-04-17T00:39:51","guid":{"rendered":"https:\/\/singuli.wpress.me\/index.php\/proizvod\/barbie-cutie-reveal-lutka-dalmatiner\/"},"modified":"2026-04-20T12:33:07","modified_gmt":"2026-04-20T12:33:07","slug":"barbie-cutie-reveal-lutka-dalmatiner","status":"publish","type":"product","link":"https:\/\/singuli.wpress.me\/index.php\/proizvod\/barbie-cutie-reveal-lutka-dalmatiner\/","title":{"rendered":"BARBIE Cutie Reveal, lutka, dalmatiner"},"content":{"rendered":"<p>Nove Barbie Cutie Reveal lutke nude 10 iznena\u0111enja! Koju \u0107ete lutku dobiti? Zeko, zebra ili dalmatiner, svi transformirani iz crno-bijele u sanjive dugine boje sa skrivenom Barbie lutkom. Skinite pli\u0161ani kostim i otkrijte Barbie lutku s dugom, \u0161arenom kosom. Uklju\u010duje suknju ili hla\u010dice, cipele, nau\u0161nice, \u010de\u0161alj i mini ljubimca. Kostim se mo\u017ee preokrenuti u krznenu jaknu, a glava koristiti kao krevet za ljubimca. Hladna voda mijenja boju mini ljubimca i detalja na licu lutke, a topla voda vra\u0107a boju. Lutke se prodaju zasebno i ne mogu samostalno stajati.<\/p>\n","protected":false},"excerpt":{"rendered":"<p>Lutke s 10 iznena\u0111enja, koje se transformiraju u razli\u010dite boje sa skrivenom Barbie lutkom<br \/>\nSadr\u017ei mini ljubimca i dodatke<br \/>\nDob: 3+ god<\/p>\n","protected":false},"featured_media":32163,"template":"","meta":{"_seopress_robots_primary_cat":"","_seopress_titles_title":"","_seopress_titles_desc":"","_seopress_robots_index":"","iawp_total_views":0},"product_brand":[324],"product_cat":[221,291],"product_tag":[],"class_list":{"0":"post-32161","1":"product","2":"type-product","3":"status-publish","4":"has-post-thumbnail","6":"product_brand-barbie","7":"product_cat-igracke","8":"product_cat-igracke-za-djecu-221","10":"first","11":"outofstock","12":"shipping-taxable","13":"purchasable","14":"product-type-simple"},"_links":{"self":[{"href":"https:\/\/singuli.wpress.me\/index.php\/wp-json\/wp\/v2\/product\/32161","targetHints":{"allow":["GET"]}}],"collection":[{"href":"https:\/\/singuli.wpress.me\/index.php\/wp-json\/wp\/v2\/product"}],"about":[{"href":"https:\/\/singuli.wpress.me\/index.php\/wp-json\/wp\/v2\/types\/product"}],"version-history":[{"count":0,"href":"https:\/\/singuli.wpress.me\/index.php\/wp-json\/wp\/v2\/product\/32161\/revisions"}],"wp:featuredmedia":[{"embeddable":true,"href":"https:\/\/singuli.wpress.me\/index.php\/wp-json\/wp\/v2\/media\/32163"}],"wp:attachment":[{"href":"https:\/\/singuli.wpress.me\/index.php\/wp-json\/wp\/v2\/media?parent=32161"}],"wp:term":[{"taxonomy":"product_brand","embeddable":true,"href":"https:\/\/singuli.wpress.me\/index.php\/wp-json\/wp\/v2\/product_brand?post=32161"},{"taxonomy":"product_cat","embeddable":true,"href":"https:\/\/singuli.wpress.me\/index.php\/wp-json\/wp\/v2\/product_cat?post=32161"},{"taxonomy":"product_tag","embeddable":true,"href":"https:\/\/singuli.wpress.me\/index.php\/wp-json\/wp\/v2\/product_tag?post=32161"}],"curies":[{"name":"wp","href":"https:\/\/api.w.org\/{rel}","templated":true}]}}