{"id":32177,"date":"2026-04-17T00:39:58","date_gmt":"2026-04-17T00:39:58","guid":{"rendered":"https:\/\/singuli.wpress.me\/index.php\/proizvod\/cimcool-68-ff-sinteticka-tekucina-20-l\/"},"modified":"2026-04-20T12:33:07","modified_gmt":"2026-04-20T12:33:07","slug":"cimcool-68-ff-sinteticka-tekucina-20-l","status":"publish","type":"product","link":"https:\/\/singuli.wpress.me\/index.php\/proizvod\/cimcool-68-ff-sinteticka-tekucina-20-l\/","title":{"rendered":"CIMCOOL 68 FF, sinteti\u010dka teku\u0107ina, 20\u00a0l"},"content":{"rendered":"<p>Cimvantage 68FF je ekonomi\u010dan i vi\u0161enamjenski koncentrat teku\u0107ine za rezanje, dizajniran za stvaranje mikrofine emulzije mije\u0161anjem s vodom. Ova teku\u0107ina je idealna za \u0161irok spektar primjena, posebno se preporu\u010duje za srednje do te\u0161ke uvjete bru\u0161enja i strojne obrade. Posebna formulacija ne sadr\u017ei formaldehid niti biocid, \u0161to je \u010dini sigurnom za upotrebu.<\/p>\n","protected":false},"excerpt":{"rendered":"<p>Svestrana teku\u0107ina pogodna za razne primjene bru\u0161enja i obrade<br \/>\nSigurna za upotrebu i ekolo\u0161ki prihvatljivija opcija<br \/>\nIdealna za srednje do te\u0161ke operacije bru\u0161enja i strojne obrade<\/p>\n","protected":false},"featured_media":32178,"template":"","meta":{"_seopress_robots_primary_cat":"","_seopress_titles_title":"","_seopress_titles_desc":"","_seopress_robots_index":"","iawp_total_views":0},"product_brand":[510],"product_cat":[243,315],"product_tag":[],"class_list":{"0":"post-32177","1":"product","2":"type-product","3":"status-publish","4":"has-post-thumbnail","6":"product_brand-cimcool","7":"product_cat-automobili-i-motori","8":"product_cat-rashladne-tekucine-243","10":"first","11":"outofstock","12":"shipping-taxable","13":"purchasable","14":"product-type-simple"},"_links":{"self":[{"href":"https:\/\/singuli.wpress.me\/index.php\/wp-json\/wp\/v2\/product\/32177","targetHints":{"allow":["GET"]}}],"collection":[{"href":"https:\/\/singuli.wpress.me\/index.php\/wp-json\/wp\/v2\/product"}],"about":[{"href":"https:\/\/singuli.wpress.me\/index.php\/wp-json\/wp\/v2\/types\/product"}],"version-history":[{"count":0,"href":"https:\/\/singuli.wpress.me\/index.php\/wp-json\/wp\/v2\/product\/32177\/revisions"}],"wp:featuredmedia":[{"embeddable":true,"href":"https:\/\/singuli.wpress.me\/index.php\/wp-json\/wp\/v2\/media\/32178"}],"wp:attachment":[{"href":"https:\/\/singuli.wpress.me\/index.php\/wp-json\/wp\/v2\/media?parent=32177"}],"wp:term":[{"taxonomy":"product_brand","embeddable":true,"href":"https:\/\/singuli.wpress.me\/index.php\/wp-json\/wp\/v2\/product_brand?post=32177"},{"taxonomy":"product_cat","embeddable":true,"href":"https:\/\/singuli.wpress.me\/index.php\/wp-json\/wp\/v2\/product_cat?post=32177"},{"taxonomy":"product_tag","embeddable":true,"href":"https:\/\/singuli.wpress.me\/index.php\/wp-json\/wp\/v2\/product_tag?post=32177"}],"curies":[{"name":"wp","href":"https:\/\/api.w.org\/{rel}","templated":true}]}}