{"id":32184,"date":"2026-04-17T00:39:59","date_gmt":"2026-04-17T00:39:59","guid":{"rendered":"https:\/\/singuli.wpress.me\/index.php\/proizvod\/erdut-grasevina-new-line-bijelo-vino-0-75-l\/"},"modified":"2026-04-20T12:33:07","modified_gmt":"2026-04-20T12:33:07","slug":"erdut-grasevina-new-line-bijelo-vino-0-75-l","status":"publish","type":"product","link":"https:\/\/singuli.wpress.me\/index.php\/proizvod\/erdut-grasevina-new-line-bijelo-vino-0-75-l\/","title":{"rendered":"ERDUT Gra\u0161evina New Line, bijelo vino, 0.75\u00a0l"},"content":{"rendered":"<p>Gra\u0161evina 2023 \u2013 proizvedeno od potpuno zrelog gro\u017e\u0111a iz vlastitog vinograda, ru\u010dno branog sredinom rujna, deset dana nakon redovne berbe. Fermentacija se odvija u kontroliranim uvjetima uz selekcionirane kvasce, nakon \u010dega vino odle\u017eava u podrumu \u0161est mjeseci, razvijaju\u0107i svoju punu aromatsku kompleksnost.<\/p>\n<p>Gra\u0161evina 2023. isti\u010de se nje\u017enom zeleno-\u017eutom bojom, dok u mirisu dominiraju citrusne note s nagovje\u0161tajem zelene jabuke i svje\u017eine. Okus je bogat, pun i harmoni\u010dan, s dugotrajnim zavr\u0161etkom. Mineralnost i dobra struktura dodatno nagla\u0161avaju njegovu svje\u017einu, a kremoznost omogu\u0107uje izvrsnu prilagodbu raznim gastronomskim kombinacijama. <\/p>\n<p>Vinska regija: Vinogorje Erdut, Hrvatsko Podunavlje, Hrvatska<br \/>\nSorta: 100% Gra\u0161evina<br \/>\nBerba: 2023.<br \/>\nKlasifikacija: Kvalitetno polusuho vino<\/p>\n<p>Alkohol: 13,0%<br \/>\nRok trajanja: Neograni\u010den<br \/>\nServiranje: Preporu\u010dena temperatura 10 &#8211; 12 \u00b0C<\/p>\n<p>Gastronomska preporuka<br \/>\nOvo vino savr\u0161eno se sla\u017ee s jelima srednje za\u010dinjenosti te laganim i srednje tvrdim sirevima. Zahvaljuju\u0107i svojoj svje\u017eini i uravnote\u017eenosti, idealno je i kao pratnja bijelom mesu, jelima od ribe te laganim tjesteninama.<\/p>\n","protected":false},"excerpt":{"rendered":"<p>Kvalitetno polusuho vino<br \/>\nHarmoni\u010dnog, bogatog i punog okusa koji traje<br \/>\nSadr\u017ei 13 % alkohola<\/p>\n","protected":false},"featured_media":32186,"template":"","meta":{"_seopress_robots_primary_cat":"","_seopress_titles_title":"","_seopress_titles_desc":"","_seopress_robots_index":"","iawp_total_views":0},"product_brand":[478],"product_cat":[298,261],"product_tag":[],"class_list":{"0":"post-32184","1":"product","2":"type-product","3":"status-publish","4":"has-post-thumbnail","6":"product_brand-erdut","7":"product_cat-alkoholna-pica-261","8":"product_cat-hrana-i-pice","10":"first","11":"instock","12":"shipping-taxable","13":"purchasable","14":"product-type-simple"},"_links":{"self":[{"href":"https:\/\/singuli.wpress.me\/index.php\/wp-json\/wp\/v2\/product\/32184","targetHints":{"allow":["GET"]}}],"collection":[{"href":"https:\/\/singuli.wpress.me\/index.php\/wp-json\/wp\/v2\/product"}],"about":[{"href":"https:\/\/singuli.wpress.me\/index.php\/wp-json\/wp\/v2\/types\/product"}],"version-history":[{"count":0,"href":"https:\/\/singuli.wpress.me\/index.php\/wp-json\/wp\/v2\/product\/32184\/revisions"}],"wp:featuredmedia":[{"embeddable":true,"href":"https:\/\/singuli.wpress.me\/index.php\/wp-json\/wp\/v2\/media\/32186"}],"wp:attachment":[{"href":"https:\/\/singuli.wpress.me\/index.php\/wp-json\/wp\/v2\/media?parent=32184"}],"wp:term":[{"taxonomy":"product_brand","embeddable":true,"href":"https:\/\/singuli.wpress.me\/index.php\/wp-json\/wp\/v2\/product_brand?post=32184"},{"taxonomy":"product_cat","embeddable":true,"href":"https:\/\/singuli.wpress.me\/index.php\/wp-json\/wp\/v2\/product_cat?post=32184"},{"taxonomy":"product_tag","embeddable":true,"href":"https:\/\/singuli.wpress.me\/index.php\/wp-json\/wp\/v2\/product_tag?post=32184"}],"curies":[{"name":"wp","href":"https:\/\/api.w.org\/{rel}","templated":true}]}}