{"id":32187,"date":"2026-04-17T00:40:00","date_gmt":"2026-04-17T00:40:00","guid":{"rendered":"https:\/\/singuli.wpress.me\/index.php\/proizvod\/erdut-rose-new-line-rose-vino-0-75-l\/"},"modified":"2026-04-20T12:33:07","modified_gmt":"2026-04-20T12:33:07","slug":"erdut-rose-new-line-rose-vino-0-75-l","status":"publish","type":"product","link":"https:\/\/singuli.wpress.me\/index.php\/proizvod\/erdut-rose-new-line-rose-vino-0-75-l\/","title":{"rendered":"ERDUT Rose New Line, rose vino, 0.75\u00a0l"},"content":{"rendered":"<p>Svje\u017ei i elegantni ros\u00e9 proizveden je od ranije branog gro\u017e\u0111a Cabernet Sauvignona, prije postizanja potpune tehnolo\u0161ke zrelosti. Prerada se odvija brzo i bez maceracije, \u010dime se posti\u017ee njegova karakteristi\u010dna svijetlo ru\u017ei\u010dasta boja i vo\u0107na aroma. Fermentacija u kontroliranim uvjetima uz selekcionirane kvasce osigurava o\u010duvanje svje\u017eine i izra\u017eenih vo\u0107nih nota, dok \u0161est mjeseci odle\u017eavanja u podrumu doprinosi zaokru\u017eenosti okusa.<\/p>\n<p>Miris je izra\u017eeno vo\u0107an, s dominantnim notama svje\u017eih jagoda i malina. Okus karakterizira lagana kiselost, vo\u0107nost i ugodna puno\u0107a, \u010dine\u0107i ga savr\u0161enim izborom za u\u017eivanje u toplim danima, bilo na terasi ili u prirodi.<\/p>\n<p>Vinska regija: Vinogorje Erdut, Hrvatsko Podunavlje, Hrvatska<br \/>\nSorta: 100% Cabernet Sauvignon<br \/>\nBerba: 2023.<br \/>\nKlasifikacija: Kvalitetno polusuho vino<\/p>\n<p>Alkohol: 12,0%<br \/>\nRok trajanja: Neograni\u010den<br \/>\nServiranje: Preporu\u010dena temperatura 10 &#8211; 12 \u00b0C<\/p>\n<p>Gastronomska preporuka<br \/>\nOdli\u010dno se sla\u017ee s lak\u0161im i manje za\u010dinjenim jelima, mekim sirevima, a zbog blagog ostatka \u0161e\u0107era izvrsno prati deserte i svje\u017ee vo\u0107e. Idealno je kao lagano osvje\u017eenje za ljetne trenutke.<\/p>\n","protected":false},"excerpt":{"rendered":"<p>Kvalitetno polusuho vino<br \/>\nMiris je izra\u017eeno vo\u0107an, s dominantnim notama svje\u017eih jagoda i malina<br \/>\nSadr\u017ei 12 % alkohola<\/p>\n","protected":false},"featured_media":32188,"template":"","meta":{"_seopress_robots_primary_cat":"","_seopress_titles_title":"","_seopress_titles_desc":"","_seopress_robots_index":"","iawp_total_views":0},"product_brand":[478],"product_cat":[298,261],"product_tag":[],"class_list":{"0":"post-32187","1":"product","2":"type-product","3":"status-publish","4":"has-post-thumbnail","6":"product_brand-erdut","7":"product_cat-alkoholna-pica-261","8":"product_cat-hrana-i-pice","10":"first","11":"instock","12":"shipping-taxable","13":"purchasable","14":"product-type-simple"},"_links":{"self":[{"href":"https:\/\/singuli.wpress.me\/index.php\/wp-json\/wp\/v2\/product\/32187","targetHints":{"allow":["GET"]}}],"collection":[{"href":"https:\/\/singuli.wpress.me\/index.php\/wp-json\/wp\/v2\/product"}],"about":[{"href":"https:\/\/singuli.wpress.me\/index.php\/wp-json\/wp\/v2\/types\/product"}],"version-history":[{"count":0,"href":"https:\/\/singuli.wpress.me\/index.php\/wp-json\/wp\/v2\/product\/32187\/revisions"}],"wp:featuredmedia":[{"embeddable":true,"href":"https:\/\/singuli.wpress.me\/index.php\/wp-json\/wp\/v2\/media\/32188"}],"wp:attachment":[{"href":"https:\/\/singuli.wpress.me\/index.php\/wp-json\/wp\/v2\/media?parent=32187"}],"wp:term":[{"taxonomy":"product_brand","embeddable":true,"href":"https:\/\/singuli.wpress.me\/index.php\/wp-json\/wp\/v2\/product_brand?post=32187"},{"taxonomy":"product_cat","embeddable":true,"href":"https:\/\/singuli.wpress.me\/index.php\/wp-json\/wp\/v2\/product_cat?post=32187"},{"taxonomy":"product_tag","embeddable":true,"href":"https:\/\/singuli.wpress.me\/index.php\/wp-json\/wp\/v2\/product_tag?post=32187"}],"curies":[{"name":"wp","href":"https:\/\/api.w.org\/{rel}","templated":true}]}}