{"id":32189,"date":"2026-04-17T00:40:02","date_gmt":"2026-04-17T00:40:02","guid":{"rendered":"https:\/\/singuli.wpress.me\/index.php\/proizvod\/paclan-gumene-rukavice-velicina-m\/"},"modified":"2026-04-20T12:33:07","modified_gmt":"2026-04-20T12:33:07","slug":"paclan-gumene-rukavice-velicina-m","status":"publish","type":"product","link":"https:\/\/singuli.wpress.me\/index.php\/proizvod\/paclan-gumene-rukavice-velicina-m\/","title":{"rendered":"PACLAN, gumene rukavice, veli\u010dina M"},"content":{"rendered":"<p>Gumene rukavice veli\u010dine M.<\/p>\n<p>Neke ku\u0107anske poslove zahtijevaju uporabu rukavica. Nudimo vam one koje \u0107e va\u0161e ruke za\u0161tititi, ne samo od kemijskih supstanci, ve\u0107 i od ru\u017enog mirisa gume ili lateksa.<\/p>\n<p>Na\u0161e rukavice imaju miris ananasa, \u0161to ih \u010dini ugodnijim za no\u0161enje.<\/p>\n","protected":false},"excerpt":{"rendered":"<p>Veli\u010dina M<br \/>\nDiskontinuirana \u0161ifra proizvoda: 1001002271<br \/>\nMiris ananasa<\/p>\n","protected":false},"featured_media":32190,"template":"","meta":{"_seopress_robots_primary_cat":"","_seopress_titles_title":"","_seopress_titles_desc":"","_seopress_robots_index":"","iawp_total_views":0},"product_brand":[474],"product_cat":[274,238],"product_tag":[],"class_list":{"0":"post-32189","1":"product","2":"type-product","3":"status-publish","4":"has-post-thumbnail","6":"product_brand-paclan","7":"product_cat-kucanski-pribor-238","8":"product_cat-sve-za-dom","10":"first","11":"instock","12":"shipping-taxable","13":"purchasable","14":"product-type-simple"},"_links":{"self":[{"href":"https:\/\/singuli.wpress.me\/index.php\/wp-json\/wp\/v2\/product\/32189","targetHints":{"allow":["GET"]}}],"collection":[{"href":"https:\/\/singuli.wpress.me\/index.php\/wp-json\/wp\/v2\/product"}],"about":[{"href":"https:\/\/singuli.wpress.me\/index.php\/wp-json\/wp\/v2\/types\/product"}],"version-history":[{"count":0,"href":"https:\/\/singuli.wpress.me\/index.php\/wp-json\/wp\/v2\/product\/32189\/revisions"}],"wp:featuredmedia":[{"embeddable":true,"href":"https:\/\/singuli.wpress.me\/index.php\/wp-json\/wp\/v2\/media\/32190"}],"wp:attachment":[{"href":"https:\/\/singuli.wpress.me\/index.php\/wp-json\/wp\/v2\/media?parent=32189"}],"wp:term":[{"taxonomy":"product_brand","embeddable":true,"href":"https:\/\/singuli.wpress.me\/index.php\/wp-json\/wp\/v2\/product_brand?post=32189"},{"taxonomy":"product_cat","embeddable":true,"href":"https:\/\/singuli.wpress.me\/index.php\/wp-json\/wp\/v2\/product_cat?post=32189"},{"taxonomy":"product_tag","embeddable":true,"href":"https:\/\/singuli.wpress.me\/index.php\/wp-json\/wp\/v2\/product_tag?post=32189"}],"curies":[{"name":"wp","href":"https:\/\/api.w.org\/{rel}","templated":true}]}}