{"id":32203,"date":"2026-04-17T00:40:08","date_gmt":"2026-04-17T00:40:08","guid":{"rendered":"https:\/\/singuli.wpress.me\/index.php\/proizvod\/ariel-set\/"},"modified":"2026-04-21T00:26:37","modified_gmt":"2026-04-21T00:26:37","slug":"ariel-set","status":"publish","type":"product","link":"https:\/\/singuli.wpress.me\/index.php\/proizvod\/ariel-set\/","title":{"rendered":"ARIEL, set"},"content":{"rendered":"<p>Ovaj <span style=\"font-weight: bold\">teku\u0107i deterd\u017eent za pranje rublja Ariel<\/span> ima formulu koja je posebno osmi\u0161ljena za brzo \u010di\u0161\u0107enje, uz djelovanje Turbo Clean. <br \/>\nZa najbolje rezultate \u010dep s deterd\u017eentom stavite izravno u bubanj perilice rublja. <br \/>\nIz ekolo\u0161kih razloga na neke boce ne stavljamo \u010dep s mjericom. Takav je \u010dep besplatno dostupan na internetskoj stranici ariel.info. <br \/>\nOmek\u0161iva\u010d rublja Lenor Spring Awakening pru\u017ea dugotrajnu svje\u017einu s aktivnom za\u0161titom od neugodnih mirisa. <br \/>\nUdahnite svje\u017e proljetni miris, inspiriran klasi\u010dnim \u010distim notama chypre i osvje\u017eavaju\u0107im bergamotom. Lenorov legendarni miris.<\/p>\n<p>Na\u010din primjene:<br \/>\nLenor: Dodajte Lenor pri posljednjem ciklusu ispiranja.<\/p>\n<p>Sigurnosna upozorenja:<br \/>\nAriel: Uzrokuje jako nadra\u017eivanje oka. <br \/>\n\u010cuvati izvan dohvata djece. <br \/>\nU SLU\u010cAJU DODIRA S O\u010cIMA: oprezno ispirati vodom nekoliko minuta. <br \/>\nAKO SE PROGUTA: u slu\u010daju zdravstvenih tegoba nazvati CENTAR ZA KONTROLU OTROVANJA\/lije\u010dnika. <br \/>\nSadr\u017ei Benzisothiazolinone, Isoeugenol. <br \/>\nMo\u017ee izazvati alergijsku reakciju. <\/p>\n<p>Lenor: Dr\u017eite podalje od djece. Dr\u017eite daleko od o\u010diju. <br \/>\nAko proizvod do\u0111e u o\u010di, isperite o\u010di obilato vodom. <br \/>\nTeku\u0107i omek\u0161iva\u010di mogu pove\u0107ati zapaljivost tkanina, pogotovo ako se koriste u dozi ve\u0107oj od preporu\u010dene. <br \/>\nNemojte koristiti ovaj proizvod: <br \/>\n                 &#8211; za dje\u010dje pid\u017eame ili odje\u0107u koja je otporna na vatru jer mo\u017eete smanjiti razinu otpornosti. <br \/>\n                 &#8211; za odje\u0107u od mekanih \u010dupavih materijala, kao \u0161to su flis, pli\u0161, frotir, \u0161enil i sl.<\/p>\n","protected":false},"excerpt":{"rendered":"<p>U setu dolazi teku\u0107i deterd\u017eent Color i Lenor Spring Awakening omek\u0161iva\u010d<br \/>\n3 puta dugotrajnija svje\u017eina<br \/>\nDodatna snaga uklanjanja mrlja<\/p>\n","protected":false},"featured_media":32204,"template":"","meta":{"_seopress_robots_primary_cat":"","_seopress_titles_title":"","_seopress_titles_desc":"","_seopress_robots_index":"","iawp_total_views":0},"product_brand":[427],"product_cat":[283,238],"product_tag":[],"class_list":{"0":"post-32203","1":"product","2":"type-product","3":"status-publish","4":"has-post-thumbnail","6":"product_brand-ariel","7":"product_cat-pranje-rublja-238","8":"product_cat-sve-za-dom","10":"first","11":"outofstock","12":"shipping-taxable","13":"purchasable","14":"product-type-simple"},"_links":{"self":[{"href":"https:\/\/singuli.wpress.me\/index.php\/wp-json\/wp\/v2\/product\/32203","targetHints":{"allow":["GET"]}}],"collection":[{"href":"https:\/\/singuli.wpress.me\/index.php\/wp-json\/wp\/v2\/product"}],"about":[{"href":"https:\/\/singuli.wpress.me\/index.php\/wp-json\/wp\/v2\/types\/product"}],"version-history":[{"count":0,"href":"https:\/\/singuli.wpress.me\/index.php\/wp-json\/wp\/v2\/product\/32203\/revisions"}],"wp:featuredmedia":[{"embeddable":true,"href":"https:\/\/singuli.wpress.me\/index.php\/wp-json\/wp\/v2\/media\/32204"}],"wp:attachment":[{"href":"https:\/\/singuli.wpress.me\/index.php\/wp-json\/wp\/v2\/media?parent=32203"}],"wp:term":[{"taxonomy":"product_brand","embeddable":true,"href":"https:\/\/singuli.wpress.me\/index.php\/wp-json\/wp\/v2\/product_brand?post=32203"},{"taxonomy":"product_cat","embeddable":true,"href":"https:\/\/singuli.wpress.me\/index.php\/wp-json\/wp\/v2\/product_cat?post=32203"},{"taxonomy":"product_tag","embeddable":true,"href":"https:\/\/singuli.wpress.me\/index.php\/wp-json\/wp\/v2\/product_tag?post=32203"}],"curies":[{"name":"wp","href":"https:\/\/api.w.org\/{rel}","templated":true}]}}