{"id":32205,"date":"2026-04-17T00:40:09","date_gmt":"2026-04-17T00:40:09","guid":{"rendered":"https:\/\/singuli.wpress.me\/index.php\/proizvod\/ariel-set-2\/"},"modified":"2026-04-20T12:33:07","modified_gmt":"2026-04-20T12:33:07","slug":"ariel-set-2","status":"publish","type":"product","link":"https:\/\/singuli.wpress.me\/index.php\/proizvod\/ariel-set-2\/","title":{"rendered":"ARIEL, set"},"content":{"rendered":"<p>Ovaj <span style=\"font-weight: bold\">teku\u0107i deterd\u017eent za pranje rublja Ariel<\/span> ima formulu koja je posebno osmi\u0161ljena za brzo \u010di\u0161\u0107enje, uz djelovanje Turbo Clean. Za najbolje rezultate \u010dep s deterd\u017eentom stavite izravno u bubanj perilice rublja. <br \/>\nIz ekolo\u0161kih razloga na neke boce ne stavljamo \u010dep s mjericom. Takav je \u010dep besplatno dostupan na internetskoj stranici ariel.info. <br \/>\nNahranite du\u0161u. Skupocjeni akordi orhideje izvrsno se stapaju s gurmanskim notama vanilije uz dodatne senzualne note ambre.<\/p>\n<p>Na\u010din primjene:<br \/>\nLenor: Dodajte Lenor pri posljednjem ciklusu ispiranja.<\/p>\n","protected":false},"excerpt":{"rendered":"<p>U setu dolazi teku\u0107i deterd\u017eent Extra Clean i omek\u0161iva\u010d Lenor Orchid &amp; Vanilla<br \/>\n3 puta dugotrajnija svje\u017eina<br \/>\nDodatna snaga uklanjanja mrlja<\/p>\n","protected":false},"featured_media":32206,"template":"","meta":{"_seopress_robots_primary_cat":"","_seopress_titles_title":"","_seopress_titles_desc":"","_seopress_robots_index":"","iawp_total_views":0},"product_brand":[427],"product_cat":[283,238],"product_tag":[],"class_list":{"0":"post-32205","1":"product","2":"type-product","3":"status-publish","4":"has-post-thumbnail","6":"product_brand-ariel","7":"product_cat-pranje-rublja-238","8":"product_cat-sve-za-dom","10":"first","11":"outofstock","12":"shipping-taxable","13":"purchasable","14":"product-type-simple"},"_links":{"self":[{"href":"https:\/\/singuli.wpress.me\/index.php\/wp-json\/wp\/v2\/product\/32205","targetHints":{"allow":["GET"]}}],"collection":[{"href":"https:\/\/singuli.wpress.me\/index.php\/wp-json\/wp\/v2\/product"}],"about":[{"href":"https:\/\/singuli.wpress.me\/index.php\/wp-json\/wp\/v2\/types\/product"}],"version-history":[{"count":0,"href":"https:\/\/singuli.wpress.me\/index.php\/wp-json\/wp\/v2\/product\/32205\/revisions"}],"wp:featuredmedia":[{"embeddable":true,"href":"https:\/\/singuli.wpress.me\/index.php\/wp-json\/wp\/v2\/media\/32206"}],"wp:attachment":[{"href":"https:\/\/singuli.wpress.me\/index.php\/wp-json\/wp\/v2\/media?parent=32205"}],"wp:term":[{"taxonomy":"product_brand","embeddable":true,"href":"https:\/\/singuli.wpress.me\/index.php\/wp-json\/wp\/v2\/product_brand?post=32205"},{"taxonomy":"product_cat","embeddable":true,"href":"https:\/\/singuli.wpress.me\/index.php\/wp-json\/wp\/v2\/product_cat?post=32205"},{"taxonomy":"product_tag","embeddable":true,"href":"https:\/\/singuli.wpress.me\/index.php\/wp-json\/wp\/v2\/product_tag?post=32205"}],"curies":[{"name":"wp","href":"https:\/\/api.w.org\/{rel}","templated":true}]}}