{"id":32207,"date":"2026-04-17T00:40:11","date_gmt":"2026-04-17T00:40:11","guid":{"rendered":"https:\/\/singuli.wpress.me\/index.php\/proizvod\/gillette-fusion-gel-za-brijanje-75-ml\/"},"modified":"2026-04-20T12:33:07","modified_gmt":"2026-04-20T12:33:07","slug":"gillette-fusion-gel-za-brijanje-75-ml","status":"publish","type":"product","link":"https:\/\/singuli.wpress.me\/index.php\/proizvod\/gillette-fusion-gel-za-brijanje-75-ml\/","title":{"rendered":"GILLETTE Fusion, gel za brijanje, 75\u00a0ml"},"content":{"rendered":"<p>Gel za brijanje za osjetljivu ko\u017eu Gillette Fusion s bademovim uljem poma\u017ee vam da se precizno i glatko obrijete, kako biste dobili \u017eeljeni izgled. Njegova formula \u010disti, \u0161titi, hidratizira, umiruje i osvje\u017eava. To je 5x djelovanje za vrhunske rezultate tijekom i nakon brijanja. Gel za brijanje Fusion dermatolo\u0161ki je testiran za osjetljivu ko\u017eu te je osmi\u0161ljen kako bi pomogao sprije\u010diti iritaciju zahvaljuju\u0107i naprednoj za\u0161titi od peckanja uzrokovanog brijanjem. Njegova formula oboga\u0107ena polimerima omogu\u0107uje lagano klizanje brija\u010da kako biste se mogli usredoto\u010diti na postizanje \u017eeljenog izgleda bez brige o posjekotinama ili peckanju ko\u017ee nakon brijanja. Neka gel za brijanje Fusion postane dio va\u0161eg rituala \u2013 i poka\u017eite svijetu svoje najbolje lice.<\/p>\n","protected":false},"excerpt":{"rendered":"<p>Linija Gillette Fusion \u010disti, hidratizira, \u0161titi, osvje\u017eava i umiruje ko\u017eu tijekom brijanja<br \/>\nNapredna za\u0161tita od peckanja uzrokovanog brijanjem<br \/>\nDermatolo\u0161ki testirano kako bi pomogla za\u0161tititi osjetljivu ko\u017eu od iritacija uzrokovanih brijanjem<\/p>\n","protected":false},"featured_media":32208,"template":"","meta":{"_seopress_robots_primary_cat":"","_seopress_titles_title":"","_seopress_titles_desc":"","_seopress_robots_index":"","iawp_total_views":0},"product_brand":[323],"product_cat":[268,278],"product_tag":[],"class_list":{"0":"post-32207","1":"product","2":"type-product","3":"status-publish","4":"has-post-thumbnail","6":"product_brand-gillette","7":"product_cat-kozmetika-2","8":"product_cat-njega-tijela-268","10":"first","11":"instock","12":"shipping-taxable","13":"purchasable","14":"product-type-simple"},"_links":{"self":[{"href":"https:\/\/singuli.wpress.me\/index.php\/wp-json\/wp\/v2\/product\/32207","targetHints":{"allow":["GET"]}}],"collection":[{"href":"https:\/\/singuli.wpress.me\/index.php\/wp-json\/wp\/v2\/product"}],"about":[{"href":"https:\/\/singuli.wpress.me\/index.php\/wp-json\/wp\/v2\/types\/product"}],"version-history":[{"count":0,"href":"https:\/\/singuli.wpress.me\/index.php\/wp-json\/wp\/v2\/product\/32207\/revisions"}],"wp:featuredmedia":[{"embeddable":true,"href":"https:\/\/singuli.wpress.me\/index.php\/wp-json\/wp\/v2\/media\/32208"}],"wp:attachment":[{"href":"https:\/\/singuli.wpress.me\/index.php\/wp-json\/wp\/v2\/media?parent=32207"}],"wp:term":[{"taxonomy":"product_brand","embeddable":true,"href":"https:\/\/singuli.wpress.me\/index.php\/wp-json\/wp\/v2\/product_brand?post=32207"},{"taxonomy":"product_cat","embeddable":true,"href":"https:\/\/singuli.wpress.me\/index.php\/wp-json\/wp\/v2\/product_cat?post=32207"},{"taxonomy":"product_tag","embeddable":true,"href":"https:\/\/singuli.wpress.me\/index.php\/wp-json\/wp\/v2\/product_tag?post=32207"}],"curies":[{"name":"wp","href":"https:\/\/api.w.org\/{rel}","templated":true}]}}