{"id":32210,"date":"2026-04-17T00:40:12","date_gmt":"2026-04-17T00:40:12","guid":{"rendered":"https:\/\/singuli.wpress.me\/index.php\/proizvod\/borotalco-invisible-deo-roll-on-50-ml\/"},"modified":"2026-04-20T12:33:07","modified_gmt":"2026-04-20T12:33:07","slug":"borotalco-invisible-deo-roll-on-50-ml","status":"publish","type":"product","link":"https:\/\/singuli.wpress.me\/index.php\/proizvod\/borotalco-invisible-deo-roll-on-50-ml\/","title":{"rendered":"BOROTALCO Invisible, deo roll-on, 50\u00a0ml"},"content":{"rendered":"<p>Borotalco Invisible deo roll-on osmi\u0161ljen je kako bi pru\u017eio ugodnu za\u0161titu od znojenja i neugodnih mirisa. Napredna formula spreja sadr\u017ei mikrotalk koji \u0161titi va\u0161e tijelo od neugodnog znojenja te ko\u017eu ostavlja suhom i njegovanom. Borotalco Invisible deo roll-on ne ostavlja tragove na odje\u0107i te je pouzdana za\u0161tita u svakom trenutku. \u017delite li ugodan i svje\u017e miris tijekom svih svojih dnevnih aktivnosti, Borotalco deo roll-on Invisible odli\u010dno je rje\u0161enje.<\/p>\n","protected":false},"excerpt":{"rendered":"<p>Pru\u017ea pouzdanu za\u0161titu od neugodnog znojenja<br \/>\nKo\u017eu ostavlja suhom i njegovanom\u200b<br \/>\nNe ostavlja tragove na odje\u0107i\u200b<\/p>\n","protected":false},"featured_media":32211,"template":"","meta":{"_seopress_robots_primary_cat":"","_seopress_titles_title":"","_seopress_titles_desc":"","_seopress_robots_index":"","iawp_total_views":0},"product_brand":[484],"product_cat":[285,268],"product_tag":[],"class_list":{"0":"post-32210","1":"product","2":"type-product","3":"status-publish","4":"has-post-thumbnail","6":"product_brand-borotalco","7":"product_cat-dezodoransi-268","8":"product_cat-kozmetika-2","10":"first","11":"outofstock","12":"shipping-taxable","13":"purchasable","14":"product-type-simple"},"_links":{"self":[{"href":"https:\/\/singuli.wpress.me\/index.php\/wp-json\/wp\/v2\/product\/32210","targetHints":{"allow":["GET"]}}],"collection":[{"href":"https:\/\/singuli.wpress.me\/index.php\/wp-json\/wp\/v2\/product"}],"about":[{"href":"https:\/\/singuli.wpress.me\/index.php\/wp-json\/wp\/v2\/types\/product"}],"version-history":[{"count":0,"href":"https:\/\/singuli.wpress.me\/index.php\/wp-json\/wp\/v2\/product\/32210\/revisions"}],"wp:featuredmedia":[{"embeddable":true,"href":"https:\/\/singuli.wpress.me\/index.php\/wp-json\/wp\/v2\/media\/32211"}],"wp:attachment":[{"href":"https:\/\/singuli.wpress.me\/index.php\/wp-json\/wp\/v2\/media?parent=32210"}],"wp:term":[{"taxonomy":"product_brand","embeddable":true,"href":"https:\/\/singuli.wpress.me\/index.php\/wp-json\/wp\/v2\/product_brand?post=32210"},{"taxonomy":"product_cat","embeddable":true,"href":"https:\/\/singuli.wpress.me\/index.php\/wp-json\/wp\/v2\/product_cat?post=32210"},{"taxonomy":"product_tag","embeddable":true,"href":"https:\/\/singuli.wpress.me\/index.php\/wp-json\/wp\/v2\/product_tag?post=32210"}],"curies":[{"name":"wp","href":"https:\/\/api.w.org\/{rel}","templated":true}]}}